{"id":13671,"date":"2024-01-22T05:36:15","date_gmt":"2024-01-22T04:36:15","guid":{"rendered":"https:\/\/www.micromic.com\/?page_id=13671"},"modified":"2025-01-20T16:07:27","modified_gmt":"2025-01-20T15:07:27","slug":"servizi","status":"publish","type":"page","link":"https:\/\/www.micromic.com\/de\/servizi\/","title":{"rendered":"Dienstleistungen"},"content":{"rendered":"<div data-elementor-type=\"wp-page\" data-elementor-id=\"13671\" class=\"elementor elementor-13671\">\n\t\t\t\t\t\t<section class=\"elementor-section elementor-top-section elementor-element elementor-element-a4958ce elementor-section-content-middle elementor-hidden-tablet elementor-hidden-mobile elementor-section-boxed elementor-section-height-default elementor-section-height-default\" data-id=\"a4958ce\" data-element_type=\"section\" data-e-type=\"section\" data-settings=\"{&quot;background_background&quot;:&quot;classic&quot;}\" data-no-translation=\"\">\r\n\t\t\t\t\t\t\t\t<div class=\"elementor-container container-fluid elementor-column-gap-default\">\r\n\t\t\t\t\r\n\t\t\t\t\t\t\t\t<div class=\"elementor-column elementor-col-100 elementor-top-column elementor-element elementor-element-06910b7\" data-id=\"06910b7\" data-element_type=\"column\" data-e-type=\"column\">\r\n\r\n\t\t\t\t\r\n\t\t\t\t<div class=\"elementor-widget-wrap elementor-element-populated\">\r\n\t\t\t\t\t\t\t\t\t\t\r\n\t\t\t\t\t\t<div class=\"elementor-element elementor-element-2b1eef1 elementor-widget elementor-widget-heading\" data-id=\"2b1eef1\" data-element_type=\"widget\" data-e-type=\"widget\" data-widget_type=\"heading.default\">\n\t\t\t\t<div class=\"elementor-widget-container\">\n\t\t\t\t\t<h3 class=\"elementor-heading-title elementor-size-default\">since<\/h3>\t\t\t\t<\/div>\n\t\t\t\t<\/div>\n\t\t\t\t<div class=\"elementor-element elementor-element-ee238b8 elementor-widget elementor-widget-spacer\" data-id=\"ee238b8\" data-element_type=\"widget\" data-e-type=\"widget\" data-widget_type=\"spacer.default\">\n\t\t\t\t<div class=\"elementor-widget-container\">\n\t\t\t\t\t\t\t<div class=\"elementor-spacer\">\n\t\t\t<div class=\"elementor-spacer-inner\"><\/div>\n\t\t<\/div>\n\t\t\t\t\t\t<\/div>\n\t\t\t\t<\/div>\n\t\t\t\t<div class=\"elementor-element elementor-element-3b347bf elementor-hidden-tablet micromic_servizi_uno elementor-widget elementor-widget-text-editor\" data-id=\"3b347bf\" data-element_type=\"widget\" data-e-type=\"widget\" data-widget_type=\"text-editor.default\">\n\t\t\t\t<div class=\"elementor-widget-container\">\n\t\t\t\t\t\t\t\t\tIhr Bed\u00fcrfnis, unser  <span style=\"color: #bed62f;\">Ziel<\/span>&#8230;\t\t\t\t\t\t\t\t<\/div>\n\t\t\t\t<\/div>\n\t\t\t\t<div class=\"elementor-element elementor-element-aec06ef elementor-widget elementor-widget-text-editor\" data-id=\"aec06ef\" data-element_type=\"widget\" data-e-type=\"widget\" data-widget_type=\"text-editor.default\">\n\t\t\t\t<div class=\"elementor-widget-container\">\n\t\t\t\t\t\t\t\t\t<p>Wir haben eine Reihe von ad-hoc-Dienstleistungen f\u00fcr Ihre Bed\u00fcrfnisse entwickelt<\/p>\t\t\t\t\t\t\t\t<\/div>\n\t\t\t\t<\/div>\n\t\t\t\t<div class=\"elementor-element elementor-element-310b6d4 elementor-widget elementor-widget-spacer\" data-id=\"310b6d4\" data-element_type=\"widget\" data-e-type=\"widget\" data-widget_type=\"spacer.default\">\n\t\t\t\t<div class=\"elementor-widget-container\">\n\t\t\t\t\t\t\t<div class=\"elementor-spacer\">\n\t\t\t<div class=\"elementor-spacer-inner\"><\/div>\n\t\t<\/div>\n\t\t\t\t\t\t<\/div>\n\t\t\t\t<\/div>\n\t\t\t\t\t\t<\/div>\r\n\t\t\t\t<\/div>\r\n\t\t\t\t\t\t\t\t<\/div>\r\n\t\t\t<\/section>\r\n\t\t\t\t\t<section class=\"elementor-section elementor-top-section elementor-element elementor-element-7d1ce59 elementor-section-content-middle elementor-section-full_width elementor-hidden-desktop elementor-hidden-laptop elementor-hidden-tablet_extra elementor-section-height-default elementor-section-height-default\" data-id=\"7d1ce59\" data-element_type=\"section\" data-e-type=\"section\" data-no-translation=\"\">\r\n\t\t\t\t\t\t\t\t<div class=\"elementor-container elementor-column-gap-no\">\r\n\t\t\t\t\r\n\t\t\t\t\t\t\t\t<div class=\"elementor-column elementor-col-100 elementor-top-column elementor-element elementor-element-f124ad2\" data-id=\"f124ad2\" data-element_type=\"column\" data-e-type=\"column\">\r\n\r\n\t\t\t\t\r\n\t\t\t\t<div class=\"elementor-widget-wrap elementor-element-populated\">\r\n\t\t\t\t\t\t\t\t\t\t\r\n\t\t\t\t\t\t<div class=\"elementor-element elementor-element-53ba41b elementor-widget elementor-widget-image\" data-id=\"53ba41b\" data-element_type=\"widget\" data-e-type=\"widget\" data-widget_type=\"image.default\">\n\t\t\t\t<div class=\"elementor-widget-container\">\n\t\t\t\t\t\t\t\t\t\t\t\t\t\t\t<img loading=\"lazy\" decoding=\"async\" width=\"1024\" height=\"323\" src=\"https:\/\/www.micromic.com\/wp-content\/uploads\/2024\/03\/BANNER_MANI-1024x323.png\" class=\"attachment-large size-large wp-image-14916\" alt=\"\" srcset=\"https:\/\/www.micromic.com\/wp-content\/uploads\/2024\/03\/BANNER_MANI-1024x323.png 1024w, https:\/\/www.micromic.com\/wp-content\/uploads\/2024\/03\/BANNER_MANI-768x243.png 768w, https:\/\/www.micromic.com\/wp-content\/uploads\/2024\/03\/BANNER_MANI-600x189.png 600w\" sizes=\"auto, (max-width: 1024px) 100vw, 1024px\" \/>\t\t\t\t\t\t\t\t\t\t\t\t\t\t\t<\/div>\n\t\t\t\t<\/div>\n\t\t\t\t<div class=\"elementor-element elementor-element-2dfd811 elementor-widget elementor-widget-spacer\" data-id=\"2dfd811\" data-element_type=\"widget\" data-e-type=\"widget\" data-widget_type=\"spacer.default\">\n\t\t\t\t<div class=\"elementor-widget-container\">\n\t\t\t\t\t\t\t<div class=\"elementor-spacer\">\n\t\t\t<div class=\"elementor-spacer-inner\"><\/div>\n\t\t<\/div>\n\t\t\t\t\t\t<\/div>\n\t\t\t\t<\/div>\n\t\t\t\t<div class=\"elementor-element elementor-element-7ee21e0 elementor-widget-mobile__width-initial micromic_servizi_uno elementor-widget elementor-widget-text-editor\" data-id=\"7ee21e0\" data-element_type=\"widget\" data-e-type=\"widget\" data-widget_type=\"text-editor.default\">\n\t\t\t\t<div class=\"elementor-widget-container\">\n\t\t\t\t\t\t\t\t\tIhr Bed\u00fcrfnis, unser <span style=\"color: #bed62f;\">Ziel<\/span>!\t\t\t\t\t\t\t\t<\/div>\n\t\t\t\t<\/div>\n\t\t\t\t<div class=\"elementor-element elementor-element-a02acbe elementor-widget-mobile__width-initial elementor-widget elementor-widget-text-editor\" data-id=\"a02acbe\" data-element_type=\"widget\" data-e-type=\"widget\" data-widget_type=\"text-editor.default\">\n\t\t\t\t<div class=\"elementor-widget-container\">\n\t\t\t\t\t\t\t\t\t<p>Wir haben eine Reihe von ad-hoc-Dienstleistungen f\u00fcr Ihre Bed\u00fcrfnisse entwickelt&#8230;<\/p>\t\t\t\t\t\t\t\t<\/div>\n\t\t\t\t<\/div>\n\t\t\t\t<div class=\"elementor-element elementor-element-2b0815e elementor-widget elementor-widget-spacer\" data-id=\"2b0815e\" data-element_type=\"widget\" data-e-type=\"widget\" data-widget_type=\"spacer.default\">\n\t\t\t\t<div class=\"elementor-widget-container\">\n\t\t\t\t\t\t\t<div class=\"elementor-spacer\">\n\t\t\t<div class=\"elementor-spacer-inner\"><\/div>\n\t\t<\/div>\n\t\t\t\t\t\t<\/div>\n\t\t\t\t<\/div>\n\t\t\t\t\t\t<\/div>\r\n\t\t\t\t<\/div>\r\n\t\t\t\t\t\t\t\t<\/div>\r\n\t\t\t<\/section>\r\n\t\t\t\t\t<section class=\"elementor-section elementor-top-section elementor-element elementor-element-177e7f2 elementor-section-content-middle elementor-section-boxed elementor-section-height-default elementor-section-height-default\" data-id=\"177e7f2\" data-element_type=\"section\" data-e-type=\"section\" data-no-translation=\"\">\r\n\t\t\t\t\t\t\t\t<div class=\"elementor-container container-fluid elementor-column-gap-default\">\r\n\t\t\t\t\r\n\t\t\t\t\t\t\t\t<div class=\"elementor-column elementor-col-50 elementor-top-column elementor-element elementor-element-34bba2f\" data-id=\"34bba2f\" data-element_type=\"column\" data-e-type=\"column\">\r\n\r\n\t\t\t\t\r\n\t\t\t\t<div class=\"elementor-widget-wrap elementor-element-populated\">\r\n\t\t\t\t\t\t\t\t\t\t\r\n\t\t\t\t\t\t<div class=\"elementor-element elementor-element-da9e69f elementor-widget elementor-widget-image\" data-id=\"da9e69f\" data-element_type=\"widget\" data-e-type=\"widget\" data-widget_type=\"image.default\">\n\t\t\t\t<div class=\"elementor-widget-container\">\n\t\t\t\t\t\t\t\t\t\t\t\t\t\t\t<img decoding=\"async\" src=\"https:\/\/www.micromic.com\/wp-content\/uploads\/elementor\/thumbs\/ICONE_SITO_4-1-ql3lk4zxpmf82w027njdj6defxxixmiy8j6ypg6zso.png\" title=\"ICONE_SITO_4\" alt=\"ICONE_SITO_4\" loading=\"lazy\" \/>\t\t\t\t\t\t\t\t\t\t\t\t\t\t\t<\/div>\n\t\t\t\t<\/div>\n\t\t\t\t\t\t<\/div>\r\n\t\t\t\t<\/div>\r\n\t\t\t\t\t\t\t\t\t<div class=\"elementor-column elementor-col-50 elementor-top-column elementor-element elementor-element-8dc404c\" data-id=\"8dc404c\" data-element_type=\"column\" data-e-type=\"column\">\r\n\r\n\t\t\t\t\r\n\t\t\t\t<div class=\"elementor-widget-wrap elementor-element-populated\">\r\n\t\t\t\t\t\t\t\t\t\t\r\n\t\t\t\t\t\t<div class=\"elementor-element elementor-element-b7aa35c elementor-widget elementor-widget-heading\" data-id=\"b7aa35c\" data-element_type=\"widget\" data-e-type=\"widget\" data-widget_type=\"heading.default\">\n\t\t\t\t<div class=\"elementor-widget-container\">\n\t\t\t\t\t<h2 class=\"elementor-heading-title elementor-size-default\">PERSONALISIERUNGEN<\/h2>\t\t\t\t<\/div>\n\t\t\t\t<\/div>\n\t\t\t\t<div class=\"elementor-element elementor-element-3af4260 elementor-widget elementor-widget-spacer\" data-id=\"3af4260\" data-element_type=\"widget\" data-e-type=\"widget\" data-widget_type=\"spacer.default\">\n\t\t\t\t<div class=\"elementor-widget-container\">\n\t\t\t\t\t\t\t<div class=\"elementor-spacer\">\n\t\t\t<div class=\"elementor-spacer-inner\"><\/div>\n\t\t<\/div>\n\t\t\t\t\t\t<\/div>\n\t\t\t\t<\/div>\n\t\t\t\t<div class=\"elementor-element elementor-element-c613309 elementor-widget elementor-widget-text-editor\" data-id=\"c613309\" data-element_type=\"widget\" data-e-type=\"widget\" data-widget_type=\"text-editor.default\">\n\t\t\t\t<div class=\"elementor-widget-container\">\n\t\t\t\t\t\t\t\t\t<p>Ben\u00f6tigen sie eine individuelle verpackung oder ein etikett mit ihrem logo?<\/p>\t\t\t\t\t\t\t\t<\/div>\n\t\t\t\t<\/div>\n\t\t\t\t<div class=\"elementor-element elementor-element-d997944 elementor-widget elementor-widget-text-editor\" data-id=\"d997944\" data-element_type=\"widget\" data-e-type=\"widget\" data-widget_type=\"text-editor.default\">\n\t\t\t\t<div class=\"elementor-widget-container\">\n\t\t\t\t\t\t\t\t\t<p>Dieser Dienst erm\u00f6glicht es Ihnen, Ersatzteilverpackungen vom Etikett bis zur Verpackung individuell zu gestalten.<\/p>\t\t\t\t\t\t\t\t<\/div>\n\t\t\t\t<\/div>\n\t\t\t\t\t\t<\/div>\r\n\t\t\t\t<\/div>\r\n\t\t\t\t\t\t\t\t<\/div>\r\n\t\t\t<\/section>\r\n\t\t\t\t\t<section class=\"elementor-section elementor-top-section elementor-element elementor-element-44a1ced elementor-section-content-middle elementor-reverse-mobile elementor-reverse-tablet elementor-section-boxed elementor-section-height-default elementor-section-height-default\" data-id=\"44a1ced\" data-element_type=\"section\" data-e-type=\"section\" data-no-translation=\"\">\r\n\t\t\t\t\t\t\t\t<div class=\"elementor-container container-fluid elementor-column-gap-default\">\r\n\t\t\t\t\r\n\t\t\t\t\t\t\t\t<div class=\"elementor-column elementor-col-50 elementor-top-column elementor-element elementor-element-c26dfae\" data-id=\"c26dfae\" data-element_type=\"column\" data-e-type=\"column\">\r\n\r\n\t\t\t\t\r\n\t\t\t\t<div class=\"elementor-widget-wrap elementor-element-populated\">\r\n\t\t\t\t\t\t\t\t\t\t\r\n\t\t\t\t\t\t<div class=\"elementor-element elementor-element-9e097a3 micromic_servizi_due elementor-widget elementor-widget-heading\" data-id=\"9e097a3\" data-element_type=\"widget\" data-e-type=\"widget\" data-widget_type=\"heading.default\">\n\t\t\t\t<div class=\"elementor-widget-container\">\n\t\t\t\t\t<h2 class=\"elementor-heading-title elementor-size-default\">ON-DEMAND-F&amp;E<\/h2>\t\t\t\t<\/div>\n\t\t\t\t<\/div>\n\t\t\t\t<div class=\"elementor-element elementor-element-2b016ce elementor-widget elementor-widget-spacer\" data-id=\"2b016ce\" data-element_type=\"widget\" data-e-type=\"widget\" data-widget_type=\"spacer.default\">\n\t\t\t\t<div class=\"elementor-widget-container\">\n\t\t\t\t\t\t\t<div class=\"elementor-spacer\">\n\t\t\t<div class=\"elementor-spacer-inner\"><\/div>\n\t\t<\/div>\n\t\t\t\t\t\t<\/div>\n\t\t\t\t<\/div>\n\t\t\t\t<div class=\"elementor-element elementor-element-de583ad elementor-widget elementor-widget-text-editor\" data-id=\"de583ad\" data-element_type=\"widget\" data-e-type=\"widget\" data-widget_type=\"text-editor.default\">\n\t\t\t\t<div class=\"elementor-widget-container\">\n\t\t\t\t\t\t\t\t\t<p>Sie m\u00fcssen ein ad-hoc-produkt f\u00fcr ihr unternehmen entwickeln?<\/p>\t\t\t\t\t\t\t\t<\/div>\n\t\t\t\t<\/div>\n\t\t\t\t<div class=\"elementor-element elementor-element-306c378 elementor-widget elementor-widget-text-editor\" data-id=\"306c378\" data-element_type=\"widget\" data-e-type=\"widget\" data-widget_type=\"text-editor.default\">\n\t\t\t\t<div class=\"elementor-widget-container\">\n\t\t\t\t\t\t\t\t\t<p>Unsere Forschungs- und Entwicklungsabteilung ist hier, um Ihnen dabei zu helfen.<\/p>\t\t\t\t\t\t\t\t<\/div>\n\t\t\t\t<\/div>\n\t\t\t\t\t\t<\/div>\r\n\t\t\t\t<\/div>\r\n\t\t\t\t\t\t\t\t\t<div class=\"elementor-column elementor-col-50 elementor-top-column elementor-element elementor-element-3979c3a\" data-id=\"3979c3a\" data-element_type=\"column\" data-e-type=\"column\">\r\n\r\n\t\t\t\t\r\n\t\t\t\t<div class=\"elementor-widget-wrap elementor-element-populated\">\r\n\t\t\t\t\t\t\t\t\t\t\r\n\t\t\t\t\t\t<div class=\"elementor-element elementor-element-e61a832 elementor-widget elementor-widget-image\" data-id=\"e61a832\" data-element_type=\"widget\" data-e-type=\"widget\" data-widget_type=\"image.default\">\n\t\t\t\t<div class=\"elementor-widget-container\">\n\t\t\t\t\t\t\t\t\t\t\t\t\t\t\t<img decoding=\"async\" src=\"https:\/\/www.micromic.com\/wp-content\/uploads\/elementor\/thumbs\/ICONE_SITO_5-1-ql3lsd33ifojo21z6piuulnlkbe5aa6ed8owvlzzco.png\" title=\"ICONE_SITO_5\" alt=\"ICONE_SITO_5\" loading=\"lazy\" \/>\t\t\t\t\t\t\t\t\t\t\t\t\t\t\t<\/div>\n\t\t\t\t<\/div>\n\t\t\t\t\t\t<\/div>\r\n\t\t\t\t<\/div>\r\n\t\t\t\t\t\t\t\t<\/div>\r\n\t\t\t<\/section>\r\n\t\t\t\t\t<section class=\"elementor-section elementor-top-section elementor-element elementor-element-368f07f elementor-section-content-middle elementor-section-boxed elementor-section-height-default elementor-section-height-default\" data-id=\"368f07f\" data-element_type=\"section\" data-e-type=\"section\" data-no-translation=\"\">\r\n\t\t\t\t\t\t\t\t<div class=\"elementor-container container-fluid elementor-column-gap-default\">\r\n\t\t\t\t\r\n\t\t\t\t\t\t\t\t<div class=\"elementor-column elementor-col-50 elementor-top-column elementor-element elementor-element-f7414b4\" data-id=\"f7414b4\" data-element_type=\"column\" data-e-type=\"column\">\r\n\r\n\t\t\t\t\r\n\t\t\t\t<div class=\"elementor-widget-wrap elementor-element-populated\">\r\n\t\t\t\t\t\t\t\t\t\t\r\n\t\t\t\t\t\t<div class=\"elementor-element elementor-element-4747950 elementor-widget elementor-widget-image\" data-id=\"4747950\" data-element_type=\"widget\" data-e-type=\"widget\" data-widget_type=\"image.default\">\n\t\t\t\t<div class=\"elementor-widget-container\">\n\t\t\t\t\t\t\t\t\t\t\t\t\t\t\t<img decoding=\"async\" src=\"https:\/\/www.micromic.com\/wp-content\/uploads\/elementor\/thumbs\/ICONE_SITO_6-1-ql3lwijfp3d4y20vy04jd1xw0kxia5npxsf46ludvc.png\" title=\"ICONE_SITO_6\" alt=\"ICONE_SITO_6\" loading=\"lazy\" \/>\t\t\t\t\t\t\t\t\t\t\t\t\t\t\t<\/div>\n\t\t\t\t<\/div>\n\t\t\t\t\t\t<\/div>\r\n\t\t\t\t<\/div>\r\n\t\t\t\t\t\t\t\t\t<div class=\"elementor-column elementor-col-50 elementor-top-column elementor-element elementor-element-bbee8c1\" data-id=\"bbee8c1\" data-element_type=\"column\" data-e-type=\"column\">\r\n\r\n\t\t\t\t\r\n\t\t\t\t<div class=\"elementor-widget-wrap elementor-element-populated\">\r\n\t\t\t\t\t\t\t\t\t\t\r\n\t\t\t\t\t\t<div class=\"elementor-element elementor-element-0ac2dde elementor-widget elementor-widget-heading\" data-id=\"0ac2dde\" data-element_type=\"widget\" data-e-type=\"widget\" data-widget_type=\"heading.default\">\n\t\t\t\t<div class=\"elementor-widget-container\">\n\t\t\t\t\t<h2 class=\"elementor-heading-title elementor-size-default\">24H<br>VERSAND*<\/h2>\t\t\t\t<\/div>\n\t\t\t\t<\/div>\n\t\t\t\t<div class=\"elementor-element elementor-element-ff87993 elementor-widget elementor-widget-spacer\" data-id=\"ff87993\" data-element_type=\"widget\" data-e-type=\"widget\" data-widget_type=\"spacer.default\">\n\t\t\t\t<div class=\"elementor-widget-container\">\n\t\t\t\t\t\t\t<div class=\"elementor-spacer\">\n\t\t\t<div class=\"elementor-spacer-inner\"><\/div>\n\t\t<\/div>\n\t\t\t\t\t\t<\/div>\n\t\t\t\t<\/div>\n\t\t\t\t<div class=\"elementor-element elementor-element-2a1d6d5 elementor-widget elementor-widget-text-editor\" data-id=\"2a1d6d5\" data-element_type=\"widget\" data-e-type=\"widget\" data-widget_type=\"text-editor.default\">\n\t\t\t\t<div class=\"elementor-widget-container\">\n\t\t\t\t\t\t\t\t\t<p>Nutzen Sie den neuen 24-Stunden-Express-Service**<\/p>\t\t\t\t\t\t\t\t<\/div>\n\t\t\t\t<\/div>\n\t\t\t\t<div class=\"elementor-element elementor-element-231945e elementor-widget elementor-widget-text-editor\" data-id=\"231945e\" data-element_type=\"widget\" data-e-type=\"widget\" data-widget_type=\"text-editor.default\">\n\t\t\t\t<div class=\"elementor-widget-container\">\n\t\t\t\t\t\t\t\t\t<p>\u2022 Senden Sie Ihre Bestellung bis 13:00 Uhr<br \/>\u2022 Maximal 6 Codes<br \/>\u2022 Maximal 12 St\u00fcck pro Code (maximales Gewicht 10 kg)<\/p>\t\t\t\t\t\t\t\t<\/div>\n\t\t\t\t<\/div>\n\t\t\t\t<div class=\"elementor-element elementor-element-6debe6c elementor-widget elementor-widget-text-editor\" data-id=\"6debe6c\" data-element_type=\"widget\" data-e-type=\"widget\" data-widget_type=\"text-editor.default\">\n\t\t\t\t<div class=\"elementor-widget-container\">\n\t\t\t\t\t\t\t\t\t<p>*Kalabrien, Sizilien und Sardinien 48 Stunden<br \/>**Ausgenommen sind ausl\u00e4ndische L\u00e4nder (europ\u00e4ische &#8211; nichteurop\u00e4ische)<\/p>\t\t\t\t\t\t\t\t<\/div>\n\t\t\t\t<\/div>\n\t\t\t\t\t\t<\/div>\r\n\t\t\t\t<\/div>\r\n\t\t\t\t\t\t\t\t<\/div>\r\n\t\t\t<\/section>\r\n\t\t\t\t\t<section class=\"elementor-section elementor-top-section elementor-element elementor-element-6deb299 elementor-section-content-middle elementor-reverse-mobile elementor-reverse-tablet elementor-section-boxed elementor-section-height-default elementor-section-height-default\" data-id=\"6deb299\" data-element_type=\"section\" data-e-type=\"section\" data-no-translation=\"\">\r\n\t\t\t\t\t\t\t\t<div class=\"elementor-container container-fluid elementor-column-gap-default\">\r\n\t\t\t\t\r\n\t\t\t\t\t\t\t\t<div class=\"elementor-column elementor-col-50 elementor-top-column elementor-element elementor-element-a409e94\" data-id=\"a409e94\" data-element_type=\"column\" data-e-type=\"column\">\r\n\r\n\t\t\t\t\r\n\t\t\t\t<div class=\"elementor-widget-wrap elementor-element-populated\">\r\n\t\t\t\t\t\t\t\t\t\t\r\n\t\t\t\t\t\t<div class=\"elementor-element elementor-element-472a4d1 micromic_servizi_tre elementor-widget elementor-widget-heading\" data-id=\"472a4d1\" data-element_type=\"widget\" data-e-type=\"widget\" data-widget_type=\"heading.default\">\n\t\t\t\t<div class=\"elementor-widget-container\">\n\t\t\t\t\t<h2 class=\"elementor-heading-title elementor-size-default\">TECHNISCHE<br>UNTERST\u00dcTZUNG<\/h2>\t\t\t\t<\/div>\n\t\t\t\t<\/div>\n\t\t\t\t<div class=\"elementor-element elementor-element-f373502 elementor-widget elementor-widget-spacer\" data-id=\"f373502\" data-element_type=\"widget\" data-e-type=\"widget\" data-widget_type=\"spacer.default\">\n\t\t\t\t<div class=\"elementor-widget-container\">\n\t\t\t\t\t\t\t<div class=\"elementor-spacer\">\n\t\t\t<div class=\"elementor-spacer-inner\"><\/div>\n\t\t<\/div>\n\t\t\t\t\t\t<\/div>\n\t\t\t\t<\/div>\n\t\t\t\t<div class=\"elementor-element elementor-element-fc9dca9 elementor-widget elementor-widget-text-editor\" data-id=\"fc9dca9\" data-element_type=\"widget\" data-e-type=\"widget\" data-widget_type=\"text-editor.default\">\n\t\t\t\t<div class=\"elementor-widget-container\">\n\t\t\t\t\t\t\t\t\t<p>haushaltssektor oder vending-sektor?<\/p>\t\t\t\t\t\t\t\t<\/div>\n\t\t\t\t<\/div>\n\t\t\t\t<div class=\"elementor-element elementor-element-12b2b23 elementor-widget elementor-widget-text-editor\" data-id=\"12b2b23\" data-element_type=\"widget\" data-e-type=\"widget\" data-widget_type=\"text-editor.default\">\n\t\t\t\t<div class=\"elementor-widget-container\">\n\t\t\t\t\t\t\t\t\t<p>Wir haben einen spezialisierten Techniker f\u00fcr alle Ihre Bed\u00fcrfnisse. Wir stehen Ihnen 360\u00b0 zur Verf\u00fcgung<\/p>\t\t\t\t\t\t\t\t<\/div>\n\t\t\t\t<\/div>\n\t\t\t\t\t\t<\/div>\r\n\t\t\t\t<\/div>\r\n\t\t\t\t\t\t\t\t\t<div class=\"elementor-column elementor-col-50 elementor-top-column elementor-element elementor-element-6d50950\" data-id=\"6d50950\" data-element_type=\"column\" data-e-type=\"column\">\r\n\r\n\t\t\t\t\r\n\t\t\t\t<div class=\"elementor-widget-wrap elementor-element-populated\">\r\n\t\t\t\t\t\t\t\t\t\t\r\n\t\t\t\t\t\t<div class=\"elementor-element elementor-element-79e88a0 elementor-widget elementor-widget-image\" data-id=\"79e88a0\" data-element_type=\"widget\" data-e-type=\"widget\" data-widget_type=\"image.default\">\n\t\t\t\t<div class=\"elementor-widget-container\">\n\t\t\t\t\t\t\t\t\t\t\t\t\t\t\t<img decoding=\"async\" src=\"https:\/\/www.micromic.com\/wp-content\/uploads\/elementor\/thumbs\/ICONE_SITO_7-qrwpke6drcu8kyy42rxccpijy392zllkcm4ly48j3s.png\" title=\"ICONE_SITO_7\" alt=\"ICONE_SITO_7\" loading=\"lazy\" \/>\t\t\t\t\t\t\t\t\t\t\t\t\t\t\t<\/div>\n\t\t\t\t<\/div>\n\t\t\t\t\t\t<\/div>\r\n\t\t\t\t<\/div>\r\n\t\t\t\t\t\t\t\t<\/div>\r\n\t\t\t<\/section>\r\n\t\t\t\t\t\t<div class=\"elementor-element elementor-element-d9fa3fe e-con-full e-flex e-con e-parent\" data-id=\"d9fa3fe\" data-element_type=\"container\" data-e-type=\"container\">\r\n\t\t\t\t\t<div class=\"elementor-element elementor-element-fa58b73 elementor-widget elementor-widget-image\" data-id=\"fa58b73\" data-element_type=\"widget\" data-e-type=\"widget\" data-widget_type=\"image.default\">\n\t\t\t\t<div class=\"elementor-widget-container\">\n\t\t\t\t\t\t\t\t\t\t\t\t\t\t\t<img loading=\"lazy\" decoding=\"async\" width=\"3958\" height=\"1250\" src=\"https:\/\/www.micromic.com\/wp-content\/uploads\/2024\/04\/BANNER_RESISTENZA.png\" class=\"attachment-full size-full wp-image-15143\" alt=\"\" srcset=\"https:\/\/www.micromic.com\/wp-content\/uploads\/2024\/04\/BANNER_RESISTENZA.png 3958w, https:\/\/www.micromic.com\/wp-content\/uploads\/2024\/04\/BANNER_RESISTENZA-1024x323.png 1024w, https:\/\/www.micromic.com\/wp-content\/uploads\/2024\/04\/BANNER_RESISTENZA-768x243.png 768w, https:\/\/www.micromic.com\/wp-content\/uploads\/2024\/04\/BANNER_RESISTENZA-1536x485.png 1536w, https:\/\/www.micromic.com\/wp-content\/uploads\/2024\/04\/BANNER_RESISTENZA-2048x647.png 2048w, https:\/\/www.micromic.com\/wp-content\/uploads\/2024\/04\/BANNER_RESISTENZA-600x189.png 600w\" sizes=\"auto, (max-width: 3958px) 100vw, 3958px\" \/>\t\t\t\t\t\t\t\t\t\t\t\t\t\t\t<\/div>\n\t\t\t\t<\/div>\n\t\t\r\n\t\t\t<\/div>\r\n\t\t\t\t\t<\/div>","protected":false},"excerpt":{"rendered":"<p>since La tua esigenza il nostro obbiettivo&#8230; Abbiamo studiato una serie di servizi ad-hoc per te&#8230; since Your need, our goal&#8230; We have designed a series of ad-hoc services for your needs. since Votre besoin, notre objectif&#8230; Nous avons con\u00e7u une s\u00e9rie de services sur demande pour vos besoins. since Su necesidad, nuestro objetivo&#8230; Hemos [&hellip;]<\/p>\n","protected":false},"author":1,"featured_media":0,"parent":0,"menu_order":0,"comment_status":"closed","ping_status":"closed","template":"","meta":{"footnotes":""},"class_list":["post-13671","page","type-page","status-publish","hentry"],"_links":{"self":[{"href":"https:\/\/www.micromic.com\/de\/wp-json\/wp\/v2\/pages\/13671","targetHints":{"allow":["GET"]}}],"collection":[{"href":"https:\/\/www.micromic.com\/de\/wp-json\/wp\/v2\/pages"}],"about":[{"href":"https:\/\/www.micromic.com\/de\/wp-json\/wp\/v2\/types\/page"}],"author":[{"embeddable":true,"href":"https:\/\/www.micromic.com\/de\/wp-json\/wp\/v2\/users\/1"}],"replies":[{"embeddable":true,"href":"https:\/\/www.micromic.com\/de\/wp-json\/wp\/v2\/comments?post=13671"}],"version-history":[{"count":0,"href":"https:\/\/www.micromic.com\/de\/wp-json\/wp\/v2\/pages\/13671\/revisions"}],"wp:attachment":[{"href":"https:\/\/www.micromic.com\/de\/wp-json\/wp\/v2\/media?parent=13671"}],"curies":[{"name":"wp","href":"https:\/\/api.w.org\/{rel}","templated":true}]}}