{"id":74033,"date":"2025-02-19T11:27:46","date_gmt":"2025-02-19T10:27:46","guid":{"rendered":"https:\/\/www.micromic.com\/?page_id=74033"},"modified":"2025-02-26T06:31:09","modified_gmt":"2025-02-26T05:31:09","slug":"quality-policy","status":"publish","type":"page","link":"https:\/\/www.micromic.com\/de\/quality-policy\/","title":{"rendered":"Quality Policy"},"content":{"rendered":"<div data-elementor-type=\"wp-page\" data-elementor-id=\"74033\" class=\"elementor elementor-74033\">\n\t\t\t\t\t\t\t<div class=\"elementor-element elementor-element-a9fb594 e-flex e-con-boxed e-con e-parent\" data-id=\"a9fb594\" data-element_type=\"container\" data-e-type=\"container\">\r\n\t\t\t\t\t\t\t<div class=\"e-con-inner\">\r\n\t\t\t\t\t\t<div class=\"elementor-element elementor-element-f629983 elementor-widget elementor-widget-heading\" data-id=\"f629983\" data-element_type=\"widget\" data-e-type=\"widget\" data-no-translation=\"\" data-widget_type=\"heading.default\">\n\t\t\t\t<div class=\"elementor-widget-container\">\n\t\t\t\t\t<style>.elementor-element-f629983{display:none !important}<\/style>\t\t\t\t<\/div>\n\t\t\t\t<\/div>\n\t\t\t\t<div class=\"elementor-element elementor-element-9295cbd elementor-widget elementor-widget-heading\" data-id=\"9295cbd\" data-element_type=\"widget\" data-e-type=\"widget\" data-no-translation=\"\" data-widget_type=\"heading.default\">\n\t\t\t\t<div class=\"elementor-widget-container\">\n\t\t\t\t\t<style>.elementor-element-9295cbd{display:none !important}<\/style>\t\t\t\t<\/div>\n\t\t\t\t<\/div>\n\t\t\t\t<div class=\"elementor-element elementor-element-f397890 elementor-widget elementor-widget-heading\" data-id=\"f397890\" data-element_type=\"widget\" data-e-type=\"widget\" data-no-translation=\"\" data-widget_type=\"heading.default\">\n\t\t\t\t<div class=\"elementor-widget-container\">\n\t\t\t\t\t<style>.elementor-element-f397890{display:none !important}<\/style>\t\t\t\t<\/div>\n\t\t\t\t<\/div>\n\t\t\t\t<div class=\"elementor-element elementor-element-12bae82 elementor-widget elementor-widget-heading\" data-id=\"12bae82\" data-element_type=\"widget\" data-e-type=\"widget\" data-no-translation=\"\" data-widget_type=\"heading.default\">\n\t\t\t\t<div class=\"elementor-widget-container\">\n\t\t\t\t\t<style>.elementor-element-12bae82{display:none !important}<\/style>\t\t\t\t<\/div>\n\t\t\t\t<\/div>\n\t\t\t\t<div class=\"elementor-element elementor-element-c36d6de elementor-widget elementor-widget-heading\" data-id=\"c36d6de\" data-element_type=\"widget\" data-e-type=\"widget\" data-no-translation=\"\" data-widget_type=\"heading.default\">\n\t\t\t\t<div class=\"elementor-widget-container\">\n\t\t\t\t\t<h1 class=\"elementor-heading-title elementor-size-default\"><span style=\"color:#A0C230\">Qualit\u00e4ts<\/span><span style=\"color:#1f96d2\">politik <\/span><\/h1>\t\t\t\t<\/div>\n\t\t\t\t<\/div>\n\t\t\t\t<div class=\"elementor-element elementor-element-4cde00c elementor-widget elementor-widget-heading\" data-id=\"4cde00c\" data-element_type=\"widget\" data-e-type=\"widget\" data-no-translation=\"\" data-widget_type=\"heading.default\">\n\t\t\t\t<div class=\"elementor-widget-container\">\n\t\t\t\t\t<style>.elementor-element-4cde00c{display:none !important}<\/style>\t\t\t\t<\/div>\n\t\t\t\t<\/div>\n\t\t\t\t\t\t<\/div>\r\n\t\t\t\t\r\n\t\t\t<\/div>\r\n\t\t\t\t\t\t<div class=\"elementor-element elementor-element-3a445c4 e-flex e-con-boxed e-con e-parent\" data-id=\"3a445c4\" data-element_type=\"container\" data-e-type=\"container\">\r\n\t\t\t\t\t\t\t<div class=\"e-con-inner\">\r\n\t\t\t\t\t\t<div class=\"elementor-element elementor-element-76caabb elementor-widget elementor-widget-spacer\" data-id=\"76caabb\" data-element_type=\"widget\" data-e-type=\"widget\" data-widget_type=\"spacer.default\">\n\t\t\t\t<div class=\"elementor-widget-container\">\n\t\t\t\t\t\t\t<div class=\"elementor-spacer\">\n\t\t\t<div class=\"elementor-spacer-inner\"><\/div>\n\t\t<\/div>\n\t\t\t\t\t\t<\/div>\n\t\t\t\t<\/div>\n\t\t\t\t<div class=\"elementor-element elementor-element-0dec02d elementor-widget elementor-widget-text-editor\" data-id=\"0dec02d\" data-element_type=\"widget\" data-e-type=\"widget\" data-no-translation=\"\" data-widget_type=\"text-editor.default\">\n\t\t\t\t<div class=\"elementor-widget-container\">\n\t\t\t\t\t<style>.elementor-element-0dec02d{display:none !important}<\/style>\t\t\t\t<\/div>\n\t\t\t\t<\/div>\n\t\t\t\t<div class=\"elementor-element elementor-element-701b64e elementor-widget elementor-widget-text-editor\" data-id=\"701b64e\" data-element_type=\"widget\" data-e-type=\"widget\" data-no-translation=\"\" data-widget_type=\"text-editor.default\">\n\t\t\t\t<div class=\"elementor-widget-container\">\n\t\t\t\t\t<style>.elementor-element-701b64e{display:none !important}<\/style>\t\t\t\t<\/div>\n\t\t\t\t<\/div>\n\t\t\t\t<div class=\"elementor-element elementor-element-7eb7bb8 elementor-widget elementor-widget-text-editor\" data-id=\"7eb7bb8\" data-element_type=\"widget\" data-e-type=\"widget\" data-no-translation=\"\" data-widget_type=\"text-editor.default\">\n\t\t\t\t<div class=\"elementor-widget-container\">\n\t\t\t\t\t<style>.elementor-element-7eb7bb8{display:none !important}<\/style>\t\t\t\t<\/div>\n\t\t\t\t<\/div>\n\t\t\t\t<div class=\"elementor-element elementor-element-8e384af elementor-widget elementor-widget-text-editor\" data-id=\"8e384af\" data-element_type=\"widget\" data-e-type=\"widget\" data-no-translation=\"\" data-widget_type=\"text-editor.default\">\n\t\t\t\t<div class=\"elementor-widget-container\">\n\t\t\t\t\t<style>.elementor-element-8e384af{display:none !important}<\/style>\t\t\t\t<\/div>\n\t\t\t\t<\/div>\n\t\t\t\t<div class=\"elementor-element elementor-element-ac4a996 elementor-widget elementor-widget-text-editor\" data-id=\"ac4a996\" data-element_type=\"widget\" data-e-type=\"widget\" data-no-translation=\"\" data-widget_type=\"text-editor.default\">\n\t\t\t\t<div class=\"elementor-widget-container\">\n\t\t\t\t\t\t\t\t\t<p>Wir bieten unseren Kunden eine ethische und nachhaltige M\u00f6glichkeit durch hochwertige Ersatzteile und Zubeh\u00f6r f\u00fcr Haushaltsger\u00e4te, Verkaufsautomaten, professionelle Kaffeemaschinen, gewerbliche K\u00fchlung f\u00fcr die Gastronomie, Ho.Re.Ca. und die organisierte Distribution von technologisch hochwertigen Produkten, indem wir Handelskooperationen entwickeln und schnelle L\u00f6sungen im Einklang mit den Marktstandards bereitstellen.<\/p><p>Unser strategisches Ziel ist es, die Qualit\u00e4ts- und Servicereferenz in der Branche f\u00fcr Ersatzteile und Zubeh\u00f6r f\u00fcr Original- und kompatible Produkte zu werden, einschlie\u00dflich Haushaltsger\u00e4te, Verkaufsautomaten, professionelle Kaffeemaschinen, Ho.Re.Ca. und organisierte Distribution f\u00fcr technologisch hochwertige Produkte, indem wir uns an den Markt anpassen und unsere Wachstumsziele erreichen.<\/p><p>Um dieses strategische Ziel zu erreichen, beabsichtigen wir als MICROMIC:<\/p><ul><li>unsere Teamzusammenarbeit, internen und externen Beziehungen, Pr\u00e4senz in neuen Sektoren, Flexibilit\u00e4t sowie insbesondere unseren Willen, unser Wachstumstreben und unsere Entschlossenheit zur Zielverfolgung optimal zu nutzen;<br \/>\u00a0\u00a0<\/li><li>externe und interne Beziehungen weiter auszubauen, das Produktsortiment zu erweitern, technische Unterst\u00fctzung und Support bereitzustellen und neue Marktbereiche zu erschlie\u00dfen;<br \/>\u00a0\u00a0<\/li><li>unsere Flexibilit\u00e4t zu verbessern, um uns an die Markt- und Kundenanforderungen anzupassen \u2013 und sie, wenn m\u00f6glich, zu \u00fcbertreffen \u2013, unser Produktsortiment, unsere Prozesse und unsere Logistik zu optimieren, um das Unternehmenswachstum voranzutreiben;<br \/>\u00a0\u00a0<\/li><li>Faktoren zu identifizieren, die unsere Prozesse und unser Qualit\u00e4tsmanagementsystem beeintr\u00e4chtigen k\u00f6nnten, und pr\u00e4ventive Kontrollen einzuf\u00fchren, um Risiken zu minimieren und Chancen zu maximieren;<br \/>\u00a0\u00a0<\/li><li>die Anforderungen unserer Kunden und Gesch\u00e4ftspartner zu erf\u00fcllen, die Einhaltung der Verpflichtungen von MICROMIC und seinen Produkten zu gew\u00e4hrleisten und eine kontinuierliche Verbesserung des Qualit\u00e4tsmanagementsystems anzustreben.<\/li><\/ul>\t\t\t\t\t\t\t\t<\/div>\n\t\t\t\t<\/div>\n\t\t\t\t<div class=\"elementor-element elementor-element-2b91257 elementor-widget elementor-widget-text-editor\" data-id=\"2b91257\" data-element_type=\"widget\" data-e-type=\"widget\" data-no-translation=\"\" data-widget_type=\"text-editor.default\">\n\t\t\t\t<div class=\"elementor-widget-container\">\n\t\t\t\t\t<style>.elementor-element-2b91257{display:none !important}<\/style>\t\t\t\t<\/div>\n\t\t\t\t<\/div>\n\t\t\t\t<div class=\"elementor-element elementor-element-28a62cf elementor-widget elementor-widget-spacer\" data-id=\"28a62cf\" data-element_type=\"widget\" data-e-type=\"widget\" data-widget_type=\"spacer.default\">\n\t\t\t\t<div class=\"elementor-widget-container\">\n\t\t\t\t\t\t\t<div class=\"elementor-spacer\">\n\t\t\t<div class=\"elementor-spacer-inner\"><\/div>\n\t\t<\/div>\n\t\t\t\t\t\t<\/div>\n\t\t\t\t<\/div>\n\t\t\t\t<div class=\"elementor-element elementor-element-40908aa elementor-widget elementor-widget-text-editor\" data-id=\"40908aa\" data-element_type=\"widget\" data-e-type=\"widget\" data-widget_type=\"text-editor.default\">\n\t\t\t\t<div class=\"elementor-widget-container\">\n\t\t\t\t\t\t\t\t\t<p>Rev_12-09-2024\u00a0<\/p>\t\t\t\t\t\t\t\t<\/div>\n\t\t\t\t<\/div>\n\t\t\t\t\t\t<\/div>\r\n\t\t\t\t\r\n\t\t\t<\/div>\r\n\t\t\t\t\t<\/div>","protected":false},"excerpt":{"rendered":"<p>POLITICA DELLA QUALIT\u00c1 Offriamo ai nostri clienti un\u2019opportunit\u00e0 etica e sostenibile attraverso ricambi ed accessori di alta qualit\u00e0 per elettrodomestici, distributori automatici, caff\u00e8 professionale, refrigerazione commerciale per la ristorazione, Ho.Re.Ca. e nella distribuzione organizzata di prodotti ad elevato valore tecnologico, mediante lo sviluppo di partnership commerciali e soluzioni rapide e rispettose degli standard di mercato. [&hellip;]<\/p>\n","protected":false},"author":1,"featured_media":0,"parent":0,"menu_order":0,"comment_status":"closed","ping_status":"closed","template":"","meta":{"footnotes":""},"class_list":["post-74033","page","type-page","status-publish","hentry"],"_links":{"self":[{"href":"https:\/\/www.micromic.com\/de\/wp-json\/wp\/v2\/pages\/74033","targetHints":{"allow":["GET"]}}],"collection":[{"href":"https:\/\/www.micromic.com\/de\/wp-json\/wp\/v2\/pages"}],"about":[{"href":"https:\/\/www.micromic.com\/de\/wp-json\/wp\/v2\/types\/page"}],"author":[{"embeddable":true,"href":"https:\/\/www.micromic.com\/de\/wp-json\/wp\/v2\/users\/1"}],"replies":[{"embeddable":true,"href":"https:\/\/www.micromic.com\/de\/wp-json\/wp\/v2\/comments?post=74033"}],"version-history":[{"count":58,"href":"https:\/\/www.micromic.com\/de\/wp-json\/wp\/v2\/pages\/74033\/revisions"}],"predecessor-version":[{"id":74469,"href":"https:\/\/www.micromic.com\/de\/wp-json\/wp\/v2\/pages\/74033\/revisions\/74469"}],"wp:attachment":[{"href":"https:\/\/www.micromic.com\/de\/wp-json\/wp\/v2\/media?parent=74033"}],"curies":[{"name":"wp","href":"https:\/\/api.w.org\/{rel}","templated":true}]}}