{"id":74111,"date":"2025-02-19T17:34:40","date_gmt":"2025-02-19T16:34:40","guid":{"rendered":"https:\/\/www.micromic.com\/?page_id=74111"},"modified":"2025-02-26T06:32:40","modified_gmt":"2025-02-26T05:32:40","slug":"general-terms-and-conditions-of-sale","status":"publish","type":"page","link":"https:\/\/www.micromic.com\/de\/general-terms-and-conditions-of-sale\/","title":{"rendered":"General Terms and Conditions of Sale"},"content":{"rendered":"<div data-elementor-type=\"wp-page\" data-elementor-id=\"74111\" class=\"elementor elementor-74111\">\n\t\t\t\t\t\t\t<div class=\"elementor-element elementor-element-a9fb594 e-flex e-con-boxed e-con e-parent\" data-id=\"a9fb594\" data-element_type=\"container\" data-e-type=\"container\">\r\n\t\t\t\t\t\t\t<div class=\"e-con-inner\">\r\n\t\t\t\t\t\t<div class=\"elementor-element elementor-element-f629983 elementor-widget elementor-widget-heading\" data-id=\"f629983\" data-element_type=\"widget\" data-e-type=\"widget\" data-no-translation=\"\" data-widget_type=\"heading.default\">\n\t\t\t\t<div class=\"elementor-widget-container\">\n\t\t\t\t\t<style>.elementor-element-f629983{display:none !important}<\/style>\t\t\t\t<\/div>\n\t\t\t\t<\/div>\n\t\t\t\t<div class=\"elementor-element elementor-element-9295cbd elementor-widget elementor-widget-heading\" data-id=\"9295cbd\" data-element_type=\"widget\" data-e-type=\"widget\" data-no-translation=\"\" data-widget_type=\"heading.default\">\n\t\t\t\t<div class=\"elementor-widget-container\">\n\t\t\t\t\t<style>.elementor-element-9295cbd{display:none !important}<\/style>\t\t\t\t<\/div>\n\t\t\t\t<\/div>\n\t\t\t\t<div class=\"elementor-element elementor-element-f397890 elementor-widget elementor-widget-heading\" data-id=\"f397890\" data-element_type=\"widget\" data-e-type=\"widget\" data-no-translation=\"\" data-widget_type=\"heading.default\">\n\t\t\t\t<div class=\"elementor-widget-container\">\n\t\t\t\t\t<style>.elementor-element-f397890{display:none !important}<\/style>\t\t\t\t<\/div>\n\t\t\t\t<\/div>\n\t\t\t\t<div class=\"elementor-element elementor-element-12bae82 elementor-widget elementor-widget-heading\" data-id=\"12bae82\" data-element_type=\"widget\" data-e-type=\"widget\" data-no-translation=\"\" data-widget_type=\"heading.default\">\n\t\t\t\t<div class=\"elementor-widget-container\">\n\t\t\t\t\t<style>.elementor-element-12bae82{display:none !important}<\/style>\t\t\t\t<\/div>\n\t\t\t\t<\/div>\n\t\t\t\t<div class=\"elementor-element elementor-element-c36d6de elementor-widget elementor-widget-heading\" data-id=\"c36d6de\" data-element_type=\"widget\" data-e-type=\"widget\" data-no-translation=\"\" data-widget_type=\"heading.default\">\n\t\t\t\t<div class=\"elementor-widget-container\">\n\t\t\t\t\t<h1 class=\"elementor-heading-title elementor-size-default\"><span style=\"color:#A0C230\">Allgemeine <\/span><br><span style=\"color:#1f96d2\">Verkaufsbedingungen<\/span><\/h1>\t\t\t\t<\/div>\n\t\t\t\t<\/div>\n\t\t\t\t<div class=\"elementor-element elementor-element-4cde00c elementor-widget elementor-widget-heading\" data-id=\"4cde00c\" data-element_type=\"widget\" data-e-type=\"widget\" data-no-translation=\"\" data-widget_type=\"heading.default\">\n\t\t\t\t<div class=\"elementor-widget-container\">\n\t\t\t\t\t<style>.elementor-element-4cde00c{display:none !important}<\/style>\t\t\t\t<\/div>\n\t\t\t\t<\/div>\n\t\t\t\t\t\t<\/div>\r\n\t\t\t\t\r\n\t\t\t<\/div>\r\n\t\t\t\t\t\t<div class=\"elementor-element elementor-element-3a445c4 e-flex e-con-boxed e-con e-parent\" data-id=\"3a445c4\" data-element_type=\"container\" data-e-type=\"container\">\r\n\t\t\t\t\t\t\t<div class=\"e-con-inner\">\r\n\t\t\t\t\t\t<div class=\"elementor-element elementor-element-76caabb elementor-widget elementor-widget-spacer\" data-id=\"76caabb\" data-element_type=\"widget\" data-e-type=\"widget\" data-widget_type=\"spacer.default\">\n\t\t\t\t<div class=\"elementor-widget-container\">\n\t\t\t\t\t\t\t<div class=\"elementor-spacer\">\n\t\t\t<div class=\"elementor-spacer-inner\"><\/div>\n\t\t<\/div>\n\t\t\t\t\t\t<\/div>\n\t\t\t\t<\/div>\n\t\t\t\t<div class=\"elementor-element elementor-element-0dec02d elementor-widget elementor-widget-text-editor\" data-id=\"0dec02d\" data-element_type=\"widget\" data-e-type=\"widget\" data-no-translation=\"\" data-widget_type=\"text-editor.default\">\n\t\t\t\t<div class=\"elementor-widget-container\">\n\t\t\t\t\t<style>.elementor-element-0dec02d{display:none !important}<\/style>\t\t\t\t<\/div>\n\t\t\t\t<\/div>\n\t\t\t\t<div class=\"elementor-element elementor-element-701b64e elementor-widget elementor-widget-text-editor\" data-id=\"701b64e\" data-element_type=\"widget\" data-e-type=\"widget\" data-no-translation=\"\" data-widget_type=\"text-editor.default\">\n\t\t\t\t<div class=\"elementor-widget-container\">\n\t\t\t\t\t<style>.elementor-element-701b64e{display:none !important}<\/style>\t\t\t\t<\/div>\n\t\t\t\t<\/div>\n\t\t\t\t<div class=\"elementor-element elementor-element-7eb7bb8 elementor-widget elementor-widget-text-editor\" data-id=\"7eb7bb8\" data-element_type=\"widget\" data-e-type=\"widget\" data-no-translation=\"\" data-widget_type=\"text-editor.default\">\n\t\t\t\t<div class=\"elementor-widget-container\">\n\t\t\t\t\t<style>.elementor-element-7eb7bb8{display:none !important}<\/style>\t\t\t\t<\/div>\n\t\t\t\t<\/div>\n\t\t\t\t<div class=\"elementor-element elementor-element-8e384af elementor-widget elementor-widget-text-editor\" data-id=\"8e384af\" data-element_type=\"widget\" data-e-type=\"widget\" data-no-translation=\"\" data-widget_type=\"text-editor.default\">\n\t\t\t\t<div class=\"elementor-widget-container\">\n\t\t\t\t\t<style>.elementor-element-8e384af{display:none !important}<\/style>\t\t\t\t<\/div>\n\t\t\t\t<\/div>\n\t\t\t\t<div class=\"elementor-element elementor-element-ac4a996 elementor-widget elementor-widget-text-editor\" data-id=\"ac4a996\" data-element_type=\"widget\" data-e-type=\"widget\" data-no-translation=\"\" data-widget_type=\"text-editor.default\">\n\t\t\t\t<div class=\"elementor-widget-container\">\n\t\t\t\t\t\t\t\t\t<p><strong>ART. 1 &#8211; VORBEMERKUNG &#8211; ANWENDUNG<\/strong><\/p><ul><li>Diese Allgemeinen Verkaufsbedingungen regeln die Kaufvertr\u00e4ge der von Micromic S.r.l. vermarkteten Produkte, mit Sitz in Pomezia (RM) in der Via Campobello Nr. 41, Steuernummer und USt-ID 03669521001, in ihrer Eigenschaft als verkaufende Partei (nachfolgend auch \u201eMicromic\u201c, \u201eVerk\u00e4ufer\u201c oder \u201everkaufende Partei\u201c genannt), und die kaufenden Unternehmen oder Personen (nachfolgend auch \u201eK\u00e4ufer\u201c oder \u201eerwerbende Partei\u201c genannt).<\/li><\/ul><p><strong>ART. 2 &#8211; VERTRAGSABSCHLUSS<\/strong><\/p><ul><li>Zum Abschluss des Vertrages muss die interessierte Partei dem Verk\u00e4ufer eine Kaufbestellung per E-Mail, \u00fcber die E-Commerce-Website oder \u00fcber das Vertriebsnetz \u00fcbermitteln.<\/li><li>Der Verk\u00e4ufer kann die Bestellung innerhalb von 15 Tagen nach Erhalt annehmen, ablehnen oder \u00c4nderungen verlangen.<\/li><li>Der Kaufvertrag kommt in dem Moment zustande, in dem der Verk\u00e4ufer die Annahme der Bestellung mitteilt oder in dem die bestellten Artikel geliefert werden.<\/li><\/ul><p><strong>ART. 3 &#8211; TRANSPORT UND LIEFERUNG DER WARE &#8211; VERZ\u00d6GERUNGEN &#8211; HOHE GEWALT<\/strong><\/p><ul><li>Die Ware wird stets auf Risiko des K\u00e4ufers transportiert, selbst wenn sie frei Haus verschickt wird. Der Verk\u00e4ufer haftet nicht f\u00fcr unsachgem\u00e4\u00dfen Transport, unsachgem\u00e4\u00dfe Lagerung oder unsachgem\u00e4\u00dfe Verwendung der Ware.<\/li><li>Die Ware kann an den K\u00e4ufer in getrennten Losen geliefert werden. Die Lieferung in Losen muss auf der Rechnung unter Angabe der Bestellreferenz vermerkt werden.<\/li><li>Im Falle einer Nichtlieferung der Ware k\u00f6nnen die als Anzahlung geleisteten Betr\u00e4ge auf ausdr\u00fccklichen schriftlichen Wunsch des K\u00e4ufers zur\u00fcckerstattet werden, was zur Aufl\u00f6sung des Vertrages f\u00fchrt. Eine R\u00fcckerstattung ist jedoch nicht vorgesehen bei Bestellungen mit aus dem Katalog genommenen Artikeln, die speziell f\u00fcr den K\u00e4ufer erworben wurden.<\/li><li>Der Verk\u00e4ufer ist in jedem Fall von der Haftung f\u00fcr Lieferverz\u00f6gerungen befreit, wenn diese auf h\u00f6here Gewalt zur\u00fcckzuf\u00fchren sind, wie z. B. \u00dcberschwemmungen, Br\u00e4nde, Erdbeben, Verbote, Streiks, Stromausf\u00e4lle und \u00e4hnliche Umst\u00e4nde \u2013 dies dient nur als Beispiel und ist nicht abschlie\u00dfend. Sollte h\u00f6here Gewalt ein dauerhaftes und endg\u00fcltiges Hindernis f\u00fcr die Lieferung der Ware oder, in jedem Fall, f\u00fcr die teilweise oder vollst\u00e4ndige Leistung des Verk\u00e4ufers darstellen, so ist der Verk\u00e4ufer berechtigt, den Vertrag zu k\u00fcndigen. Ebenso ist der Verk\u00e4ufer nicht verpflichtet, seine Leistung zu erbringen, wenn deren Ausf\u00fchrung unm\u00f6glich oder unzumutbar teuer wird aufgrund von Ereignissen und Umst\u00e4nden, die ihm nicht zurechenbar sind.<\/li><\/ul><p><strong>ART. 4 &#8211; HAFTUNGSBESCHR\u00c4NKUNG<\/strong><\/p><ul><li>Unter keinen Umst\u00e4nden haftet Micromic S.r.l. f\u00fcr Sch\u00e4den im Zusammenhang mit den gelieferten Waren oder deren Nutzung, unbeschadet der zwingenden gesetzlichen Vorschriften. Sofern in der vorangegangenen Klausel nichts anderes bestimmt ist, ist die maximale Gesamthaftung von Micromic S.r.l. gegen\u00fcber dem Kunden auf den Nettogesamtwert der Bestellung, die die Haftung ausgel\u00f6st hat, begrenzt. Micromic S.r.l. haftet in keinem Fall f\u00fcr entgangenen Gewinn, Betriebsunterbrechung, Umsatzausfall, Verlust von Arbeitsvertr\u00e4gen oder Gesch\u00e4ftsm\u00f6glichkeiten, Mehrkosten, Informationsverlust, Folgesch\u00e4den, indirekte Sch\u00e4den oder \u201ebesondere Verluste oder pauschalierte Schadensersatzforderungen\u201c oder f\u00fcr sonstige wirtschaftliche Verluste, die sich aus oder im Zusammenhang mit den gelieferten Waren oder deren Nutzung ergeben.<\/li><li>Jede der oben genannten Bestimmungen, die die Haftung von Micromic S.r.l. ausschlie\u00dft oder begrenzt, wirkt f\u00fcr sich allein. Sollte eine einzelne Bestimmung von einem Gericht als unangemessen oder nicht durchsetzbar erachtet werden, bleiben die \u00fcbrigen Bestimmungen unber\u00fchrt.<\/li><\/ul><p><strong>ART. 5 &#8211; VERPACKUNG UND KENNZEICHNUNG DER WARE<\/strong><\/p><ul><li>Die Verpackung der Ware erfolgt auf Kosten und Gefahr des Verk\u00e4ufers, sofern nicht anders schriftlich zwischen Verk\u00e4ufer und K\u00e4ufer vereinbart.<\/li><li>Der Verk\u00e4ufer haftet gegen\u00fcber dem K\u00e4ufer f\u00fcr eventuelle Sch\u00e4den oder Verluste der Ware, wenn diese durch unsachgem\u00e4\u00dfe oder minderwertige Verpackung und\/oder Kennzeichnung verursacht wurden.<\/li><\/ul><p><strong>ART. 6 &#8211; PRODUKTMERKMALE &#8211; VARIATIONEN UND REKLAMATIONEN<\/strong><\/p><ul><li>Mit Erhalt der Ware erkl\u00e4rt der K\u00e4ufer, dass er die Eigenschaften und Spezifikationen der verkauften Produkte zur Kenntnis genommen hat, diese als zufriedenstellend erachtet und in vollem Umfang akzeptiert.<\/li><li>Mit Erhalt der Ware erkl\u00e4rt der K\u00e4ufer ferner, dass er die technische und informationsbezogene Dokumentation der verkauften Waren zur Kenntnis genommen hat, die er in vollem Umfang akzeptiert.<\/li><li>Etwaige \u00c4nderungsw\u00fcnsche oder Reklamationen des K\u00e4ufers wegen M\u00e4ngeln, Defekten oder Qualit\u00e4tsminderungen hinsichtlich des Zustands der Verpackung oder der Menge bzw. Eigenschaften der Ware m\u00fcssen unbedingt schriftlich an die verkaufende Partei innerhalb von 7 Tagen nach Erhalt der Ware oder ab dem Zeitpunkt, an dem versteckte M\u00e4ngel beim Auspacken festgestellt wurden, gerichtet werden. Die verkaufende Partei wird nach Pr\u00fcfung den K\u00e4ufer \u00fcber eine etwaige Annahme informieren; in jedem Fall ist die verkaufende Partei lediglich verpflichtet, die reklamierten Produkte zu reparieren oder zu ersetzen. Bei ausbleibender Reaktion oder Nichtannahme seitens des K\u00e4ufers gilt die Variation als nicht akzeptiert und der Kaufvertrag wird gem\u00e4\u00df den urspr\u00fcnglich vereinbarten Modalit\u00e4ten ausgef\u00fchrt.<\/li><li>R\u00fccksendungen werden nur akzeptiert, wenn diese autorisiert und kostenfrei erfolgen.<\/li><\/ul><p><strong>ART. 7 &#8211; PREISE<\/strong><\/p><ul><li>Die Preise richten sich nach den zum Zeitpunkt der Bestellung g\u00fcltigen Preislisten von Micromic, die der K\u00e4ufer zur Kenntnis genommen und akzeptiert hat.<\/li><li>Die f\u00fcr den einzelnen Verkauf, wie auf der Rechnung angegebenen Preise, sind nicht als verbindlich f\u00fcr zuk\u00fcnftige Verk\u00e4ufe zu verstehen.<\/li><li>Im Falle eines Auslandsverkaufs verstehen sich die Produktpreise als Preise gem\u00e4\u00df Incoterms EXW.<\/li><li>Der Preis h\u00e4ngt von den Lieferbedingungen ab und umfasst die Verpackungskosten sowie, im Falle eines Auslandsverkaufs, etwaige Kosten f\u00fcr die Organisation von Dokumenten und Zollformalit\u00e4ten am Abgangsort gem\u00e4\u00df Incoterms EXW.<\/li><\/ul><p><strong>ART. 8 &#8211; ZAHLUNGSKONDITIONEN UND -METHODEN &#8211; VERZ\u00d6GERUNGEN<\/strong><\/p><ul><li>Der K\u00e4ufer hat die bestellte Ware gem\u00e4\u00df den Angaben in der Proforma-Rechnung, die bei Annahme der Bestellung erstellt wird, und den Rechnungen zu bezahlen.<\/li><li>S\u00e4mtliche vom K\u00e4ufer geleisteten Anzahlungen gelten als Vorauszahlungen auf den Preis und als Sicherheit f\u00fcr die vom K\u00e4ufer \u00fcbernommenen Verpflichtungen, wie im folgenden Artikel 8 n\u00e4her erl\u00e4utert. Der Restbetrag der Bestellung ist vom K\u00e4ufer gem\u00e4\u00df den in der Rechnung angegebenen Bedingungen zu zahlen.<\/li><li>Der K\u00e4ufer darf in keinem Fall die Zahlung der verkauften Ware ohne vorherige schriftliche Genehmigung des Verk\u00e4ufers verz\u00f6gern, aussetzen oder unterbrechen.<\/li><li>Im Falle von Zahlungsverz\u00f6gerungen hat der K\u00e4ufer Verzugszinsen sowie etwaige zus\u00e4tzliche Kosten zu zahlen, die durch den Verzug entstehen, zus\u00e4tzlich zu dem Recht der verkaufenden Partei, Schadensersatz f\u00fcr eventuelle Mehrkosten zu verlangen.<\/li><li>Die Zahlung erfolgt in Euro.<\/li><\/ul><p><strong>ART. 9 &#8211; ANZAHLUNGEN<\/strong><\/p><ul><li>Die vor dem Restbetrag geleisteten Summen, gleich welcher H\u00f6he, sind als Anzahlungen auf den Preis zu verstehen, mit allen gesetzlichen Konsequenzen im Falle einer Nichterf\u00fcllung durch den K\u00e4ufer, zus\u00e4tzlich zur Anwendung der im folgenden Artikel 9 geregelten Vertragsstrafe.<\/li><\/ul><p><strong>ART. 10 &#8211; R\u00dcCKTRITT BEI NICHTERF\u00dcLLUNG<\/strong><\/p><ul><li>Unbeschadet der Bestimmungen des vorangegangenen Artikels verpflichtet sich der K\u00e4ufer im Falle der R\u00fcckabwicklung des Vertrages wegen Nichterf\u00fcllung und\/oder bei Verschulden des K\u00e4ufers, zus\u00e4tzlich an die verkaufende Partei als Schadensersatz eine pauschal festgelegte Vertragsstrafe in H\u00f6he von 50 % des Gesamtbetrags des Vertrages, abz\u00fcglich etwaiger geleisteter Anzahlungen, zu zahlen.<\/li><li>Micromic kann jederzeit vom Vertrag zur\u00fccktreten und die Lieferung der Waren einstellen, ohne dass hierf\u00fcr eine Vertragsstrafe und\/oder Entsch\u00e4digung anf\u00e4llt, sofern der K\u00e4ufer Gegenstand von Protesten, Mahnverfahren, Insolvenzverfahren (auch au\u00dfergerichtlich) ist oder sich in Zahlungsverzug befindet. Die Mitteilung des R\u00fccktritts bewirkt automatisch den Verlust des Fristvorteils f\u00fcr den K\u00e4ufer und seine Verpflichtung zur sofortigen Zahlung der noch nicht bezahlten Waren.<\/li><\/ul><p><strong>ART. 11 &#8211; GARANTIE<\/strong><\/p><ul><li>Die Garantiefrist betr\u00e4gt 12 Monate ab Rechnungsdatum.<\/li><li>Innerhalb dieses Zeitraums verpflichtet sich Micromic, sofern der Kunde den Mangel mittels eines Nichtkonformit\u00e4tsberichts mitgeteilt hat, nach eigenem Ermessen, die fehlerhaften Produkte oder Teile davon kostenlos zu reparieren oder zu ersetzen; in diesem Fall ist der Kunde verpflichtet, sofern nicht anders vereinbart, die Produkte oder Teile davon ordnungsgem\u00e4\u00df verpackt an Micromic zur\u00fcckzusenden. Falls Micromic die Produkte ersetzt, bevor die mangelhaften Produkte zur\u00fcckgesandt werden, hat der Kunde, sofern nicht anders vereinbart, die R\u00fccksendung unter Angabe der Verkaufsrechnung von Micromic vorzunehmen.<\/li><li>Micromic beh\u00e4lt sich zudem das Recht vor, dem Kunden die Kosten der ersetzten Produkte in Rechnung zu stellen, sofern nach entsprechenden \u00dcberpr\u00fcfungen die Garantiebedingungen nicht erf\u00fcllt sind.<\/li><li>Ersetzungen oder Reparaturen erfolgen Franco Fabbrica;<\/li><li>Micromic schlie\u00dft jegliche Garantie f\u00fcr falsch montierte oder unsachgem\u00e4\u00df verwendete Produkte aus; au\u00dferdem erlischt die Garantie, wenn die Produkte unsachgem\u00e4\u00df gelagert, unzureichend gewartet oder ver\u00e4ndert wurden.<\/li><\/ul><p><strong>ART. 12 &#8211; ANZUWENDENDES RECHT UND GERICHTSSTAND<\/strong><\/p><ul><li>Soweit in diesen Allgemeinen Verkaufsbedingungen nicht ausdr\u00fccklich vorgesehen, wird ausdr\u00fccklich auf die Bestimmungen des B\u00fcrgerlichen Gesetzbuches und, allgemein, auf die in Italien geltenden Vorschriften verwiesen.<\/li><li>F\u00fcr alle Streitigkeiten, die im Zusammenhang mit den durch diese Bedingungen geregelten Beziehungen und den zugeh\u00f6rigen Vertr\u00e4gen entstehen, einschlie\u00dflich solcher, die deren G\u00fcltigkeit, Auslegung, Durchf\u00fchrung und Aufl\u00f6sung betreffen, ist ausschlie\u00dflich das Gericht von Velletri zust\u00e4ndig.<\/li><\/ul>\t\t\t\t\t\t\t\t<\/div>\n\t\t\t\t<\/div>\n\t\t\t\t<div class=\"elementor-element elementor-element-2b91257 elementor-widget elementor-widget-text-editor\" data-id=\"2b91257\" data-element_type=\"widget\" data-e-type=\"widget\" data-no-translation=\"\" data-widget_type=\"text-editor.default\">\n\t\t\t\t<div class=\"elementor-widget-container\">\n\t\t\t\t\t<style>.elementor-element-2b91257{display:none !important}<\/style>\t\t\t\t<\/div>\n\t\t\t\t<\/div>\n\t\t\t\t<div class=\"elementor-element elementor-element-ae74343 elementor-widget elementor-widget-spacer\" data-id=\"ae74343\" data-element_type=\"widget\" data-e-type=\"widget\" data-widget_type=\"spacer.default\">\n\t\t\t\t<div class=\"elementor-widget-container\">\n\t\t\t\t\t\t\t<div class=\"elementor-spacer\">\n\t\t\t<div class=\"elementor-spacer-inner\"><\/div>\n\t\t<\/div>\n\t\t\t\t\t\t<\/div>\n\t\t\t\t<\/div>\n\t\t\t\t<div class=\"elementor-element elementor-element-3a070f5 elementor-widget elementor-widget-text-editor\" data-id=\"3a070f5\" data-element_type=\"widget\" data-e-type=\"widget\" data-widget_type=\"text-editor.default\">\n\t\t\t\t<div class=\"elementor-widget-container\">\n\t\t\t\t\t\t\t\t\t<p>Rev.5<\/p>\t\t\t\t\t\t\t\t<\/div>\n\t\t\t\t<\/div>\n\t\t\t\t\t\t<\/div>\r\n\t\t\t\t\r\n\t\t\t<\/div>\r\n\t\t\t\t\t<\/div>","protected":false},"excerpt":{"rendered":"<p>Condizioni generalidi vendita ART. 1 &#8211; PREMESSA &#8211; APPLICAZIONE Le presenti Condizioni Generali di Vendita disciplinano i contratti di vendita dei prodotti commercializzati da Micromic S.r.l., con sede legale in Pomezia (RM) alla Via Campobello n. 41, C.F. e P.IVA 03669521001, in qualit\u00e0 di parte venditrice (di seguito denominata anche \u201cMicromic\u201d, \u201cvenditore\u201d o \u201cparte venditrice\u201d), [&hellip;]<\/p>\n","protected":false},"author":1,"featured_media":0,"parent":0,"menu_order":0,"comment_status":"closed","ping_status":"closed","template":"","meta":{"footnotes":""},"class_list":["post-74111","page","type-page","status-publish","hentry"],"_links":{"self":[{"href":"https:\/\/www.micromic.com\/de\/wp-json\/wp\/v2\/pages\/74111","targetHints":{"allow":["GET"]}}],"collection":[{"href":"https:\/\/www.micromic.com\/de\/wp-json\/wp\/v2\/pages"}],"about":[{"href":"https:\/\/www.micromic.com\/de\/wp-json\/wp\/v2\/types\/page"}],"author":[{"embeddable":true,"href":"https:\/\/www.micromic.com\/de\/wp-json\/wp\/v2\/users\/1"}],"replies":[{"embeddable":true,"href":"https:\/\/www.micromic.com\/de\/wp-json\/wp\/v2\/comments?post=74111"}],"version-history":[{"count":28,"href":"https:\/\/www.micromic.com\/de\/wp-json\/wp\/v2\/pages\/74111\/revisions"}],"predecessor-version":[{"id":74472,"href":"https:\/\/www.micromic.com\/de\/wp-json\/wp\/v2\/pages\/74111\/revisions\/74472"}],"wp:attachment":[{"href":"https:\/\/www.micromic.com\/de\/wp-json\/wp\/v2\/media?parent=74111"}],"curies":[{"name":"wp","href":"https:\/\/api.w.org\/{rel}","templated":true}]}}