{"id":75,"date":"2021-07-19T18:34:34","date_gmt":"2021-07-19T18:34:34","guid":{"rendered":"https:\/\/d-themes.com\/wordpress\/udesign\/dummy\/main\/?page_id=75"},"modified":"2025-01-20T16:07:58","modified_gmt":"2025-01-20T15:07:58","slug":"chi-siamo","status":"publish","type":"page","link":"https:\/\/www.micromic.com\/de\/chi-siamo\/","title":{"rendered":"\u00dcber Uns"},"content":{"rendered":"<div data-elementor-type=\"wp-page\" data-elementor-id=\"75\" class=\"elementor elementor-75\">\n\t\t\t\t\t\t<section class=\"elementor-section elementor-top-section elementor-element elementor-element-2e41c98 elementor-section-content-middle elementor-section-boxed elementor-section-height-default elementor-section-height-default\" data-id=\"2e41c98\" data-element_type=\"section\" data-e-type=\"section\">\r\n\t\t\t\t\t\t\t\t<div class=\"elementor-container container-fluid elementor-column-gap-default\">\r\n\t\t\t\t\r\n\t\t\t\t\t\t\t\t<div class=\"elementor-column elementor-col-100 elementor-top-column elementor-element elementor-element-d5607ec\" data-id=\"d5607ec\" data-element_type=\"column\" data-e-type=\"column\">\r\n\r\n\t\t\t\t\r\n\t\t\t\t<div class=\"elementor-widget-wrap elementor-element-populated\">\r\n\t\t\t\t\t\t\t\t\t\t\r\n\t\t\t\t\t\t<div class=\"elementor-element elementor-element-0656efa animated-slow elementor-invisible elementor-widget elementor-widget-heading\" data-id=\"0656efa\" data-element_type=\"widget\" data-e-type=\"widget\" data-settings=\"{&quot;_animation&quot;:&quot;fadeInRight&quot;}\" data-no-translation=\"\" data-widget_type=\"heading.default\">\n\t\t\t\t<div class=\"elementor-widget-container\">\n\t\t\t\t\t<style>.elementor-element-0656efa{display:none !important}<\/style>\t\t\t\t<\/div>\n\t\t\t\t<\/div>\n\t\t\t\t<div class=\"elementor-element elementor-element-965a42a animated-slow elementor-invisible elementor-widget elementor-widget-heading\" data-id=\"965a42a\" data-element_type=\"widget\" data-e-type=\"widget\" data-settings=\"{&quot;_animation&quot;:&quot;fadeInRight&quot;}\" data-no-translation=\"\" data-widget_type=\"heading.default\">\n\t\t\t\t<div class=\"elementor-widget-container\">\n\t\t\t\t\t<style>.elementor-element-965a42a{display:none !important}<\/style>\t\t\t\t<\/div>\n\t\t\t\t<\/div>\n\t\t\t\t<div class=\"elementor-element elementor-element-a3b188d animated-slow elementor-invisible elementor-widget elementor-widget-heading\" data-id=\"a3b188d\" data-element_type=\"widget\" data-e-type=\"widget\" data-settings=\"{&quot;_animation&quot;:&quot;fadeInRight&quot;}\" data-no-translation=\"\" data-widget_type=\"heading.default\">\n\t\t\t\t<div class=\"elementor-widget-container\">\n\t\t\t\t\t<style>.elementor-element-a3b188d{display:none !important}<\/style>\t\t\t\t<\/div>\n\t\t\t\t<\/div>\n\t\t\t\t<div class=\"elementor-element elementor-element-bb675e0 animated-slow elementor-invisible elementor-widget elementor-widget-heading\" data-id=\"bb675e0\" data-element_type=\"widget\" data-e-type=\"widget\" data-settings=\"{&quot;_animation&quot;:&quot;fadeInRight&quot;}\" data-no-translation=\"\" data-widget_type=\"heading.default\">\n\t\t\t\t<div class=\"elementor-widget-container\">\n\t\t\t\t\t<style>.elementor-element-bb675e0{display:none !important}<\/style>\t\t\t\t<\/div>\n\t\t\t\t<\/div>\n\t\t\t\t<div class=\"elementor-element elementor-element-87482d5 animated-slow elementor-invisible elementor-widget elementor-widget-heading\" data-id=\"87482d5\" data-element_type=\"widget\" data-e-type=\"widget\" data-settings=\"{&quot;_animation&quot;:&quot;fadeInRight&quot;}\" data-no-translation=\"\" data-widget_type=\"heading.default\">\n\t\t\t\t<div class=\"elementor-widget-container\">\n\t\t\t\t\t<h2 class=\"elementor-heading-title elementor-size-default\">SEIT<\/h2>\t\t\t\t<\/div>\n\t\t\t\t<\/div>\n\t\t\t\t<div class=\"elementor-element elementor-element-a487d5b animated-slow elementor-invisible elementor-widget elementor-widget-heading\" data-id=\"a487d5b\" data-element_type=\"widget\" data-e-type=\"widget\" data-settings=\"{&quot;_animation&quot;:&quot;fadeInRight&quot;}\" data-no-translation=\"\" data-widget_type=\"heading.default\">\n\t\t\t\t<div class=\"elementor-widget-container\">\n\t\t\t\t\t<style>.elementor-element-a487d5b{display:none !important}<\/style>\t\t\t\t<\/div>\n\t\t\t\t<\/div>\n\t\t\t\t<div class=\"elementor-element elementor-element-21fe10d animated-slow elementor-invisible elementor-widget elementor-widget-heading\" data-id=\"21fe10d\" data-element_type=\"widget\" data-e-type=\"widget\" id=\"micromic_chisiamo_anno\" data-settings=\"{&quot;_animation&quot;:&quot;fadeInRight&quot;}\" data-widget_type=\"heading.default\">\n\t\t\t\t<div class=\"elementor-widget-container\">\n\t\t\t\t\t<h2 class=\"elementor-heading-title elementor-size-default\">1989<\/h2>\t\t\t\t<\/div>\n\t\t\t\t<\/div>\n\t\t\t\t<div class=\"elementor-element elementor-element-705116d elementor-invisible elementor-widget elementor-widget-text-editor\" data-id=\"705116d\" data-element_type=\"widget\" data-e-type=\"widget\" data-settings=\"{&quot;_animation&quot;:&quot;fadeIn&quot;}\" data-no-translation=\"\" data-widget_type=\"text-editor.default\">\n\t\t\t\t<div class=\"elementor-widget-container\">\n\t\t\t\t\t<style>.elementor-element-705116d{display:none !important}<\/style>\t\t\t\t<\/div>\n\t\t\t\t<\/div>\n\t\t\t\t<div class=\"elementor-element elementor-element-26e181e elementor-invisible elementor-widget elementor-widget-text-editor\" data-id=\"26e181e\" data-element_type=\"widget\" data-e-type=\"widget\" data-settings=\"{&quot;_animation&quot;:&quot;fadeIn&quot;}\" data-no-translation=\"\" data-widget_type=\"text-editor.default\">\n\t\t\t\t<div class=\"elementor-widget-container\">\n\t\t\t\t\t<style>.elementor-element-26e181e{display:none !important}<\/style>\t\t\t\t<\/div>\n\t\t\t\t<\/div>\n\t\t\t\t<div class=\"elementor-element elementor-element-0d93cdc elementor-invisible elementor-widget elementor-widget-text-editor\" data-id=\"0d93cdc\" data-element_type=\"widget\" data-e-type=\"widget\" data-settings=\"{&quot;_animation&quot;:&quot;fadeIn&quot;}\" data-no-translation=\"\" data-widget_type=\"text-editor.default\">\n\t\t\t\t<div class=\"elementor-widget-container\">\n\t\t\t\t\t<style>.elementor-element-0d93cdc{display:none !important}<\/style>\t\t\t\t<\/div>\n\t\t\t\t<\/div>\n\t\t\t\t<div class=\"elementor-element elementor-element-5ca57f1 elementor-invisible elementor-widget elementor-widget-text-editor\" data-id=\"5ca57f1\" data-element_type=\"widget\" data-e-type=\"widget\" data-settings=\"{&quot;_animation&quot;:&quot;fadeIn&quot;}\" data-no-translation=\"\" data-widget_type=\"text-editor.default\">\n\t\t\t\t<div class=\"elementor-widget-container\">\n\t\t\t\t\t<style>.elementor-element-5ca57f1{display:none !important}<\/style>\t\t\t\t<\/div>\n\t\t\t\t<\/div>\n\t\t\t\t<div class=\"elementor-element elementor-element-fa8406b elementor-invisible elementor-widget elementor-widget-text-editor\" data-id=\"fa8406b\" data-element_type=\"widget\" data-e-type=\"widget\" data-settings=\"{&quot;_animation&quot;:&quot;fadeIn&quot;}\" data-no-translation=\"\" data-widget_type=\"text-editor.default\">\n\t\t\t\t<div class=\"elementor-widget-container\">\n\t\t\t\t\t\t\t\t\t<p>Micromic S.r.l. wurde 1989 gegr\u00fcndet und entstand aus der Intuition heraus, den Ersatzteilsektor f\u00fcr Haushaltsger\u00e4te zu revolutionieren, indem es eine anpassungsf\u00e4hige, aber qualitativ hochwertige Alternative anbietet.<\/p><p>Seit seiner Gr\u00fcndung hat Micromic seinen Horizont erweitert, indem es von Ersatzteilen f\u00fcr kleine bis zu gro\u00dfen Haushaltsger\u00e4ten expandiert hat, bis zum Verkauf von Vending- Ersatzteilen , einem Sektor, in dem das Unternehmen seit 12 Jahren t\u00e4tig ist.<\/p>\t\t\t\t\t\t\t\t<\/div>\n\t\t\t\t<\/div>\n\t\t\t\t<div class=\"elementor-element elementor-element-037fe4a elementor-invisible elementor-widget elementor-widget-text-editor\" data-id=\"037fe4a\" data-element_type=\"widget\" data-e-type=\"widget\" data-settings=\"{&quot;_animation&quot;:&quot;fadeIn&quot;}\" data-no-translation=\"\" data-widget_type=\"text-editor.default\">\n\t\t\t\t<div class=\"elementor-widget-container\">\n\t\t\t\t\t<style>.elementor-element-037fe4a{display:none !important}<\/style>\t\t\t\t<\/div>\n\t\t\t\t<\/div>\n\t\t\t\t\t\t<\/div>\r\n\t\t\t\t<\/div>\r\n\t\t\t\t\t\t\t\t<\/div>\r\n\t\t\t<\/section>\r\n\t\t\t\t\t\t<div class=\"elementor-element elementor-element-9acb0fb e-con-full elementor-hidden-tablet elementor-hidden-mobile e-flex e-con e-parent\" data-id=\"9acb0fb\" data-element_type=\"container\" data-e-type=\"container\">\r\n\t\t\t\t\t<div class=\"elementor-element elementor-element-9ca9078 animated-slow elementor-invisible elementor-widget elementor-widget-image\" data-id=\"9ca9078\" data-element_type=\"widget\" data-e-type=\"widget\" data-settings=\"{&quot;_animation&quot;:&quot;fadeIn&quot;}\" data-widget_type=\"image.default\">\n\t\t\t\t<div class=\"elementor-widget-container\">\n\t\t\t\t\t\t\t\t\t\t\t\t\t\t\t<img loading=\"lazy\" decoding=\"async\" width=\"7917\" height=\"2500\" src=\"https:\/\/www.micromic.com\/wp-content\/uploads\/2024\/04\/BANNER_CHI_SIAMO.png\" class=\"attachment-full size-full wp-image-15133\" alt=\"\" srcset=\"https:\/\/www.micromic.com\/wp-content\/uploads\/2024\/04\/BANNER_CHI_SIAMO.png 7917w, https:\/\/www.micromic.com\/wp-content\/uploads\/2024\/04\/BANNER_CHI_SIAMO-1024x323.png 1024w, https:\/\/www.micromic.com\/wp-content\/uploads\/2024\/04\/BANNER_CHI_SIAMO-768x243.png 768w, https:\/\/www.micromic.com\/wp-content\/uploads\/2024\/04\/BANNER_CHI_SIAMO-1536x485.png 1536w, https:\/\/www.micromic.com\/wp-content\/uploads\/2024\/04\/BANNER_CHI_SIAMO-2048x647.png 2048w, https:\/\/www.micromic.com\/wp-content\/uploads\/2024\/04\/BANNER_CHI_SIAMO-600x189.png 600w\" sizes=\"auto, (max-width: 7917px) 100vw, 7917px\" \/>\t\t\t\t\t\t\t\t\t\t\t\t\t\t\t<\/div>\n\t\t\t\t<\/div>\n\t\t\r\n\t\t\t<\/div>\r\n\t\t\t\t\t<section class=\"elementor-section elementor-top-section elementor-element elementor-element-d9f3e2a elementor-section-content-middle elementor-section-boxed elementor-section-height-default elementor-section-height-default\" data-id=\"d9f3e2a\" data-element_type=\"section\" data-e-type=\"section\" data-no-translation=\"\">\r\n\t\t\t\t\t\t\t\t<div class=\"elementor-container container-fluid elementor-column-gap-default\">\r\n\t\t\t\t\r\n\t\t\t\t\t\t\t\t<div class=\"elementor-column elementor-col-100 elementor-top-column elementor-element elementor-element-d620c97\" data-id=\"d620c97\" data-element_type=\"column\" data-e-type=\"column\">\r\n\r\n\t\t\t\t\r\n\t\t\t\t<div class=\"elementor-widget-wrap elementor-element-populated\">\r\n\t\t\t\t\t\t\t\t\t\t\r\n\t\t\t\t\t\t<div class=\"elementor-element elementor-element-25d13a5 animated-slow elementor-invisible elementor-widget elementor-widget-heading\" data-id=\"25d13a5\" data-element_type=\"widget\" data-e-type=\"widget\" data-settings=\"{&quot;_animation&quot;:&quot;fadeInRight&quot;}\" data-widget_type=\"heading.default\">\n\t\t\t\t<div class=\"elementor-widget-container\">\n\t\t\t\t\t<h2 class=\"elementor-heading-title elementor-size-default\">UNSERE<\/h2>\t\t\t\t<\/div>\n\t\t\t\t<\/div>\n\t\t\t\t<div class=\"elementor-element elementor-element-53d7834 animated-slow elementor-invisible elementor-widget elementor-widget-heading\" data-id=\"53d7834\" data-element_type=\"widget\" data-e-type=\"widget\" data-settings=\"{&quot;_animation&quot;:&quot;fadeInRight&quot;}\" data-widget_type=\"heading.default\">\n\t\t\t\t<div class=\"elementor-widget-container\">\n\t\t\t\t\t<h2 class=\"elementor-heading-title elementor-size-default\">ENTWICKLUNG<\/h2>\t\t\t\t<\/div>\n\t\t\t\t<\/div>\n\t\t\t\t<div class=\"elementor-element elementor-element-d9b02d5 elementor-widget elementor-widget-text-editor\" data-id=\"d9b02d5\" data-element_type=\"widget\" data-e-type=\"widget\" data-widget_type=\"text-editor.default\">\n\t\t\t\t<div class=\"elementor-widget-container\">\n\t\t\t\t\t\t\t\t\t<p>Von einem kleinen Keller bis zum 10000 Quadratmeter gro\u00dfen Unternehmen.<\/p><p>Eine Verwandlung, die die Geschichte unserer Entwicklung erz\u00e4hlt, die aus Engagement, Hingabe und Leidenschaft besteht, die uns zu dem gemacht hat, was wir heute sind.<\/p><p>Mit mehr als 40 Mitarbeitern, 10 Abteilungen und mehr als 10000 Produkten entwickeln wir uns kontinuierlich weiter.<\/p>\t\t\t\t\t\t\t\t<\/div>\n\t\t\t\t<\/div>\n\t\t\t\t\t\t<\/div>\r\n\t\t\t\t<\/div>\r\n\t\t\t\t\t\t\t\t<\/div>\r\n\t\t\t<\/section>\r\n\t\t\t\t\t\t<div class=\"elementor-element elementor-element-ba65650 e-con-full elementor-hidden-tablet elementor-hidden-mobile e-flex e-con e-parent\" data-id=\"ba65650\" data-element_type=\"container\" data-e-type=\"container\">\r\n\t\t\t\t\t<div class=\"elementor-element elementor-element-ddd3600 elementor-invisible elementor-widget elementor-widget-image\" data-id=\"ddd3600\" data-element_type=\"widget\" data-e-type=\"widget\" data-settings=\"{&quot;_animation&quot;:&quot;fadeIn&quot;}\" data-widget_type=\"image.default\">\n\t\t\t\t<div class=\"elementor-widget-container\">\n\t\t\t\t\t\t\t\t\t\t\t\t\t\t\t<img loading=\"lazy\" decoding=\"async\" width=\"3958\" height=\"1250\" src=\"https:\/\/www.micromic.com\/wp-content\/uploads\/2024\/04\/BANNER_MODULA-1.png\" class=\"attachment-full size-full wp-image-15749\" alt=\"\" srcset=\"https:\/\/www.micromic.com\/wp-content\/uploads\/2024\/04\/BANNER_MODULA-1.png 3958w, https:\/\/www.micromic.com\/wp-content\/uploads\/2024\/04\/BANNER_MODULA-1-1024x323.png 1024w, https:\/\/www.micromic.com\/wp-content\/uploads\/2024\/04\/BANNER_MODULA-1-768x243.png 768w, https:\/\/www.micromic.com\/wp-content\/uploads\/2024\/04\/BANNER_MODULA-1-1536x485.png 1536w, https:\/\/www.micromic.com\/wp-content\/uploads\/2024\/04\/BANNER_MODULA-1-2048x647.png 2048w, https:\/\/www.micromic.com\/wp-content\/uploads\/2024\/04\/BANNER_MODULA-1-600x189.png 600w\" sizes=\"auto, (max-width: 3958px) 100vw, 3958px\" \/>\t\t\t\t\t\t\t\t\t\t\t\t\t\t\t<\/div>\n\t\t\t\t<\/div>\n\t\t\r\n\t\t\t<\/div>\r\n\t\t\t\t\t<section class=\"elementor-section elementor-top-section elementor-element elementor-element-6c27d30 elementor-section-content-middle elementor-section-boxed elementor-section-height-default elementor-section-height-default\" data-id=\"6c27d30\" data-element_type=\"section\" data-e-type=\"section\" data-no-translation=\"\">\r\n\t\t\t\t\t\t\t\t<div class=\"elementor-container container-fluid elementor-column-gap-default\">\r\n\t\t\t\t\r\n\t\t\t\t\t\t\t\t<div class=\"elementor-column elementor-col-100 elementor-top-column elementor-element elementor-element-eeca135\" data-id=\"eeca135\" data-element_type=\"column\" data-e-type=\"column\">\r\n\r\n\t\t\t\t\r\n\t\t\t\t<div class=\"elementor-widget-wrap elementor-element-populated\">\r\n\t\t\t\t\t\t\t\t\t\t\r\n\t\t\t\t\t\t<div class=\"elementor-element elementor-element-4006c78 animated-slow elementor-invisible elementor-widget elementor-widget-heading\" data-id=\"4006c78\" data-element_type=\"widget\" data-e-type=\"widget\" data-settings=\"{&quot;_animation&quot;:&quot;fadeInRight&quot;}\" data-widget_type=\"heading.default\">\n\t\t\t\t<div class=\"elementor-widget-container\">\n\t\t\t\t\t<h2 class=\"elementor-heading-title elementor-size-default\">DIE NEUE<\/h2>\t\t\t\t<\/div>\n\t\t\t\t<\/div>\n\t\t\t\t<div class=\"elementor-element elementor-element-f8ef56a animated-slow micromic_chisiamo_sede elementor-invisible elementor-widget elementor-widget-heading\" data-id=\"f8ef56a\" data-element_type=\"widget\" data-e-type=\"widget\" data-settings=\"{&quot;_animation&quot;:&quot;fadeInRight&quot;}\" data-widget_type=\"heading.default\">\n\t\t\t\t<div class=\"elementor-widget-container\">\n\t\t\t\t\t<h2 class=\"elementor-heading-title elementor-size-default\">FIRMA<\/h2>\t\t\t\t<\/div>\n\t\t\t\t<\/div>\n\t\t\t\t<div class=\"elementor-element elementor-element-c601acf elementor-invisible elementor-widget elementor-widget-text-editor\" data-id=\"c601acf\" data-element_type=\"widget\" data-e-type=\"widget\" data-settings=\"{&quot;_animation&quot;:&quot;fadeIn&quot;}\" data-widget_type=\"text-editor.default\">\n\t\t\t\t<div class=\"elementor-widget-container\">\n\t\t\t\t\t\t\t\t\t<p>Wir sind vor kurzem in unserer neuen Firma in Via Campobello, 41 in Pomezia umgezogen.<\/p><p>Ein Geb\u00e4ude von 10000 m<sup>2<\/sup> mit:<br \/>\u2022 Ein Lager von \u00fcber 5000 m<sup>2<\/sup><br \/>\u2022 Eine Fl\u00e4che von 1000 m<sup>2<\/sup> automatisiertes Lager<br \/>\u2022 3 Etagen mit B\u00fcros und eine Oberfl\u00e4che von 3000 m<sup>2<\/sup><br \/>\u2022 Ein Bereich f\u00fcr Personalisierung und Verpackung<\/p>\t\t\t\t\t\t\t\t<\/div>\n\t\t\t\t<\/div>\n\t\t\t\t\t\t<\/div>\r\n\t\t\t\t<\/div>\r\n\t\t\t\t\t\t\t\t<\/div>\r\n\t\t\t<\/section>\r\n\t\t\t\t\t\t<div class=\"elementor-element elementor-element-f7a35e8 e-con-full e-flex e-con e-parent\" data-id=\"f7a35e8\" data-element_type=\"container\" data-e-type=\"container\">\r\n\t\t\t\t\t<div class=\"elementor-element elementor-element-67828cf animated-slow elementor-invisible elementor-widget elementor-widget-image\" data-id=\"67828cf\" data-element_type=\"widget\" data-e-type=\"widget\" data-settings=\"{&quot;_animation&quot;:&quot;fadeIn&quot;}\" data-widget_type=\"image.default\">\n\t\t\t\t<div class=\"elementor-widget-container\">\n\t\t\t\t\t\t\t\t\t\t\t\t\t\t\t<img loading=\"lazy\" decoding=\"async\" width=\"3958\" height=\"1250\" src=\"https:\/\/www.micromic.com\/wp-content\/uploads\/2024\/04\/BANNER_NUOVA_SEDE.png\" class=\"attachment-full size-full wp-image-15135\" alt=\"\" srcset=\"https:\/\/www.micromic.com\/wp-content\/uploads\/2024\/04\/BANNER_NUOVA_SEDE.png 3958w, https:\/\/www.micromic.com\/wp-content\/uploads\/2024\/04\/BANNER_NUOVA_SEDE-1024x323.png 1024w, https:\/\/www.micromic.com\/wp-content\/uploads\/2024\/04\/BANNER_NUOVA_SEDE-768x243.png 768w, https:\/\/www.micromic.com\/wp-content\/uploads\/2024\/04\/BANNER_NUOVA_SEDE-1536x485.png 1536w, https:\/\/www.micromic.com\/wp-content\/uploads\/2024\/04\/BANNER_NUOVA_SEDE-2048x647.png 2048w, https:\/\/www.micromic.com\/wp-content\/uploads\/2024\/04\/BANNER_NUOVA_SEDE-600x189.png 600w\" sizes=\"auto, (max-width: 3958px) 100vw, 3958px\" \/>\t\t\t\t\t\t\t\t\t\t\t\t\t\t\t<\/div>\n\t\t\t\t<\/div>\n\t\t\r\n\t\t\t<\/div>\r\n\t\t\t\t\t<\/div>","protected":false},"excerpt":{"rendered":"<p>since 1989 Fondata nel 1989, Micromic S.r.l. nasce dall\u2019intuizione di rivoluzionare il settore dei ricambi per elettrodomestici offrendo un\u2019alternativa adattabile, ma di alta qualit\u00e0. Dalla fondazione a oggi Micromic ha ampliato i suoi orizzonti espandendosi dai ricambi per piccoli ai grandi elettrodomestici, spingendosi fino alla ricambistica del vending,\u00a0settore nel quale opera ormai da 12 anni. [&hellip;]<\/p>\n","protected":false},"author":1,"featured_media":0,"parent":0,"menu_order":0,"comment_status":"closed","ping_status":"closed","template":"","meta":{"footnotes":""},"class_list":["post-75","page","type-page","status-publish","hentry"],"_links":{"self":[{"href":"https:\/\/www.micromic.com\/de\/wp-json\/wp\/v2\/pages\/75","targetHints":{"allow":["GET"]}}],"collection":[{"href":"https:\/\/www.micromic.com\/de\/wp-json\/wp\/v2\/pages"}],"about":[{"href":"https:\/\/www.micromic.com\/de\/wp-json\/wp\/v2\/types\/page"}],"author":[{"embeddable":true,"href":"https:\/\/www.micromic.com\/de\/wp-json\/wp\/v2\/users\/1"}],"replies":[{"embeddable":true,"href":"https:\/\/www.micromic.com\/de\/wp-json\/wp\/v2\/comments?post=75"}],"version-history":[{"count":0,"href":"https:\/\/www.micromic.com\/de\/wp-json\/wp\/v2\/pages\/75\/revisions"}],"wp:attachment":[{"href":"https:\/\/www.micromic.com\/de\/wp-json\/wp\/v2\/media?parent=75"}],"curies":[{"name":"wp","href":"https:\/\/api.w.org\/{rel}","templated":true}]}}