{"id":120632,"date":"2025-04-04T16:03:11","date_gmt":"2025-04-04T14:03:11","guid":{"rendered":"https:\/\/www.micromic.com\/product\/bruciatori-in-alluminio-kit4pz-1-grande-o99mm-2-medi-o69mm-1-piccolo-o45mm\/"},"modified":"2026-01-20T14:54:32","modified_gmt":"2026-01-20T13:54:32","slug":"bruciatori-in-alluminio-kit4pz-1-grande-o99mm-2-medi-o69mm-1-piccolo-o45mm","status":"publish","type":"product","link":"https:\/\/www.micromic.com\/en\/product\/bruciatori-in-alluminio-kit4pz-1-grande-o99mm-2-medi-o69mm-1-piccolo-o45mm\/","title":{"rendered":"Bruciatori in alluminio kit4Pz, 1 grande \u00d899mm ,2 medi \u00d869mm ,1 piccolo \u00d845mm"},"content":{"rendered":"","protected":false},"excerpt":{"rendered":"","protected":false},"featured_media":298580,"template":"","meta":[],"product_brand":[4694],"product_cat":[4884,4457,4705,4419],"product_tag":[],"class_list":{"0":"post-120632","1":"product","2":"type-product","3":"status-publish","4":"has-post-thumbnail","6":"product_brand-indesit-ariston","7":"product_cat-bruciatore","8":"product_cat-cottura","9":"product_cat-cucine-e-piani-cottura","10":"product_cat-domestico","12":"first","13":"instock","14":"shipping-taxable","15":"purchasable","16":"product-type-simple"},"_links":{"self":[{"href":"https:\/\/www.micromic.com\/en\/wp-json\/wp\/v2\/product\/120632","targetHints":{"allow":["GET"]}}],"collection":[{"href":"https:\/\/www.micromic.com\/en\/wp-json\/wp\/v2\/product"}],"about":[{"href":"https:\/\/www.micromic.com\/en\/wp-json\/wp\/v2\/types\/product"}],"wp:featuredmedia":[{"embeddable":true,"href":"https:\/\/www.micromic.com\/en\/wp-json\/wp\/v2\/media\/298580"}],"wp:attachment":[{"href":"https:\/\/www.micromic.com\/en\/wp-json\/wp\/v2\/media?parent=120632"}],"wp:term":[{"taxonomy":"product_brand","embeddable":true,"href":"https:\/\/www.micromic.com\/en\/wp-json\/wp\/v2\/product_brand?post=120632"},{"taxonomy":"product_cat","embeddable":true,"href":"https:\/\/www.micromic.com\/en\/wp-json\/wp\/v2\/product_cat?post=120632"},{"taxonomy":"product_tag","embeddable":true,"href":"https:\/\/www.micromic.com\/en\/wp-json\/wp\/v2\/product_tag?post=120632"}],"curies":[{"name":"wp","href":"https:\/\/api.w.org\/{rel}","templated":true}]}}