{"id":121119,"date":"2025-04-04T16:18:02","date_gmt":"2025-04-04T14:18:02","guid":{"rendered":"https:\/\/www.micromic.com\/product\/piattelli-kit-4pz-1-grande-o98mm2-medi-o-66m-1-piccolo-o54mm-smaltati-neri\/"},"modified":"2026-01-20T15:04:30","modified_gmt":"2026-01-20T14:04:30","slug":"piattelli-kit-4pz-1-grande-o98mm2-medi-o-66m-1-piccolo-o54mm-smaltati-neri","status":"publish","type":"product","link":"https:\/\/www.micromic.com\/en\/product\/piattelli-kit-4pz-1-grande-o98mm2-medi-o-66m-1-piccolo-o54mm-smaltati-neri\/","title":{"rendered":"Piattelli kit 4Pz, 1 grande \u00d898mm,2 medi \u00d8 66m, 1 piccolo \u00d854mm smaltati neri"},"content":{"rendered":"","protected":false},"excerpt":{"rendered":"","protected":false},"featured_media":298610,"template":"","meta":[],"product_brand":[4693],"product_cat":[4420,5543,4419,5545],"product_tag":[],"class_list":{"0":"post-121119","1":"product","2":"type-product","3":"status-publish","4":"has-post-thumbnail","6":"product_brand-electrolux","7":"product_cat-cucina","8":"product_cat-cucine-e-piani-cottura-cucina","9":"product_cat-domestico","10":"product_cat-piattello-cucine-e-piani-cottura-cucina","12":"first","13":"instock","14":"shipping-taxable","15":"purchasable","16":"product-type-simple"},"_links":{"self":[{"href":"https:\/\/www.micromic.com\/en\/wp-json\/wp\/v2\/product\/121119","targetHints":{"allow":["GET"]}}],"collection":[{"href":"https:\/\/www.micromic.com\/en\/wp-json\/wp\/v2\/product"}],"about":[{"href":"https:\/\/www.micromic.com\/en\/wp-json\/wp\/v2\/types\/product"}],"wp:featuredmedia":[{"embeddable":true,"href":"https:\/\/www.micromic.com\/en\/wp-json\/wp\/v2\/media\/298610"}],"wp:attachment":[{"href":"https:\/\/www.micromic.com\/en\/wp-json\/wp\/v2\/media?parent=121119"}],"wp:term":[{"taxonomy":"product_brand","embeddable":true,"href":"https:\/\/www.micromic.com\/en\/wp-json\/wp\/v2\/product_brand?post=121119"},{"taxonomy":"product_cat","embeddable":true,"href":"https:\/\/www.micromic.com\/en\/wp-json\/wp\/v2\/product_cat?post=121119"},{"taxonomy":"product_tag","embeddable":true,"href":"https:\/\/www.micromic.com\/en\/wp-json\/wp\/v2\/product_tag?post=121119"}],"curies":[{"name":"wp","href":"https:\/\/api.w.org\/{rel}","templated":true}]}}