{"id":74033,"date":"2025-02-19T11:27:46","date_gmt":"2025-02-19T10:27:46","guid":{"rendered":"https:\/\/www.micromic.com\/?page_id=74033"},"modified":"2025-02-26T06:31:09","modified_gmt":"2025-02-26T05:31:09","slug":"quality-policy","status":"publish","type":"page","link":"https:\/\/www.micromic.com\/es\/quality-policy\/","title":{"rendered":"Quality Policy"},"content":{"rendered":"<div data-elementor-type=\"wp-page\" data-elementor-id=\"74033\" class=\"elementor elementor-74033\">\n\t\t\t\t\t\t\t<div class=\"elementor-element elementor-element-a9fb594 e-flex e-con-boxed e-con e-parent\" data-id=\"a9fb594\" data-element_type=\"container\" data-e-type=\"container\">\r\n\t\t\t\t\t\t\t<div class=\"e-con-inner\">\r\n\t\t\t\t\t\t<div class=\"elementor-element elementor-element-f629983 elementor-widget elementor-widget-heading\" data-id=\"f629983\" data-element_type=\"widget\" data-e-type=\"widget\" data-no-translation=\"\" data-widget_type=\"heading.default\">\n\t\t\t\t<div class=\"elementor-widget-container\">\n\t\t\t\t\t<style>.elementor-element-f629983{display:none !important}<\/style>\t\t\t\t<\/div>\n\t\t\t\t<\/div>\n\t\t\t\t<div class=\"elementor-element elementor-element-9295cbd elementor-widget elementor-widget-heading\" data-id=\"9295cbd\" data-element_type=\"widget\" data-e-type=\"widget\" data-no-translation=\"\" data-widget_type=\"heading.default\">\n\t\t\t\t<div class=\"elementor-widget-container\">\n\t\t\t\t\t<style>.elementor-element-9295cbd{display:none !important}<\/style>\t\t\t\t<\/div>\n\t\t\t\t<\/div>\n\t\t\t\t<div class=\"elementor-element elementor-element-f397890 elementor-widget elementor-widget-heading\" data-id=\"f397890\" data-element_type=\"widget\" data-e-type=\"widget\" data-no-translation=\"\" data-widget_type=\"heading.default\">\n\t\t\t\t<div class=\"elementor-widget-container\">\n\t\t\t\t\t<style>.elementor-element-f397890{display:none !important}<\/style>\t\t\t\t<\/div>\n\t\t\t\t<\/div>\n\t\t\t\t<div class=\"elementor-element elementor-element-12bae82 elementor-widget elementor-widget-heading\" data-id=\"12bae82\" data-element_type=\"widget\" data-e-type=\"widget\" data-no-translation=\"\" data-widget_type=\"heading.default\">\n\t\t\t\t<div class=\"elementor-widget-container\">\n\t\t\t\t\t<h1 class=\"elementor-heading-title elementor-size-default\"><span style=\"color:#A0C230\">Pol\u00edtica<\/span> de <span style=\"color:#1f96d2\">Calidad<\/span><\/h1>\t\t\t\t<\/div>\n\t\t\t\t<\/div>\n\t\t\t\t<div class=\"elementor-element elementor-element-c36d6de elementor-widget elementor-widget-heading\" data-id=\"c36d6de\" data-element_type=\"widget\" data-e-type=\"widget\" data-no-translation=\"\" data-widget_type=\"heading.default\">\n\t\t\t\t<div class=\"elementor-widget-container\">\n\t\t\t\t\t<style>.elementor-element-c36d6de{display:none !important}<\/style>\t\t\t\t<\/div>\n\t\t\t\t<\/div>\n\t\t\t\t<div class=\"elementor-element elementor-element-4cde00c elementor-widget elementor-widget-heading\" data-id=\"4cde00c\" data-element_type=\"widget\" data-e-type=\"widget\" data-no-translation=\"\" data-widget_type=\"heading.default\">\n\t\t\t\t<div class=\"elementor-widget-container\">\n\t\t\t\t\t<style>.elementor-element-4cde00c{display:none !important}<\/style>\t\t\t\t<\/div>\n\t\t\t\t<\/div>\n\t\t\t\t\t\t<\/div>\r\n\t\t\t\t\r\n\t\t\t<\/div>\r\n\t\t\t\t\t\t<div class=\"elementor-element elementor-element-3a445c4 e-flex e-con-boxed e-con e-parent\" data-id=\"3a445c4\" data-element_type=\"container\" data-e-type=\"container\">\r\n\t\t\t\t\t\t\t<div class=\"e-con-inner\">\r\n\t\t\t\t\t\t<div class=\"elementor-element elementor-element-76caabb elementor-widget elementor-widget-spacer\" data-id=\"76caabb\" data-element_type=\"widget\" data-e-type=\"widget\" data-widget_type=\"spacer.default\">\n\t\t\t\t<div class=\"elementor-widget-container\">\n\t\t\t\t\t\t\t<div class=\"elementor-spacer\">\n\t\t\t<div class=\"elementor-spacer-inner\"><\/div>\n\t\t<\/div>\n\t\t\t\t\t\t<\/div>\n\t\t\t\t<\/div>\n\t\t\t\t<div class=\"elementor-element elementor-element-0dec02d elementor-widget elementor-widget-text-editor\" data-id=\"0dec02d\" data-element_type=\"widget\" data-e-type=\"widget\" data-no-translation=\"\" data-widget_type=\"text-editor.default\">\n\t\t\t\t<div class=\"elementor-widget-container\">\n\t\t\t\t\t<style>.elementor-element-0dec02d{display:none !important}<\/style>\t\t\t\t<\/div>\n\t\t\t\t<\/div>\n\t\t\t\t<div class=\"elementor-element elementor-element-701b64e elementor-widget elementor-widget-text-editor\" data-id=\"701b64e\" data-element_type=\"widget\" data-e-type=\"widget\" data-no-translation=\"\" data-widget_type=\"text-editor.default\">\n\t\t\t\t<div class=\"elementor-widget-container\">\n\t\t\t\t\t<style>.elementor-element-701b64e{display:none !important}<\/style>\t\t\t\t<\/div>\n\t\t\t\t<\/div>\n\t\t\t\t<div class=\"elementor-element elementor-element-7eb7bb8 elementor-widget elementor-widget-text-editor\" data-id=\"7eb7bb8\" data-element_type=\"widget\" data-e-type=\"widget\" data-no-translation=\"\" data-widget_type=\"text-editor.default\">\n\t\t\t\t<div class=\"elementor-widget-container\">\n\t\t\t\t\t<style>.elementor-element-7eb7bb8{display:none !important}<\/style>\t\t\t\t<\/div>\n\t\t\t\t<\/div>\n\t\t\t\t<div class=\"elementor-element elementor-element-8e384af elementor-widget elementor-widget-text-editor\" data-id=\"8e384af\" data-element_type=\"widget\" data-e-type=\"widget\" data-no-translation=\"\" data-widget_type=\"text-editor.default\">\n\t\t\t\t<div class=\"elementor-widget-container\">\n\t\t\t\t\t\t\t\t\t<p>Ofrecemos a nuestros clientes una oportunidad \u00e9tica y sostenible a trav\u00e9s de repuestos y accesorios de alta calidad para electrodom\u00e9sticos, m\u00e1quinas expendedoras, caf\u00e9 profesional, refrigeraci\u00f3n comercial para la restauraci\u00f3n, Ho.Re.Ca. y la distribuci\u00f3n organizada de productos de alto valor tecnol\u00f3gico, mediante el desarrollo de asociaciones comerciales y soluciones r\u00e1pidas que respeten los est\u00e1ndares del mercado.<\/p><p>Nuestro objetivo estrat\u00e9gico es convertirnos en el referente de calidad y servicios en el sector de repuestos y accesorios para productos originales y adaptables, incluyendo electrodom\u00e9sticos, m\u00e1quinas expendedoras, caf\u00e9 profesional, Ho.Re.Ca., y la distribuci\u00f3n organizada de productos de alto valor tecnol\u00f3gico, adapt\u00e1ndonos al mercado y alcanzando nuestros objetivos de crecimiento.<\/p><p>Para lograr este objetivo estrat\u00e9gico, como MICROMIC pretendemos:<\/p><ul><li>aprovechar al m\u00e1ximo nuestra cohesi\u00f3n entre equipos, las relaciones internas y externas, nuestra presencia en nuevos sectores, la flexibilidad y, en particular, la voluntad, la ambici\u00f3n de crecer y la determinaci\u00f3n para perseguir los objetivos que nos definen;<br \/>\u00a0\u00a0<\/li><li>fortalecer a\u00fan m\u00e1s las relaciones externas e internas, ampliar la gama de productos, proporcionar asistencia y soporte tecnol\u00f3gico y cubrir nuevas \u00e1reas de mercado;<br \/>\u00a0\u00a0<\/li><li>mejorar la flexibilidad para adaptarnos y \u2013 si es posible \u2013 superar las exigencias del mercado y de los clientes, la gama de productos, nuestros procesos y la log\u00edstica, asegurando que est\u00e9 lista y impulse el crecimiento empresarial;<br \/>\u00a0\u00a0<\/li><li>identificar los factores que podr\u00edan desviar nuestros procesos y nuestro Sistema de Calidad de los resultados esperados e implementar controles preventivos para superar las amenazas en nuestro ecosistema, minimizar los efectos negativos y maximizar las oportunidades;<br \/>\u00a0\u00a0<\/li><li>cumplir con los requisitos de los clientes y socios comerciales, garantizar el cumplimiento de las obligaciones de MICROMIC y sus productos, y buscar la mejora continua del Sistema de Gesti\u00f3n de Calidad.<\/li><\/ul>\t\t\t\t\t\t\t\t<\/div>\n\t\t\t\t<\/div>\n\t\t\t\t<div class=\"elementor-element elementor-element-ac4a996 elementor-widget elementor-widget-text-editor\" data-id=\"ac4a996\" data-element_type=\"widget\" data-e-type=\"widget\" data-no-translation=\"\" data-widget_type=\"text-editor.default\">\n\t\t\t\t<div class=\"elementor-widget-container\">\n\t\t\t\t\t<style>.elementor-element-ac4a996{display:none !important}<\/style>\t\t\t\t<\/div>\n\t\t\t\t<\/div>\n\t\t\t\t<div class=\"elementor-element elementor-element-2b91257 elementor-widget elementor-widget-text-editor\" data-id=\"2b91257\" data-element_type=\"widget\" data-e-type=\"widget\" data-no-translation=\"\" data-widget_type=\"text-editor.default\">\n\t\t\t\t<div class=\"elementor-widget-container\">\n\t\t\t\t\t<style>.elementor-element-2b91257{display:none !important}<\/style>\t\t\t\t<\/div>\n\t\t\t\t<\/div>\n\t\t\t\t<div class=\"elementor-element elementor-element-28a62cf elementor-widget elementor-widget-spacer\" data-id=\"28a62cf\" data-element_type=\"widget\" data-e-type=\"widget\" data-widget_type=\"spacer.default\">\n\t\t\t\t<div class=\"elementor-widget-container\">\n\t\t\t\t\t\t\t<div class=\"elementor-spacer\">\n\t\t\t<div class=\"elementor-spacer-inner\"><\/div>\n\t\t<\/div>\n\t\t\t\t\t\t<\/div>\n\t\t\t\t<\/div>\n\t\t\t\t<div class=\"elementor-element elementor-element-40908aa elementor-widget elementor-widget-text-editor\" data-id=\"40908aa\" data-element_type=\"widget\" data-e-type=\"widget\" data-widget_type=\"text-editor.default\">\n\t\t\t\t<div class=\"elementor-widget-container\">\n\t\t\t\t\t\t\t\t\t<p>Rev_12-09-2024\u00a0<\/p>\t\t\t\t\t\t\t\t<\/div>\n\t\t\t\t<\/div>\n\t\t\t\t\t\t<\/div>\r\n\t\t\t\t\r\n\t\t\t<\/div>\r\n\t\t\t\t\t<\/div>","protected":false},"excerpt":{"rendered":"<p>POLITICA DELLA QUALIT\u00c1 Offriamo ai nostri clienti un\u2019opportunit\u00e0 etica e sostenibile attraverso ricambi ed accessori di alta qualit\u00e0 per elettrodomestici, distributori automatici, caff\u00e8 professionale, refrigerazione commerciale per la ristorazione, Ho.Re.Ca. e nella distribuzione organizzata di prodotti ad elevato valore tecnologico, mediante lo sviluppo di partnership commerciali e soluzioni rapide e rispettose degli standard di mercato. [&hellip;]<\/p>\n","protected":false},"author":1,"featured_media":0,"parent":0,"menu_order":0,"comment_status":"closed","ping_status":"closed","template":"","meta":{"footnotes":""},"class_list":["post-74033","page","type-page","status-publish","hentry"],"_links":{"self":[{"href":"https:\/\/www.micromic.com\/es\/wp-json\/wp\/v2\/pages\/74033","targetHints":{"allow":["GET"]}}],"collection":[{"href":"https:\/\/www.micromic.com\/es\/wp-json\/wp\/v2\/pages"}],"about":[{"href":"https:\/\/www.micromic.com\/es\/wp-json\/wp\/v2\/types\/page"}],"author":[{"embeddable":true,"href":"https:\/\/www.micromic.com\/es\/wp-json\/wp\/v2\/users\/1"}],"replies":[{"embeddable":true,"href":"https:\/\/www.micromic.com\/es\/wp-json\/wp\/v2\/comments?post=74033"}],"version-history":[{"count":58,"href":"https:\/\/www.micromic.com\/es\/wp-json\/wp\/v2\/pages\/74033\/revisions"}],"predecessor-version":[{"id":74469,"href":"https:\/\/www.micromic.com\/es\/wp-json\/wp\/v2\/pages\/74033\/revisions\/74469"}],"wp:attachment":[{"href":"https:\/\/www.micromic.com\/es\/wp-json\/wp\/v2\/media?parent=74033"}],"curies":[{"name":"wp","href":"https:\/\/api.w.org\/{rel}","templated":true}]}}