{"id":74111,"date":"2025-02-19T17:34:40","date_gmt":"2025-02-19T16:34:40","guid":{"rendered":"https:\/\/www.micromic.com\/?page_id=74111"},"modified":"2025-02-26T06:32:40","modified_gmt":"2025-02-26T05:32:40","slug":"general-terms-and-conditions-of-sale","status":"publish","type":"page","link":"https:\/\/www.micromic.com\/es\/general-terms-and-conditions-of-sale\/","title":{"rendered":"General Terms and Conditions of Sale"},"content":{"rendered":"<div data-elementor-type=\"wp-page\" data-elementor-id=\"74111\" class=\"elementor elementor-74111\">\n\t\t\t\t\t\t\t<div class=\"elementor-element elementor-element-a9fb594 e-flex e-con-boxed e-con e-parent\" data-id=\"a9fb594\" data-element_type=\"container\" data-e-type=\"container\">\r\n\t\t\t\t\t\t\t<div class=\"e-con-inner\">\r\n\t\t\t\t\t\t<div class=\"elementor-element elementor-element-f629983 elementor-widget elementor-widget-heading\" data-id=\"f629983\" data-element_type=\"widget\" data-e-type=\"widget\" data-no-translation=\"\" data-widget_type=\"heading.default\">\n\t\t\t\t<div class=\"elementor-widget-container\">\n\t\t\t\t\t<style>.elementor-element-f629983{display:none !important}<\/style>\t\t\t\t<\/div>\n\t\t\t\t<\/div>\n\t\t\t\t<div class=\"elementor-element elementor-element-9295cbd elementor-widget elementor-widget-heading\" data-id=\"9295cbd\" data-element_type=\"widget\" data-e-type=\"widget\" data-no-translation=\"\" data-widget_type=\"heading.default\">\n\t\t\t\t<div class=\"elementor-widget-container\">\n\t\t\t\t\t<style>.elementor-element-9295cbd{display:none !important}<\/style>\t\t\t\t<\/div>\n\t\t\t\t<\/div>\n\t\t\t\t<div class=\"elementor-element elementor-element-f397890 elementor-widget elementor-widget-heading\" data-id=\"f397890\" data-element_type=\"widget\" data-e-type=\"widget\" data-no-translation=\"\" data-widget_type=\"heading.default\">\n\t\t\t\t<div class=\"elementor-widget-container\">\n\t\t\t\t\t<style>.elementor-element-f397890{display:none !important}<\/style>\t\t\t\t<\/div>\n\t\t\t\t<\/div>\n\t\t\t\t<div class=\"elementor-element elementor-element-12bae82 elementor-widget elementor-widget-heading\" data-id=\"12bae82\" data-element_type=\"widget\" data-e-type=\"widget\" data-no-translation=\"\" data-widget_type=\"heading.default\">\n\t\t\t\t<div class=\"elementor-widget-container\">\n\t\t\t\t\t<h1 class=\"elementor-heading-title elementor-size-default\"><span style=\"color:#A0C230\">Condiciones<\/span>  Generales<br>de <span style=\"color:#1f96d2\">Venta <\/span><\/h1>\t\t\t\t<\/div>\n\t\t\t\t<\/div>\n\t\t\t\t<div class=\"elementor-element elementor-element-c36d6de elementor-widget elementor-widget-heading\" data-id=\"c36d6de\" data-element_type=\"widget\" data-e-type=\"widget\" data-no-translation=\"\" data-widget_type=\"heading.default\">\n\t\t\t\t<div class=\"elementor-widget-container\">\n\t\t\t\t\t<style>.elementor-element-c36d6de{display:none !important}<\/style>\t\t\t\t<\/div>\n\t\t\t\t<\/div>\n\t\t\t\t<div class=\"elementor-element elementor-element-4cde00c elementor-widget elementor-widget-heading\" data-id=\"4cde00c\" data-element_type=\"widget\" data-e-type=\"widget\" data-no-translation=\"\" data-widget_type=\"heading.default\">\n\t\t\t\t<div class=\"elementor-widget-container\">\n\t\t\t\t\t<style>.elementor-element-4cde00c{display:none !important}<\/style>\t\t\t\t<\/div>\n\t\t\t\t<\/div>\n\t\t\t\t\t\t<\/div>\r\n\t\t\t\t\r\n\t\t\t<\/div>\r\n\t\t\t\t\t\t<div class=\"elementor-element elementor-element-3a445c4 e-flex e-con-boxed e-con e-parent\" data-id=\"3a445c4\" data-element_type=\"container\" data-e-type=\"container\">\r\n\t\t\t\t\t\t\t<div class=\"e-con-inner\">\r\n\t\t\t\t\t\t<div class=\"elementor-element elementor-element-76caabb elementor-widget elementor-widget-spacer\" data-id=\"76caabb\" data-element_type=\"widget\" data-e-type=\"widget\" data-widget_type=\"spacer.default\">\n\t\t\t\t<div class=\"elementor-widget-container\">\n\t\t\t\t\t\t\t<div class=\"elementor-spacer\">\n\t\t\t<div class=\"elementor-spacer-inner\"><\/div>\n\t\t<\/div>\n\t\t\t\t\t\t<\/div>\n\t\t\t\t<\/div>\n\t\t\t\t<div class=\"elementor-element elementor-element-0dec02d elementor-widget elementor-widget-text-editor\" data-id=\"0dec02d\" data-element_type=\"widget\" data-e-type=\"widget\" data-no-translation=\"\" data-widget_type=\"text-editor.default\">\n\t\t\t\t<div class=\"elementor-widget-container\">\n\t\t\t\t\t<style>.elementor-element-0dec02d{display:none !important}<\/style>\t\t\t\t<\/div>\n\t\t\t\t<\/div>\n\t\t\t\t<div class=\"elementor-element elementor-element-701b64e elementor-widget elementor-widget-text-editor\" data-id=\"701b64e\" data-element_type=\"widget\" data-e-type=\"widget\" data-no-translation=\"\" data-widget_type=\"text-editor.default\">\n\t\t\t\t<div class=\"elementor-widget-container\">\n\t\t\t\t\t<style>.elementor-element-701b64e{display:none !important}<\/style>\t\t\t\t<\/div>\n\t\t\t\t<\/div>\n\t\t\t\t<div class=\"elementor-element elementor-element-7eb7bb8 elementor-widget elementor-widget-text-editor\" data-id=\"7eb7bb8\" data-element_type=\"widget\" data-e-type=\"widget\" data-no-translation=\"\" data-widget_type=\"text-editor.default\">\n\t\t\t\t<div class=\"elementor-widget-container\">\n\t\t\t\t\t<style>.elementor-element-7eb7bb8{display:none !important}<\/style>\t\t\t\t<\/div>\n\t\t\t\t<\/div>\n\t\t\t\t<div class=\"elementor-element elementor-element-8e384af elementor-widget elementor-widget-text-editor\" data-id=\"8e384af\" data-element_type=\"widget\" data-e-type=\"widget\" data-no-translation=\"\" data-widget_type=\"text-editor.default\">\n\t\t\t\t<div class=\"elementor-widget-container\">\n\t\t\t\t\t\t\t\t\t<p><strong>ART. 1 &#8211; PRE\u00c1MBULO &#8211; APLICACI\u00d3N<\/strong><\/p><ul><li>Las presentes Condiciones Generales de Venta regulan los contratos de venta de los productos comercializados por Micromic S.r.l., con domicilio social en Pomezia (RM) en Via Campobello n. 41, C.F. y NIF 03669521001, en calidad de parte vendedora (en adelante tambi\u00e9n denominada \u201cMicromic\u201d, \u201cvendedor\u201d o \u201cparte vendedora\u201d), y las empresas o personas compradoras (en adelante tambi\u00e9n denominadas \u201ccomprador\u201d o \u201cparte compradora\u201d).<\/li><\/ul><p><strong>ART. 2 &#8211; CELEBRACI\u00d3N DEL CONTRATO<\/strong><\/p><ul><li>Para la celebraci\u00f3n del contrato, la parte interesada debe enviar al vendedor una orden de compra por email, a trav\u00e9s del sitio web de comercio electr\u00f3nico o mediante la red de ventas.<\/li><li>El vendedor podr\u00e1 aceptar la orden, rechazarla o solicitar modificaciones dentro de los 15 d\u00edas siguientes a la recepci\u00f3n de la orden.<\/li><li>El contrato de compraventa se considera celebrado en el momento en que el vendedor comunica la aceptaci\u00f3n de la orden o en el momento de la entrega de los art\u00edculos ordenados.<\/li><\/ul><p><strong>ART. 3 &#8211; TRANSPORTE Y ENTREGA DE LA MERCANC\u00cdA &#8211; RETRASOS &#8211; FUERZA MAYOR<\/strong><\/p><ul><li>La mercanc\u00eda viaja siempre bajo el riesgo de la parte compradora, incluso si se env\u00eda franco de puerto. El vendedor no es responsable por un transporte inadecuado, ni por la conservaci\u00f3n o el uso inadecuado de la mercanc\u00eda.<\/li><li>La mercanc\u00eda puede ser entregada al comprador en lotes separados. La entrega en lotes debe indicarse en la factura incluyendo la referencia del pedido.<\/li><li>En caso de no entrega de la mercanc\u00eda, las sumas pagadas como anticipo podr\u00e1n ser reembolsadas al comprador, lo que conllevar\u00e1 la resoluci\u00f3n del contrato, a solicitud expresa y por escrito del comprador. El reembolso no se prev\u00e9 para pedidos con art\u00edculos fuera de cat\u00e1logo, adquiridos espec\u00edficamente para el comprador.<\/li><li>En cualquier caso, el vendedor estar\u00e1 exento de responsabilidad por retrasos en la entrega de la mercanc\u00eda si estos se deben a causas de fuerza mayor, tales como, a modo de ejemplo pero no limitativo: inundaciones, incendios, terremotos, prohibiciones, huelgas, apagones y circunstancias similares. Si las circunstancias de fuerza mayor constituyen un impedimento permanente y definitivo para la entrega de la mercanc\u00eda o, en cualquier caso, para el cumplimiento parcial o total por parte del vendedor, este tendr\u00e1 derecho a resolver el contrato. De igual modo, el vendedor no estar\u00e1 obligado a cumplir su prestaci\u00f3n si la ejecuci\u00f3n se torna imposible o irrazonablemente onerosa debido a eventos y circunstancias que no le son imputables.<\/li><\/ul><p><strong>ART. 4 &#8211; LIMITACI\u00d3N DE RESPONSABILIDAD<\/strong><\/p><ul><li>En ning\u00fan caso Micromic S.r.l. ser\u00e1 responsable de los da\u00f1os relacionados con los bienes suministrados o su uso, salvo lo previsto de manera inexcusable por la ley. Salvo lo dispuesto en la cl\u00e1usula anterior, la responsabilidad total m\u00e1xima de Micromic S.r.l. frente al Cliente se limita al valor neto total del pedido que dio origen a la responsabilidad. Micromic S.r.l. no ser\u00e1 responsable, en ning\u00fan caso, por la p\u00e9rdida de beneficios, la interrupci\u00f3n de la actividad, la p\u00e9rdida de ingresos, la p\u00e9rdida de contratos laborales o de oportunidades de negocio, el aumento de costos, la p\u00e9rdida de informaci\u00f3n, da\u00f1os consecuentes, indirectos, \u201cp\u00e9rdidas especiales o da\u00f1os liquidados\u201d, o cualquier otra p\u00e9rdida econ\u00f3mica derivada o relacionada con los bienes suministrados o su uso.<\/li><li>Cada una de las disposiciones anteriores que excluyen o limitan la responsabilidad de Micromic S.r.l. opera de manera independiente. Si alguna de ellas es considerada por un tribunal como irrazonable o inaplicable, las dem\u00e1s seguir\u00e1n aplic\u00e1ndose.<\/li><\/ul><p><strong>ART. 5 &#8211; EMBALAJE Y ETIQUETADO DE LA MERCANC\u00cdA<\/strong><\/p><ul><li>El embalaje de la mercanc\u00eda se realiza por cuenta y riesgo del vendedor, salvo que se acuerde lo contrario por escrito entre el vendedor y el comprador.<\/li><li>El vendedor es responsable frente al comprador por cualquier da\u00f1o o p\u00e9rdida de la mercanc\u00eda si estos son causados por un embalaje y\/o etiquetado poco fiable o de baja calidad.<\/li><\/ul><p><strong>ART. 6 &#8211; CARACTER\u00cdSTICAS DE LOS PRODUCTOS &#8211; VARIACIONES Y RECLAMACIONES<\/strong><\/p><ul><li>Con la recepci\u00f3n de la mercanc\u00eda, el comprador declara haber revisado las caracter\u00edsticas y especificaciones de los productos objeto de la venta, que considera de su agrado y acepta en su totalidad.<\/li><li>Con la recepci\u00f3n de la mercanc\u00eda, el comprador tambi\u00e9n declara haber revisado la documentaci\u00f3n t\u00e9cnica e informativa relativa a los bienes objeto de la venta, la cual acepta en su totalidad.<\/li><li>Cualquier solicitud de variaci\u00f3n o reclamaci\u00f3n por parte del comprador, debido a defectos, fallos o problemas de calidad en el estado del embalaje, o en la cantidad o caracter\u00edsticas de la mercanc\u00eda, deber\u00e1 formularse por escrito a la parte vendedora dentro de los 7 d\u00edas siguientes a la recepci\u00f3n de la mercanc\u00eda o desde el momento en que se descubran los defectos ocultos durante el desembalaje. La parte vendedora, tras la verificaci\u00f3n, comunicar\u00e1 al comprador la posible aceptaci\u00f3n de la solicitud; en todo caso, la parte vendedora estar\u00e1 obligada \u00fanicamente a reparar o sustituir los productos objeto de la reclamaci\u00f3n. En caso de no recibir respuesta o de no aceptaci\u00f3n por parte del comprador, la variaci\u00f3n se entender\u00e1 como no aceptada y el contrato de venta se ejecutar\u00e1 seg\u00fan las modalidades inicialmente acordadas.<\/li><li>No se aceptar\u00e1n devoluciones, a menos que est\u00e9n autorizadas y sin coste alguno.<\/li><\/ul><p><strong>ART. 7 &#8211; PRECIOS<\/strong><\/p><ul><li>Los precios se aplican seg\u00fan las listas de precios de Micromic vigentes al momento del pedido, que el comprador declara conocer y aceptar.<\/li><li>Los precios aplicados para la venta individual, tal como se indican en la factura, no son vinculantes para futuras ventas.<\/li><li>En el caso de ventas al extranjero, los precios de los productos se entienden como precios conforme a los Incoterms EXW.<\/li><li>El precio depende de los t\u00e9rminos de entrega y es comprensivo de los gastos de embalaje, as\u00ed como, en el caso de ventas al extranjero, de los eventuales gastos para la organizaci\u00f3n de documentos y formalidades aduaneras en el punto de partida seg\u00fan los Incoterms EXW.<\/li><\/ul><p><strong>ART. 8 &#8211; CONDICIONES Y MODALIDADES DE PAGO &#8211; RETRASOS<\/strong><\/p><ul><li>El comprador debe proceder al pago de la mercanc\u00eda solicitada de acuerdo con lo indicado en la pro forma emitida al momento de la aceptaci\u00f3n del pedido y en las facturas.<\/li><li>Cualquier anticipo abonado por el comprador se considera un pago a cuenta del precio, con todas las consecuencias legales en caso de incumplimiento por parte del comprador, adem\u00e1s de la aplicaci\u00f3n de la cl\u00e1usula penal prevista en el art\u00edculo 9. La parte restante del pedido deber\u00e1 ser pagada por el comprador seg\u00fan los t\u00e9rminos indicados en la factura.<\/li><li>En ning\u00fan caso el comprador podr\u00e1 retrasar, suspender o interrumpir el pago de la mercanc\u00eda vendida sin la autorizaci\u00f3n previa y por escrito del vendedor.<\/li><li>En caso de retrasos en los pagos, el comprador estar\u00e1 obligado a pagar intereses por demora, as\u00ed como los eventuales gastos adicionales derivados del retraso, adem\u00e1s del derecho del vendedor a reclamar una indemnizaci\u00f3n por cualquier da\u00f1o adicional sufrido.<\/li><li>La moneda de pago es el euro.<\/li><\/ul><p><strong>ART. 9 &#8211; ANTICIPOS<\/strong><\/p><ul><li>Las sumas abonadas, independientemente de su importe, antes del saldo, se considerar\u00e1n anticipos sobre el precio, con todas las consecuencias legales en caso de incumplimiento por parte del comprador, adem\u00e1s de la aplicaci\u00f3n de la cl\u00e1usula penal prevista en el art\u00edculo 9.<\/li><\/ul><p><strong>ART. 10 &#8211; RESOLUCI\u00d3N POR INCUMPLIMIENTO<\/strong><\/p><ul><li>Sin perjuicio de lo indicado en el art\u00edculo anterior, en todos los casos de resoluci\u00f3n del contrato por incumplimiento y\/o por culpa del comprador, este se compromete asimismo a abonar a la parte vendedora, a modo de indemnizaci\u00f3n por da\u00f1os, una penalizaci\u00f3n determinada de forma forfitaria equivalente al 50 % del importe total del contrato, descontando cualquier anticipo abonado.<\/li><li>Micromic podr\u00e1 rescindir el contrato en cualquier momento e interrumpir la entrega de los bienes, sin penalizaci\u00f3n y\/o indemnizaci\u00f3n alguna, en caso de que el comprador sea objeto de protestas, procedimientos de cobro, procedimientos concursales (incluso extrajudiciales) o en caso de morosidad. La notificaci\u00f3n de rescisi\u00f3n implicar\u00e1 autom\u00e1ticamente la p\u00e9rdida por parte del comprador del beneficio del plazo y su obligaci\u00f3n de pagar de inmediato los bienes a\u00fan no abonados.<\/li><\/ul><p><strong>ART. 11 &#8211; GARANT\u00cdA<\/strong><\/p><ul><li>La duraci\u00f3n de la garant\u00eda es de 12 meses a partir de la fecha de la factura.<\/li><li>Dentro de dicho per\u00edodo, Micromic, a quien el Cliente haya comunicado el defecto mediante un informe de no conformidad, se compromete, a su elecci\u00f3n, a reparar o reemplazar gratuitamente los productos o partes de estos que resulten defectuosos; en tal caso, el cliente deber\u00e1, salvo pacto en contrario, devolver a Micromic los productos o partes de ellos debidamente embalados. En caso de que Micromic reemplace los productos antes de la devoluci\u00f3n de aquellos no conformes, el Cliente estar\u00e1 obligado, salvo pacto en contrario, a efectuar la devoluci\u00f3n haciendo referencia en el documento de devoluci\u00f3n a la factura de venta de Micromic.<\/li><li>Micromic se reserva asimismo el derecho de imputar al Cliente los costes de los productos reemplazados si, tras las verificaciones pertinentes, no se cumplen las condiciones de la garant\u00eda.<\/li><li>Los reemplazos o reparaciones se realizan Franco F\u00e1brica;<\/li><li>Micromic excluye cualquier garant\u00eda sobre productos montados de forma incorrecta o utilizados inadecuadamente; adem\u00e1s, la garant\u00eda caduca en cuanto los productos hayan sido almacenados de forma incorrecta, sometidos a un mantenimiento insuficiente o modificados.<\/li><\/ul><p><strong>ART. 12 &#8211; LEY APLICABLE Y JURISDICCI\u00d3N<\/strong><\/p><ul><li>Para lo no expresamente previsto en estas Condiciones Generales de Venta, se hace expresa remisi\u00f3n a lo dispuesto en el c\u00f3digo civil y, en general, a la normativa italiana vigente en la materia.<\/li><li>Para todas las controversias que pudieran surgir en relaci\u00f3n con las relaciones regidas por estas Condiciones y los contratos relacionados, incluidas aquellas relativas a su validez, interpretaci\u00f3n, ejecuci\u00f3n y resoluci\u00f3n, ser\u00e1 competente, de manera exclusiva, el Tribunal de Velletri.<\/li><\/ul><p>\u00a0<\/p>\t\t\t\t\t\t\t\t<\/div>\n\t\t\t\t<\/div>\n\t\t\t\t<div class=\"elementor-element elementor-element-ac4a996 elementor-widget elementor-widget-text-editor\" data-id=\"ac4a996\" data-element_type=\"widget\" data-e-type=\"widget\" data-no-translation=\"\" data-widget_type=\"text-editor.default\">\n\t\t\t\t<div class=\"elementor-widget-container\">\n\t\t\t\t\t<style>.elementor-element-ac4a996{display:none !important}<\/style>\t\t\t\t<\/div>\n\t\t\t\t<\/div>\n\t\t\t\t<div class=\"elementor-element elementor-element-2b91257 elementor-widget elementor-widget-text-editor\" data-id=\"2b91257\" data-element_type=\"widget\" data-e-type=\"widget\" data-no-translation=\"\" data-widget_type=\"text-editor.default\">\n\t\t\t\t<div class=\"elementor-widget-container\">\n\t\t\t\t\t<style>.elementor-element-2b91257{display:none !important}<\/style>\t\t\t\t<\/div>\n\t\t\t\t<\/div>\n\t\t\t\t<div class=\"elementor-element elementor-element-ae74343 elementor-widget elementor-widget-spacer\" data-id=\"ae74343\" data-element_type=\"widget\" data-e-type=\"widget\" data-widget_type=\"spacer.default\">\n\t\t\t\t<div class=\"elementor-widget-container\">\n\t\t\t\t\t\t\t<div class=\"elementor-spacer\">\n\t\t\t<div class=\"elementor-spacer-inner\"><\/div>\n\t\t<\/div>\n\t\t\t\t\t\t<\/div>\n\t\t\t\t<\/div>\n\t\t\t\t<div class=\"elementor-element elementor-element-3a070f5 elementor-widget elementor-widget-text-editor\" data-id=\"3a070f5\" data-element_type=\"widget\" data-e-type=\"widget\" data-widget_type=\"text-editor.default\">\n\t\t\t\t<div class=\"elementor-widget-container\">\n\t\t\t\t\t\t\t\t\t<p>Rev.5<\/p>\t\t\t\t\t\t\t\t<\/div>\n\t\t\t\t<\/div>\n\t\t\t\t\t\t<\/div>\r\n\t\t\t\t\r\n\t\t\t<\/div>\r\n\t\t\t\t\t<\/div>","protected":false},"excerpt":{"rendered":"<p>Condizioni generalidi vendita ART. 1 &#8211; PREMESSA &#8211; APPLICAZIONE Le presenti Condizioni Generali di Vendita disciplinano i contratti di vendita dei prodotti commercializzati da Micromic S.r.l., con sede legale in Pomezia (RM) alla Via Campobello n. 41, C.F. e P.IVA 03669521001, in qualit\u00e0 di parte venditrice (di seguito denominata anche \u201cMicromic\u201d, \u201cvenditore\u201d o \u201cparte venditrice\u201d), [&hellip;]<\/p>\n","protected":false},"author":1,"featured_media":0,"parent":0,"menu_order":0,"comment_status":"closed","ping_status":"closed","template":"","meta":{"footnotes":""},"class_list":["post-74111","page","type-page","status-publish","hentry"],"_links":{"self":[{"href":"https:\/\/www.micromic.com\/es\/wp-json\/wp\/v2\/pages\/74111","targetHints":{"allow":["GET"]}}],"collection":[{"href":"https:\/\/www.micromic.com\/es\/wp-json\/wp\/v2\/pages"}],"about":[{"href":"https:\/\/www.micromic.com\/es\/wp-json\/wp\/v2\/types\/page"}],"author":[{"embeddable":true,"href":"https:\/\/www.micromic.com\/es\/wp-json\/wp\/v2\/users\/1"}],"replies":[{"embeddable":true,"href":"https:\/\/www.micromic.com\/es\/wp-json\/wp\/v2\/comments?post=74111"}],"version-history":[{"count":28,"href":"https:\/\/www.micromic.com\/es\/wp-json\/wp\/v2\/pages\/74111\/revisions"}],"predecessor-version":[{"id":74472,"href":"https:\/\/www.micromic.com\/es\/wp-json\/wp\/v2\/pages\/74111\/revisions\/74472"}],"wp:attachment":[{"href":"https:\/\/www.micromic.com\/es\/wp-json\/wp\/v2\/media?parent=74111"}],"curies":[{"name":"wp","href":"https:\/\/api.w.org\/{rel}","templated":true}]}}