{"id":74111,"date":"2025-02-19T17:34:40","date_gmt":"2025-02-19T16:34:40","guid":{"rendered":"https:\/\/www.micromic.com\/?page_id=74111"},"modified":"2025-02-26T06:32:40","modified_gmt":"2025-02-26T05:32:40","slug":"general-terms-and-conditions-of-sale","status":"publish","type":"page","link":"https:\/\/www.micromic.com\/fr\/general-terms-and-conditions-of-sale\/","title":{"rendered":"General Terms and Conditions of Sale"},"content":{"rendered":"<div data-elementor-type=\"wp-page\" data-elementor-id=\"74111\" class=\"elementor elementor-74111\">\n\t\t\t\t\t\t\t<div class=\"elementor-element elementor-element-a9fb594 e-flex e-con-boxed e-con e-parent\" data-id=\"a9fb594\" data-element_type=\"container\" data-e-type=\"container\">\r\n\t\t\t\t\t\t\t<div class=\"e-con-inner\">\r\n\t\t\t\t\t\t<div class=\"elementor-element elementor-element-f629983 elementor-widget elementor-widget-heading\" data-id=\"f629983\" data-element_type=\"widget\" data-e-type=\"widget\" data-no-translation=\"\" data-widget_type=\"heading.default\">\n\t\t\t\t<div class=\"elementor-widget-container\">\n\t\t\t\t\t<style>.elementor-element-f629983{display:none !important}<\/style>\t\t\t\t<\/div>\n\t\t\t\t<\/div>\n\t\t\t\t<div class=\"elementor-element elementor-element-9295cbd elementor-widget elementor-widget-heading\" data-id=\"9295cbd\" data-element_type=\"widget\" data-e-type=\"widget\" data-no-translation=\"\" data-widget_type=\"heading.default\">\n\t\t\t\t<div class=\"elementor-widget-container\">\n\t\t\t\t\t<style>.elementor-element-9295cbd{display:none !important}<\/style>\t\t\t\t<\/div>\n\t\t\t\t<\/div>\n\t\t\t\t<div class=\"elementor-element elementor-element-f397890 elementor-widget elementor-widget-heading\" data-id=\"f397890\" data-element_type=\"widget\" data-e-type=\"widget\" data-no-translation=\"\" data-widget_type=\"heading.default\">\n\t\t\t\t<div class=\"elementor-widget-container\">\n\t\t\t\t\t<h1 class=\"elementor-heading-title elementor-size-default\"><span style=\"color:#A0C230\">Conditions<\/span>  G\u00e9n\u00e9rales<br>de <span style=\"color:#1f96d2\">Vente <\/span><\/h1>\t\t\t\t<\/div>\n\t\t\t\t<\/div>\n\t\t\t\t<div class=\"elementor-element elementor-element-12bae82 elementor-widget elementor-widget-heading\" data-id=\"12bae82\" data-element_type=\"widget\" data-e-type=\"widget\" data-no-translation=\"\" data-widget_type=\"heading.default\">\n\t\t\t\t<div class=\"elementor-widget-container\">\n\t\t\t\t\t<style>.elementor-element-12bae82{display:none !important}<\/style>\t\t\t\t<\/div>\n\t\t\t\t<\/div>\n\t\t\t\t<div class=\"elementor-element elementor-element-c36d6de elementor-widget elementor-widget-heading\" data-id=\"c36d6de\" data-element_type=\"widget\" data-e-type=\"widget\" data-no-translation=\"\" data-widget_type=\"heading.default\">\n\t\t\t\t<div class=\"elementor-widget-container\">\n\t\t\t\t\t<style>.elementor-element-c36d6de{display:none !important}<\/style>\t\t\t\t<\/div>\n\t\t\t\t<\/div>\n\t\t\t\t<div class=\"elementor-element elementor-element-4cde00c elementor-widget elementor-widget-heading\" data-id=\"4cde00c\" data-element_type=\"widget\" data-e-type=\"widget\" data-no-translation=\"\" data-widget_type=\"heading.default\">\n\t\t\t\t<div class=\"elementor-widget-container\">\n\t\t\t\t\t<style>.elementor-element-4cde00c{display:none !important}<\/style>\t\t\t\t<\/div>\n\t\t\t\t<\/div>\n\t\t\t\t\t\t<\/div>\r\n\t\t\t\t\r\n\t\t\t<\/div>\r\n\t\t\t\t\t\t<div class=\"elementor-element elementor-element-3a445c4 e-flex e-con-boxed e-con e-parent\" data-id=\"3a445c4\" data-element_type=\"container\" data-e-type=\"container\">\r\n\t\t\t\t\t\t\t<div class=\"e-con-inner\">\r\n\t\t\t\t\t\t<div class=\"elementor-element elementor-element-76caabb elementor-widget elementor-widget-spacer\" data-id=\"76caabb\" data-element_type=\"widget\" data-e-type=\"widget\" data-widget_type=\"spacer.default\">\n\t\t\t\t<div class=\"elementor-widget-container\">\n\t\t\t\t\t\t\t<div class=\"elementor-spacer\">\n\t\t\t<div class=\"elementor-spacer-inner\"><\/div>\n\t\t<\/div>\n\t\t\t\t\t\t<\/div>\n\t\t\t\t<\/div>\n\t\t\t\t<div class=\"elementor-element elementor-element-0dec02d elementor-widget elementor-widget-text-editor\" data-id=\"0dec02d\" data-element_type=\"widget\" data-e-type=\"widget\" data-no-translation=\"\" data-widget_type=\"text-editor.default\">\n\t\t\t\t<div class=\"elementor-widget-container\">\n\t\t\t\t\t<style>.elementor-element-0dec02d{display:none !important}<\/style>\t\t\t\t<\/div>\n\t\t\t\t<\/div>\n\t\t\t\t<div class=\"elementor-element elementor-element-701b64e elementor-widget elementor-widget-text-editor\" data-id=\"701b64e\" data-element_type=\"widget\" data-e-type=\"widget\" data-no-translation=\"\" data-widget_type=\"text-editor.default\">\n\t\t\t\t<div class=\"elementor-widget-container\">\n\t\t\t\t\t<style>.elementor-element-701b64e{display:none !important}<\/style>\t\t\t\t<\/div>\n\t\t\t\t<\/div>\n\t\t\t\t<div class=\"elementor-element elementor-element-7eb7bb8 elementor-widget elementor-widget-text-editor\" data-id=\"7eb7bb8\" data-element_type=\"widget\" data-e-type=\"widget\" data-no-translation=\"\" data-widget_type=\"text-editor.default\">\n\t\t\t\t<div class=\"elementor-widget-container\">\n\t\t\t\t\t\t\t\t\t<p><strong>ART. 1 &#8211; PR\u00c9AMBULE &#8211; APPLICATION<\/strong><\/p><ul><li>Les pr\u00e9sentes Conditions G\u00e9n\u00e9rales de Vente r\u00e9gissent les contrats de vente des produits commercialis\u00e9s par Micromic S.r.l., dont le si\u00e8ge social est situ\u00e9 \u00e0 Pomezia (RM) \u00e0 Via Campobello n. 41, Code Fiscal et N\u00b0 de TVA 03669521001, en qualit\u00e9 de partie vendeuse (ci-apr\u00e8s \u00e9galement d\u00e9nomm\u00e9e \u00ab Micromic \u00bb, \u00ab vendeur \u00bb ou \u00ab partie vendeuse \u00bb), et les soci\u00e9t\u00e9s ou personnes acqu\u00e9reuses (ci-apr\u00e8s \u00e9galement d\u00e9nomm\u00e9es \u00ab acqu\u00e9reur \u00bb ou \u00ab partie acqu\u00e9reuse \u00bb).<\/li><\/ul><p><strong>ART. 2 &#8211; CONCLUSION DU CONTRAT<\/strong><\/p><ul><li>Pour conclure le contrat, la partie int\u00e9ress\u00e9e doit transmettre au vendeur un bon de commande par email, via le site e-commerce ou par l\u2019interm\u00e9diaire du r\u00e9seau de vente.<\/li><li>Le vendeur pourra accepter la commande, la refuser ou demander des modifications dans un d\u00e9lai de 15 jours \u00e0 compter de la r\u00e9ception de la commande.<\/li><li>Le contrat de vente est conclu au moment de la communication de l\u2019acceptation de la commande par le vendeur ou au moment de la livraison des articles command\u00e9s.<\/li><\/ul><p><strong>ART. 3 &#8211; TRANSPORT ET LIVRAISON DES MARCHANDISES &#8211; RETARDS &#8211; FORCE MAJEURE<\/strong><\/p><ul><li>Les marchandises voyagent toujours aux risques de l\u2019acqu\u00e9reur, m\u00eame si elles sont exp\u00e9di\u00e9es franco. Le vendeur n\u2019est pas responsable d\u2019un transport inappropri\u00e9, d\u2019un stockage inad\u00e9quat ou d\u2019une utilisation inappropri\u00e9e des marchandises.<\/li><li>Les marchandises peuvent \u00eatre livr\u00e9es \u00e0 l\u2019acqu\u00e9reur en lots s\u00e9par\u00e9s. La livraison en lots doit \u00eatre indiqu\u00e9e sur la facture en mentionnant la r\u00e9f\u00e9rence de la commande.<\/li><li>En cas de non-livraison des marchandises, les sommes vers\u00e9es \u00e0 titre d\u2019acompte peuvent \u00eatre rembours\u00e9es \u00e0 l\u2019acqu\u00e9reur, entra\u00eenant la r\u00e9siliation du contrat, sur sa demande \u00e9crite expresse. Le remboursement n\u2019est toutefois pas pr\u00e9vu pour les commandes comportant des articles hors catalogue, achet\u00e9s sp\u00e9cialement pour l\u2019acqu\u00e9reur.<\/li><li>Le vendeur est en tout cas d\u00e9gag\u00e9 de toute responsabilit\u00e9 en cas de retard de livraison des marchandises si celui-ci est d\u00fb \u00e0 des cas de force majeure, tels que, \u00e0 titre d\u2019exemple mais non limitatif : inondations, incendies, tremblements de terre, interdictions, gr\u00e8ves, coupures de courant et circonstances similaires. Si les circonstances de force majeure constituent un emp\u00eachement permanent et d\u00e9finitif \u00e0 la livraison des marchandises ou, en tout cas, \u00e0 l\u2019ex\u00e9cution partielle ou totale par le vendeur, celui-ci aura le droit de r\u00e9silier le contrat. De m\u00eame, le vendeur n\u2019est pas tenu d\u2019ex\u00e9cuter sa prestation si l\u2019ex\u00e9cution devient impossible ou d\u00e9raisonnablement on\u00e9reuse en raison d\u2019\u00e9v\u00e9nements et circonstances qui ne lui sont pas imputables.<\/li><\/ul><p><strong>ART. 4 &#8211; LIMITATION DE RESPONSABILIT\u00c9<\/strong><\/p><ul><li>En aucun cas Micromic S.r.l. ne pourra \u00eatre tenu responsable des dommages li\u00e9s aux biens fournis ou \u00e0 leur utilisation, sauf disposition imp\u00e9rative de la loi. Sous r\u00e9serve de ce qui est pr\u00e9vu dans la clause pr\u00e9c\u00e9dente, la responsabilit\u00e9 maximale totale de Micromic S.r.l. \u00e0 l\u2019\u00e9gard du Client est limit\u00e9e \u00e0 la valeur nette totale de la commande \u00e0 l\u2019origine de la responsabilit\u00e9. Micromic S.r.l. ne pourra en aucun cas \u00eatre tenu responsable de la perte de b\u00e9n\u00e9fices, de l\u2019interruption d\u2019activit\u00e9, de la perte de revenus, de la perte de contrats de travail ou d\u2019opportunit\u00e9s d\u2019affaires, de l\u2019augmentation des co\u00fbts, de la perte d\u2019informations, des dommages cons\u00e9cutifs, indirects, ou de \u00ab pertes sp\u00e9ciales ou dommages-int\u00e9r\u00eats forfaitaires \u00bb, ni pour toute autre perte \u00e9conomique d\u00e9coulant ou li\u00e9e aux biens fournis ou \u00e0 leur utilisation.<\/li><li>Chacune des dispositions ci-dessus excluant ou limitant la responsabilit\u00e9 de Micromic S.r.l. fonctionne de mani\u00e8re autonome. Si l\u2019une d\u2019elles \u00e9tait jug\u00e9e d\u00e9raisonnable ou inapplicable par un tribunal, les autres continueront de s\u2019appliquer.<\/li><\/ul><p><strong>ART. 5 &#8211; EMBALLAGE ET MARQUAGE DES MARCHANDISES<\/strong><\/p><ul><li>L\u2019emballage des marchandises est r\u00e9alis\u00e9 aux frais et sous la responsabilit\u00e9 du vendeur, sauf accord \u00e9crit contraire entre le vendeur et l\u2019acqu\u00e9reur.<\/li><li>Le vendeur est responsable envers l\u2019acqu\u00e9reur de tout dommage ou perte des marchandises si ceux-ci sont caus\u00e9s par un emballage et\/ou un marquage peu fiables ou de mauvaise qualit\u00e9.<\/li><\/ul><p><strong>ART. 6 &#8211; CARACT\u00c9RISTIQUES DES PRODUITS &#8211; VARIATIONS ET R\u00c9CLAMATIONS<\/strong><\/p><ul><li>En recevant les marchandises, l\u2019acqu\u00e9reur d\u00e9clare avoir pris connaissance des caract\u00e9ristiques et sp\u00e9cifications des produits faisant l\u2019objet de la vente, qu\u2019il juge conformes \u00e0 ses attentes et qu\u2019il accepte int\u00e9gralement.<\/li><li>En recevant les marchandises, l\u2019acqu\u00e9reur d\u00e9clare \u00e9galement avoir pris connaissance de la documentation technique et informative relative aux biens faisant l\u2019objet de la vente, qu\u2019il accepte int\u00e9gralement.<\/li><li>Toute demande de variation ou r\u00e9clamation de la part de l\u2019acqu\u00e9reur, concernant des vices, d\u00e9fauts ou insuffisances de qualit\u00e9 relatifs \u00e0 l\u2019\u00e9tat de l\u2019emballage, ou \u00e0 la quantit\u00e9 ou aux caract\u00e9ristiques des marchandises, doit \u00eatre formul\u00e9e par \u00e9crit \u00e0 l\u2019attention de la partie vendeuse dans un d\u00e9lai de 7 jours \u00e0 compter de la r\u00e9ception des marchandises ou \u00e0 partir du moment o\u00f9 les vices cach\u00e9s ont \u00e9t\u00e9 d\u00e9couverts lors du d\u00e9ballage. La partie vendeuse, apr\u00e8s v\u00e9rification, informera l\u2019acqu\u00e9reur de l\u2019\u00e9ventuelle acceptation de la demande; en tout cas, la partie vendeuse sera uniquement tenue de r\u00e9parer ou de remplacer les produits faisant l\u2019objet de la r\u00e9clamation. En cas d\u2019absence de r\u00e9ponse ou de non-acceptation par l\u2019acqu\u00e9reur, la variation sera consid\u00e9r\u00e9e comme non accept\u00e9e et le contrat de vente sera ex\u00e9cut\u00e9 selon les modalit\u00e9s initialement convenues.<\/li><li>Les retours ne seront pas accept\u00e9s, sauf autorisation pr\u00e9alable et sans frais.<\/li><\/ul><p><strong>ART. 7 &#8211; PRIX<\/strong><\/p><ul><li>Les prix sont appliqu\u00e9s sur la base des tarifs de Micromic en vigueur au moment de la commande, que l\u2019acqu\u00e9reur d\u00e9clare conna\u00eetre et accepter.<\/li><li>Les prix appliqu\u00e9s pour la vente individuelle, tels qu\u2019indiqu\u00e9s sur la facture, ne sont pas engageants pour de futures ventes.<\/li><li>En cas de vente \u00e0 l\u2019\u00e9tranger, les prix des produits sont consid\u00e9r\u00e9s comme des prix selon les Incoterms EXW.<\/li><li>Le prix d\u00e9pend des modalit\u00e9s de livraison et comprend les frais d\u2019emballage ainsi que, en cas de vente \u00e0 l\u2019\u00e9tranger, les \u00e9ventuels frais d\u2019organisation des documents et des formalit\u00e9s douani\u00e8res au point de d\u00e9part selon les Incoterms EXW.<\/li><\/ul><p><strong>ART. 8 &#8211; MODALIT\u00c9S ET D\u00c9LAIS DE PAIEMENT &#8211; RETARDS<\/strong><\/p><ul><li>L\u2019acqu\u00e9reur doit proc\u00e9der au paiement des marchandises command\u00e9es conform\u00e9ment aux indications figurant sur la pro forma \u00e9mise lors de l\u2019acceptation de la commande et sur les factures.<\/li><li>Tous les acomptes vers\u00e9s par l\u2019acqu\u00e9reur sont consid\u00e9r\u00e9s comme des avances sur le prix, servant \u00e9galement de garantie pour les obligations contract\u00e9es par celui-ci, comme indiqu\u00e9 plus en d\u00e9tail dans l\u2019article 8. Le solde de la commande devra \u00eatre pay\u00e9 par l\u2019acqu\u00e9reur selon les conditions indiqu\u00e9es sur la facture.<\/li><li>En aucun cas l\u2019acqu\u00e9reur ne peut retarder, suspendre ou interrompre le paiement des marchandises vendues sans l\u2019autorisation \u00e9crite pr\u00e9alable du vendeur.<\/li><li>En cas de retard de paiement, l\u2019acqu\u00e9reur sera tenu de payer des int\u00e9r\u00eats de retard ainsi que les \u00e9ventuels frais suppl\u00e9mentaires dus au retard, en plus du droit pour la partie vendeuse de r\u00e9clamer une indemnisation pour tout dommage suppl\u00e9mentaire subi.<\/li><li>La devise de paiement est l\u2019euro.<\/li><\/ul><p><strong>ART. 9 &#8211; ACOMPTES<\/strong><\/p><ul><li>Les sommes vers\u00e9es, quelle que soit leur importance, avant le solde, sont consid\u00e9r\u00e9es comme des acomptes sur le prix, avec toutes les cons\u00e9quences l\u00e9gales en cas de non-ex\u00e9cution par l\u2019acqu\u00e9reur, en plus de l\u2019application de la clause p\u00e9nale r\u00e9gie par l\u2019article 9.<\/li><\/ul><p><strong>ART. 10 &#8211; R\u00c9SILIATION POUR NON-EX\u00c9CUTION<\/strong><\/p><ul><li>Sans pr\u00e9judice de ce qui est indiqu\u00e9 \u00e0 l\u2019article pr\u00e9c\u00e9dent, dans tous les cas de r\u00e9siliation du contrat pour non-ex\u00e9cution et\/ou en cas de faute ou de n\u00e9gligence de l\u2019acqu\u00e9reur, ce dernier s\u2019engage \u00e9galement \u00e0 verser \u00e0 la partie vendeuse, \u00e0 titre de d\u00e9dommagement, une p\u00e9nalit\u00e9 d\u00e9termin\u00e9e \u00e0 l\u2019avance forfaitairement \u00e0 hauteur de 50 % du montant total du contrat, d\u00e9duction faite de l\u2019acompte \u00e9ventuellement vers\u00e9.<\/li><li>Micromic pourra se r\u00e9tracter \u00e0 tout moment du contrat et interrompre la livraison des biens, sans aucune p\u00e9nalit\u00e9 et\/ou indemnit\u00e9, dans le cas o\u00f9 l\u2019acqu\u00e9reur ferait l\u2019objet de protestations, de proc\u00e9dures de recouvrement, de proc\u00e9dures collectives, m\u00eame extrajudiciaires, ainsi qu\u2019en cas de retard de paiement. La notification de r\u00e9siliation entra\u00eenera automatiquement la perte du b\u00e9n\u00e9fice du d\u00e9lai par l\u2019acqu\u00e9reur et son obligation de paiement imm\u00e9diat des biens non encore r\u00e9gl\u00e9s.<\/li><\/ul><p><strong>ART. 11 &#8211; GARANTIE<\/strong><\/p><ul><li>La dur\u00e9e de la garantie est de 12 mois \u00e0 compter de la date de facturation.<\/li><li>Dans ce d\u00e9lai, Micromic, \u00e0 qui le Client aura signal\u00e9 le d\u00e9faut par un rapport de non-conformit\u00e9, s\u2019engage, \u00e0 son choix, \u00e0 r\u00e9parer ou remplacer gratuitement les produits ou leurs parties d\u00e9fectueuses ; dans ce cas, le Client est tenu, sauf accord contraire, de retourner \u00e0 Micromic les produits ou parties de produits correctement emball\u00e9s. Dans le cas o\u00f9 Micromic remplacerait les produits avant le retour de ceux non conformes, le Client devra effectuer le retour en se r\u00e9f\u00e9rant, dans le document de retour, \u00e0 la facture de vente de Micromic.<\/li><li>Micromic se r\u00e9serve \u00e9galement le droit de facturer au Client les co\u00fbts des produits remplac\u00e9s si, apr\u00e8s v\u00e9rifications appropri\u00e9es, les conditions de garantie ne sont pas remplies.<\/li><li>Les remplacements ou r\u00e9parations sont effectu\u00e9s franco usine;<\/li><li>Micromic exclut toute garantie sur les produits mont\u00e9s de fa\u00e7on incorrecte ou utilis\u00e9s de mani\u00e8re inappropri\u00e9e ; de plus, la garantie est caduque d\u00e8s lors que les produits ont \u00e9t\u00e9 mal stock\u00e9s, insuffisamment entretenus ou modifi\u00e9s.<\/li><\/ul><p><strong>ART. 12 &#8211; LOI APPLICABLE ET JURIDICTION COMP\u00c9TENTE<\/strong><\/p><ul><li>Pour tout ce qui n\u2019est pas express\u00e9ment pr\u00e9vu dans les pr\u00e9sentes Conditions G\u00e9n\u00e9rales de Vente, il est express\u00e9ment fait r\u00e9f\u00e9rence aux dispositions contenues dans le Code civil et, plus g\u00e9n\u00e9ralement, \u00e0 la l\u00e9gislation italienne en vigueur en la mati\u00e8re.<\/li><li>Pour tous les litiges pouvant survenir en relation avec les rapports r\u00e9gis par ces Conditions et les contrats y aff\u00e9rents, y compris ceux relatifs \u00e0 leur validit\u00e9, interpr\u00e9tation, ex\u00e9cution et r\u00e9siliation, le Tribunal de Velletri sera exclusivement comp\u00e9tent.<\/li><\/ul>\t\t\t\t\t\t\t\t<\/div>\n\t\t\t\t<\/div>\n\t\t\t\t<div class=\"elementor-element elementor-element-8e384af elementor-widget elementor-widget-text-editor\" data-id=\"8e384af\" data-element_type=\"widget\" data-e-type=\"widget\" data-no-translation=\"\" data-widget_type=\"text-editor.default\">\n\t\t\t\t<div class=\"elementor-widget-container\">\n\t\t\t\t\t<style>.elementor-element-8e384af{display:none !important}<\/style>\t\t\t\t<\/div>\n\t\t\t\t<\/div>\n\t\t\t\t<div class=\"elementor-element elementor-element-ac4a996 elementor-widget elementor-widget-text-editor\" data-id=\"ac4a996\" data-element_type=\"widget\" data-e-type=\"widget\" data-no-translation=\"\" data-widget_type=\"text-editor.default\">\n\t\t\t\t<div class=\"elementor-widget-container\">\n\t\t\t\t\t<style>.elementor-element-ac4a996{display:none !important}<\/style>\t\t\t\t<\/div>\n\t\t\t\t<\/div>\n\t\t\t\t<div class=\"elementor-element elementor-element-2b91257 elementor-widget elementor-widget-text-editor\" data-id=\"2b91257\" data-element_type=\"widget\" data-e-type=\"widget\" data-no-translation=\"\" data-widget_type=\"text-editor.default\">\n\t\t\t\t<div class=\"elementor-widget-container\">\n\t\t\t\t\t<style>.elementor-element-2b91257{display:none !important}<\/style>\t\t\t\t<\/div>\n\t\t\t\t<\/div>\n\t\t\t\t<div class=\"elementor-element elementor-element-ae74343 elementor-widget elementor-widget-spacer\" data-id=\"ae74343\" data-element_type=\"widget\" data-e-type=\"widget\" data-widget_type=\"spacer.default\">\n\t\t\t\t<div class=\"elementor-widget-container\">\n\t\t\t\t\t\t\t<div class=\"elementor-spacer\">\n\t\t\t<div class=\"elementor-spacer-inner\"><\/div>\n\t\t<\/div>\n\t\t\t\t\t\t<\/div>\n\t\t\t\t<\/div>\n\t\t\t\t<div class=\"elementor-element elementor-element-3a070f5 elementor-widget elementor-widget-text-editor\" data-id=\"3a070f5\" data-element_type=\"widget\" data-e-type=\"widget\" data-widget_type=\"text-editor.default\">\n\t\t\t\t<div class=\"elementor-widget-container\">\n\t\t\t\t\t\t\t\t\t<p>Rev.5<\/p>\t\t\t\t\t\t\t\t<\/div>\n\t\t\t\t<\/div>\n\t\t\t\t\t\t<\/div>\r\n\t\t\t\t\r\n\t\t\t<\/div>\r\n\t\t\t\t\t<\/div>","protected":false},"excerpt":{"rendered":"<p>Condizioni generalidi vendita ART. 1 &#8211; PREMESSA &#8211; APPLICAZIONE Le presenti Condizioni Generali di Vendita disciplinano i contratti di vendita dei prodotti commercializzati da Micromic S.r.l., con sede legale in Pomezia (RM) alla Via Campobello n. 41, C.F. e P.IVA 03669521001, in qualit\u00e0 di parte venditrice (di seguito denominata anche \u201cMicromic\u201d, \u201cvenditore\u201d o \u201cparte venditrice\u201d), [&hellip;]<\/p>\n","protected":false},"author":1,"featured_media":0,"parent":0,"menu_order":0,"comment_status":"closed","ping_status":"closed","template":"","meta":{"footnotes":""},"class_list":["post-74111","page","type-page","status-publish","hentry"],"_links":{"self":[{"href":"https:\/\/www.micromic.com\/fr\/wp-json\/wp\/v2\/pages\/74111","targetHints":{"allow":["GET"]}}],"collection":[{"href":"https:\/\/www.micromic.com\/fr\/wp-json\/wp\/v2\/pages"}],"about":[{"href":"https:\/\/www.micromic.com\/fr\/wp-json\/wp\/v2\/types\/page"}],"author":[{"embeddable":true,"href":"https:\/\/www.micromic.com\/fr\/wp-json\/wp\/v2\/users\/1"}],"replies":[{"embeddable":true,"href":"https:\/\/www.micromic.com\/fr\/wp-json\/wp\/v2\/comments?post=74111"}],"version-history":[{"count":28,"href":"https:\/\/www.micromic.com\/fr\/wp-json\/wp\/v2\/pages\/74111\/revisions"}],"predecessor-version":[{"id":74472,"href":"https:\/\/www.micromic.com\/fr\/wp-json\/wp\/v2\/pages\/74111\/revisions\/74472"}],"wp:attachment":[{"href":"https:\/\/www.micromic.com\/fr\/wp-json\/wp\/v2\/media?parent=74111"}],"curies":[{"name":"wp","href":"https:\/\/api.w.org\/{rel}","templated":true}]}}