{"id":75,"date":"2021-07-19T18:34:34","date_gmt":"2021-07-19T18:34:34","guid":{"rendered":"https:\/\/d-themes.com\/wordpress\/udesign\/dummy\/main\/?page_id=75"},"modified":"2025-01-20T16:07:58","modified_gmt":"2025-01-20T15:07:58","slug":"chi-siamo","status":"publish","type":"page","link":"https:\/\/www.micromic.com\/fr\/chi-siamo\/","title":{"rendered":"Qui Sommes-Nous"},"content":{"rendered":"<div data-elementor-type=\"wp-page\" data-elementor-id=\"75\" class=\"elementor elementor-75\">\n\t\t\t\t\t\t<section class=\"elementor-section elementor-top-section elementor-element elementor-element-2e41c98 elementor-section-content-middle elementor-section-boxed elementor-section-height-default elementor-section-height-default\" data-id=\"2e41c98\" data-element_type=\"section\" data-e-type=\"section\">\r\n\t\t\t\t\t\t\t\t<div class=\"elementor-container container-fluid elementor-column-gap-default\">\r\n\t\t\t\t\r\n\t\t\t\t\t\t\t\t<div class=\"elementor-column elementor-col-100 elementor-top-column elementor-element elementor-element-d5607ec\" data-id=\"d5607ec\" data-element_type=\"column\" data-e-type=\"column\">\r\n\r\n\t\t\t\t\r\n\t\t\t\t<div class=\"elementor-widget-wrap elementor-element-populated\">\r\n\t\t\t\t\t\t\t\t\t\t\r\n\t\t\t\t\t\t<div class=\"elementor-element elementor-element-0656efa animated-slow elementor-invisible elementor-widget elementor-widget-heading\" data-id=\"0656efa\" data-element_type=\"widget\" data-e-type=\"widget\" data-settings=\"{&quot;_animation&quot;:&quot;fadeInRight&quot;}\" data-no-translation=\"\" data-widget_type=\"heading.default\">\n\t\t\t\t<div class=\"elementor-widget-container\">\n\t\t\t\t\t<style>.elementor-element-0656efa{display:none !important}<\/style>\t\t\t\t<\/div>\n\t\t\t\t<\/div>\n\t\t\t\t<div class=\"elementor-element elementor-element-965a42a animated-slow elementor-invisible elementor-widget elementor-widget-heading\" data-id=\"965a42a\" data-element_type=\"widget\" data-e-type=\"widget\" data-settings=\"{&quot;_animation&quot;:&quot;fadeInRight&quot;}\" data-no-translation=\"\" data-widget_type=\"heading.default\">\n\t\t\t\t<div class=\"elementor-widget-container\">\n\t\t\t\t\t<style>.elementor-element-965a42a{display:none !important}<\/style>\t\t\t\t<\/div>\n\t\t\t\t<\/div>\n\t\t\t\t<div class=\"elementor-element elementor-element-a3b188d animated-slow elementor-invisible elementor-widget elementor-widget-heading\" data-id=\"a3b188d\" data-element_type=\"widget\" data-e-type=\"widget\" data-settings=\"{&quot;_animation&quot;:&quot;fadeInRight&quot;}\" data-no-translation=\"\" data-widget_type=\"heading.default\">\n\t\t\t\t<div class=\"elementor-widget-container\">\n\t\t\t\t\t<h2 class=\"elementor-heading-title elementor-size-default\">DEPUIS<\/h2>\t\t\t\t<\/div>\n\t\t\t\t<\/div>\n\t\t\t\t<div class=\"elementor-element elementor-element-bb675e0 animated-slow elementor-invisible elementor-widget elementor-widget-heading\" data-id=\"bb675e0\" data-element_type=\"widget\" data-e-type=\"widget\" data-settings=\"{&quot;_animation&quot;:&quot;fadeInRight&quot;}\" data-no-translation=\"\" data-widget_type=\"heading.default\">\n\t\t\t\t<div class=\"elementor-widget-container\">\n\t\t\t\t\t<style>.elementor-element-bb675e0{display:none !important}<\/style>\t\t\t\t<\/div>\n\t\t\t\t<\/div>\n\t\t\t\t<div class=\"elementor-element elementor-element-87482d5 animated-slow elementor-invisible elementor-widget elementor-widget-heading\" data-id=\"87482d5\" data-element_type=\"widget\" data-e-type=\"widget\" data-settings=\"{&quot;_animation&quot;:&quot;fadeInRight&quot;}\" data-no-translation=\"\" data-widget_type=\"heading.default\">\n\t\t\t\t<div class=\"elementor-widget-container\">\n\t\t\t\t\t<style>.elementor-element-87482d5{display:none !important}<\/style>\t\t\t\t<\/div>\n\t\t\t\t<\/div>\n\t\t\t\t<div class=\"elementor-element elementor-element-a487d5b animated-slow elementor-invisible elementor-widget elementor-widget-heading\" data-id=\"a487d5b\" data-element_type=\"widget\" data-e-type=\"widget\" data-settings=\"{&quot;_animation&quot;:&quot;fadeInRight&quot;}\" data-no-translation=\"\" data-widget_type=\"heading.default\">\n\t\t\t\t<div class=\"elementor-widget-container\">\n\t\t\t\t\t<style>.elementor-element-a487d5b{display:none !important}<\/style>\t\t\t\t<\/div>\n\t\t\t\t<\/div>\n\t\t\t\t<div class=\"elementor-element elementor-element-21fe10d animated-slow elementor-invisible elementor-widget elementor-widget-heading\" data-id=\"21fe10d\" data-element_type=\"widget\" data-e-type=\"widget\" id=\"micromic_chisiamo_anno\" data-settings=\"{&quot;_animation&quot;:&quot;fadeInRight&quot;}\" data-widget_type=\"heading.default\">\n\t\t\t\t<div class=\"elementor-widget-container\">\n\t\t\t\t\t<h2 class=\"elementor-heading-title elementor-size-default\">1989<\/h2>\t\t\t\t<\/div>\n\t\t\t\t<\/div>\n\t\t\t\t<div class=\"elementor-element elementor-element-705116d elementor-invisible elementor-widget elementor-widget-text-editor\" data-id=\"705116d\" data-element_type=\"widget\" data-e-type=\"widget\" data-settings=\"{&quot;_animation&quot;:&quot;fadeIn&quot;}\" data-no-translation=\"\" data-widget_type=\"text-editor.default\">\n\t\t\t\t<div class=\"elementor-widget-container\">\n\t\t\t\t\t<style>.elementor-element-705116d{display:none !important}<\/style>\t\t\t\t<\/div>\n\t\t\t\t<\/div>\n\t\t\t\t<div class=\"elementor-element elementor-element-26e181e elementor-invisible elementor-widget elementor-widget-text-editor\" data-id=\"26e181e\" data-element_type=\"widget\" data-e-type=\"widget\" data-settings=\"{&quot;_animation&quot;:&quot;fadeIn&quot;}\" data-no-translation=\"\" data-widget_type=\"text-editor.default\">\n\t\t\t\t<div class=\"elementor-widget-container\">\n\t\t\t\t\t<style>.elementor-element-26e181e{display:none !important}<\/style>\t\t\t\t<\/div>\n\t\t\t\t<\/div>\n\t\t\t\t<div class=\"elementor-element elementor-element-0d93cdc elementor-invisible elementor-widget elementor-widget-text-editor\" data-id=\"0d93cdc\" data-element_type=\"widget\" data-e-type=\"widget\" data-settings=\"{&quot;_animation&quot;:&quot;fadeIn&quot;}\" data-no-translation=\"\" data-widget_type=\"text-editor.default\">\n\t\t\t\t<div class=\"elementor-widget-container\">\n\t\t\t\t\t\t\t\t\t<p>Fond\u00e9e en 1989, Micromic S.r.l. est n\u00e9e de l&#8217;intuition de r\u00e9volutionner le secteur des pi\u00e8ces d\u00e9tach\u00e9es pour appareils \u00e9lectrom\u00e9nagers en proposant une alternative adaptable, mais de haute qualit\u00e9.<\/p><p>Depuis sa cr\u00e9ation, Micromic a \u00e9largi ses horizons en passant des pi\u00e8ces d\u00e9tach\u00e9es pour le petit au gros \u00e9lectrom\u00e9nager, jusqu\u2019aux pi\u00e8ces d\u00e9tach\u00e9es pour la distribution automatique, un secteur dans lequel elle op\u00e8re depuis maintenant 12 ans.<\/p>\t\t\t\t\t\t\t\t<\/div>\n\t\t\t\t<\/div>\n\t\t\t\t<div class=\"elementor-element elementor-element-5ca57f1 elementor-invisible elementor-widget elementor-widget-text-editor\" data-id=\"5ca57f1\" data-element_type=\"widget\" data-e-type=\"widget\" data-settings=\"{&quot;_animation&quot;:&quot;fadeIn&quot;}\" data-no-translation=\"\" data-widget_type=\"text-editor.default\">\n\t\t\t\t<div class=\"elementor-widget-container\">\n\t\t\t\t\t<style>.elementor-element-5ca57f1{display:none !important}<\/style>\t\t\t\t<\/div>\n\t\t\t\t<\/div>\n\t\t\t\t<div class=\"elementor-element elementor-element-fa8406b elementor-invisible elementor-widget elementor-widget-text-editor\" data-id=\"fa8406b\" data-element_type=\"widget\" data-e-type=\"widget\" data-settings=\"{&quot;_animation&quot;:&quot;fadeIn&quot;}\" data-no-translation=\"\" data-widget_type=\"text-editor.default\">\n\t\t\t\t<div class=\"elementor-widget-container\">\n\t\t\t\t\t<style>.elementor-element-fa8406b{display:none !important}<\/style>\t\t\t\t<\/div>\n\t\t\t\t<\/div>\n\t\t\t\t<div class=\"elementor-element elementor-element-037fe4a elementor-invisible elementor-widget elementor-widget-text-editor\" data-id=\"037fe4a\" data-element_type=\"widget\" data-e-type=\"widget\" data-settings=\"{&quot;_animation&quot;:&quot;fadeIn&quot;}\" data-no-translation=\"\" data-widget_type=\"text-editor.default\">\n\t\t\t\t<div class=\"elementor-widget-container\">\n\t\t\t\t\t<style>.elementor-element-037fe4a{display:none !important}<\/style>\t\t\t\t<\/div>\n\t\t\t\t<\/div>\n\t\t\t\t\t\t<\/div>\r\n\t\t\t\t<\/div>\r\n\t\t\t\t\t\t\t\t<\/div>\r\n\t\t\t<\/section>\r\n\t\t\t\t\t\t<div class=\"elementor-element elementor-element-9acb0fb e-con-full elementor-hidden-tablet elementor-hidden-mobile e-flex e-con e-parent\" data-id=\"9acb0fb\" data-element_type=\"container\" data-e-type=\"container\">\r\n\t\t\t\t\t<div class=\"elementor-element elementor-element-9ca9078 animated-slow elementor-invisible elementor-widget elementor-widget-image\" data-id=\"9ca9078\" data-element_type=\"widget\" data-e-type=\"widget\" data-settings=\"{&quot;_animation&quot;:&quot;fadeIn&quot;}\" data-widget_type=\"image.default\">\n\t\t\t\t<div class=\"elementor-widget-container\">\n\t\t\t\t\t\t\t\t\t\t\t\t\t\t\t<img loading=\"lazy\" decoding=\"async\" width=\"7917\" height=\"2500\" src=\"https:\/\/www.micromic.com\/wp-content\/uploads\/2024\/04\/BANNER_CHI_SIAMO.png\" class=\"attachment-full size-full wp-image-15133\" alt=\"\" srcset=\"https:\/\/www.micromic.com\/wp-content\/uploads\/2024\/04\/BANNER_CHI_SIAMO.png 7917w, https:\/\/www.micromic.com\/wp-content\/uploads\/2024\/04\/BANNER_CHI_SIAMO-1024x323.png 1024w, https:\/\/www.micromic.com\/wp-content\/uploads\/2024\/04\/BANNER_CHI_SIAMO-768x243.png 768w, https:\/\/www.micromic.com\/wp-content\/uploads\/2024\/04\/BANNER_CHI_SIAMO-1536x485.png 1536w, https:\/\/www.micromic.com\/wp-content\/uploads\/2024\/04\/BANNER_CHI_SIAMO-2048x647.png 2048w, https:\/\/www.micromic.com\/wp-content\/uploads\/2024\/04\/BANNER_CHI_SIAMO-600x189.png 600w\" sizes=\"auto, (max-width: 7917px) 100vw, 7917px\" \/>\t\t\t\t\t\t\t\t\t\t\t\t\t\t\t<\/div>\n\t\t\t\t<\/div>\n\t\t\r\n\t\t\t<\/div>\r\n\t\t\t\t\t<section class=\"elementor-section elementor-top-section elementor-element elementor-element-271d2ed elementor-section-content-middle elementor-section-boxed elementor-section-height-default elementor-section-height-default\" data-id=\"271d2ed\" data-element_type=\"section\" data-e-type=\"section\" data-no-translation=\"\">\r\n\t\t\t\t\t\t\t\t<div class=\"elementor-container container-fluid elementor-column-gap-default\">\r\n\t\t\t\t\r\n\t\t\t\t\t\t\t\t<div class=\"elementor-column elementor-col-100 elementor-top-column elementor-element elementor-element-1344fa5\" data-id=\"1344fa5\" data-element_type=\"column\" data-e-type=\"column\">\r\n\r\n\t\t\t\t\r\n\t\t\t\t<div class=\"elementor-widget-wrap elementor-element-populated\">\r\n\t\t\t\t\t\t\t\t\t\t\r\n\t\t\t\t\t\t<div class=\"elementor-element elementor-element-495286f animated-slow elementor-invisible elementor-widget elementor-widget-heading\" data-id=\"495286f\" data-element_type=\"widget\" data-e-type=\"widget\" data-settings=\"{&quot;_animation&quot;:&quot;fadeInRight&quot;}\" data-widget_type=\"heading.default\">\n\t\t\t\t<div class=\"elementor-widget-container\">\n\t\t\t\t\t<h2 class=\"elementor-heading-title elementor-size-default\">NOTRE<\/h2>\t\t\t\t<\/div>\n\t\t\t\t<\/div>\n\t\t\t\t<div class=\"elementor-element elementor-element-7d23104 animated-slow elementor-invisible elementor-widget elementor-widget-heading\" data-id=\"7d23104\" data-element_type=\"widget\" data-e-type=\"widget\" data-settings=\"{&quot;_animation&quot;:&quot;fadeInRight&quot;}\" data-widget_type=\"heading.default\">\n\t\t\t\t<div class=\"elementor-widget-container\">\n\t\t\t\t\t<h2 class=\"elementor-heading-title elementor-size-default\">\u00c9VOLUTION<\/h2>\t\t\t\t<\/div>\n\t\t\t\t<\/div>\n\t\t\t\t<div class=\"elementor-element elementor-element-d2f0c3c elementor-widget elementor-widget-text-editor\" data-id=\"d2f0c3c\" data-element_type=\"widget\" data-e-type=\"widget\" data-widget_type=\"text-editor.default\">\n\t\t\t\t<div class=\"elementor-widget-container\">\n\t\t\t\t\t\t\t\t\t<p>D&#8217;un petit sous-sol \u00e0 une entreprise de 10000 m\u00e8tres carr\u00e9s.<\/p><p>Une m\u00e9tamorphose qui raconte l&#8217;histoire de notre \u00e9volution faite d&#8217;engagement, de d\u00e9vouement et de passion qui nous a conduits \u00e0 \u00eatre ce que nous sommes aujourd&#8217;hui.<\/p><p>Avec plus de 40 employ\u00e9s, 10 d\u00e9partements et plus de 10000 produits, nous nous d\u00e9veloppons continuellement.<\/p>\t\t\t\t\t\t\t\t<\/div>\n\t\t\t\t<\/div>\n\t\t\t\t\t\t<\/div>\r\n\t\t\t\t<\/div>\r\n\t\t\t\t\t\t\t\t<\/div>\r\n\t\t\t<\/section>\r\n\t\t\t\t\t\t<div class=\"elementor-element elementor-element-ba65650 e-con-full elementor-hidden-tablet elementor-hidden-mobile e-flex e-con e-parent\" data-id=\"ba65650\" data-element_type=\"container\" data-e-type=\"container\">\r\n\t\t\t\t\t<div class=\"elementor-element elementor-element-ddd3600 elementor-invisible elementor-widget elementor-widget-image\" data-id=\"ddd3600\" data-element_type=\"widget\" data-e-type=\"widget\" data-settings=\"{&quot;_animation&quot;:&quot;fadeIn&quot;}\" data-widget_type=\"image.default\">\n\t\t\t\t<div class=\"elementor-widget-container\">\n\t\t\t\t\t\t\t\t\t\t\t\t\t\t\t<img loading=\"lazy\" decoding=\"async\" width=\"3958\" height=\"1250\" src=\"https:\/\/www.micromic.com\/wp-content\/uploads\/2024\/04\/BANNER_MODULA-1.png\" class=\"attachment-full size-full wp-image-15749\" alt=\"\" srcset=\"https:\/\/www.micromic.com\/wp-content\/uploads\/2024\/04\/BANNER_MODULA-1.png 3958w, https:\/\/www.micromic.com\/wp-content\/uploads\/2024\/04\/BANNER_MODULA-1-1024x323.png 1024w, https:\/\/www.micromic.com\/wp-content\/uploads\/2024\/04\/BANNER_MODULA-1-768x243.png 768w, https:\/\/www.micromic.com\/wp-content\/uploads\/2024\/04\/BANNER_MODULA-1-1536x485.png 1536w, https:\/\/www.micromic.com\/wp-content\/uploads\/2024\/04\/BANNER_MODULA-1-2048x647.png 2048w, https:\/\/www.micromic.com\/wp-content\/uploads\/2024\/04\/BANNER_MODULA-1-600x189.png 600w\" sizes=\"auto, (max-width: 3958px) 100vw, 3958px\" \/>\t\t\t\t\t\t\t\t\t\t\t\t\t\t\t<\/div>\n\t\t\t\t<\/div>\n\t\t\r\n\t\t\t<\/div>\r\n\t\t\t\t\t<section class=\"elementor-section elementor-top-section elementor-element elementor-element-1f92b0a elementor-section-content-middle elementor-section-boxed elementor-section-height-default elementor-section-height-default\" data-id=\"1f92b0a\" data-element_type=\"section\" data-e-type=\"section\" data-no-translation=\"\">\r\n\t\t\t\t\t\t\t\t<div class=\"elementor-container container-fluid elementor-column-gap-default\">\r\n\t\t\t\t\r\n\t\t\t\t\t\t\t\t<div class=\"elementor-column elementor-col-100 elementor-top-column elementor-element elementor-element-730d291\" data-id=\"730d291\" data-element_type=\"column\" data-e-type=\"column\">\r\n\r\n\t\t\t\t\r\n\t\t\t\t<div class=\"elementor-widget-wrap elementor-element-populated\">\r\n\t\t\t\t\t\t\t\t\t\t\r\n\t\t\t\t\t\t<div class=\"elementor-element elementor-element-4886c04 animated-slow elementor-invisible elementor-widget elementor-widget-heading\" data-id=\"4886c04\" data-element_type=\"widget\" data-e-type=\"widget\" data-settings=\"{&quot;_animation&quot;:&quot;fadeInRight&quot;}\" data-widget_type=\"heading.default\">\n\t\t\t\t<div class=\"elementor-widget-container\">\n\t\t\t\t\t<h2 class=\"elementor-heading-title elementor-size-default\">LE NOUVEAU<\/h2>\t\t\t\t<\/div>\n\t\t\t\t<\/div>\n\t\t\t\t<div class=\"elementor-element elementor-element-689b68a animated-slow micromic_chisiamo_sede elementor-invisible elementor-widget elementor-widget-heading\" data-id=\"689b68a\" data-element_type=\"widget\" data-e-type=\"widget\" data-settings=\"{&quot;_animation&quot;:&quot;fadeInRight&quot;}\" data-widget_type=\"heading.default\">\n\t\t\t\t<div class=\"elementor-widget-container\">\n\t\t\t\t\t<h2 class=\"elementor-heading-title elementor-size-default\">SI\u00c8GE SOCIAL<\/h2>\t\t\t\t<\/div>\n\t\t\t\t<\/div>\n\t\t\t\t<div class=\"elementor-element elementor-element-4cdad8d elementor-invisible elementor-widget elementor-widget-text-editor\" data-id=\"4cdad8d\" data-element_type=\"widget\" data-e-type=\"widget\" data-settings=\"{&quot;_animation&quot;:&quot;fadeIn&quot;}\" data-widget_type=\"text-editor.default\">\n\t\t\t\t<div class=\"elementor-widget-container\">\n\t\t\t\t\t\t\t\t\t<p>Nous avons r\u00e9cemment d\u00e9m\u00e9nag\u00e9 dans notre nouveau si\u00e8ge social situ\u00e9 \u00e0 Via Campobello, 41 \u00e0 Pomezia.<\/p><p>Un b\u00e2timent de 10000 m<sup>2<\/sup>, b\u00e9n\u00e9ficiant de :<br \/>\u2022 Un entrep\u00f4t de plus de 5000 m<sup>2<\/sup><br \/>\u2022 Une surface de 1000 m<sup>2<\/sup> d&#8217;entrep\u00f4t automatis\u00e9<br \/>\u2022 3 \u00e9tages de bureaux pour une superficie totale de 3000 m<sup>2<\/sup><br \/>\u2022 Un espace de personnalisation et de packaging<\/p>\t\t\t\t\t\t\t\t<\/div>\n\t\t\t\t<\/div>\n\t\t\t\t\t\t<\/div>\r\n\t\t\t\t<\/div>\r\n\t\t\t\t\t\t\t\t<\/div>\r\n\t\t\t<\/section>\r\n\t\t\t\t\t\t<div class=\"elementor-element elementor-element-f7a35e8 e-con-full e-flex e-con e-parent\" data-id=\"f7a35e8\" data-element_type=\"container\" data-e-type=\"container\">\r\n\t\t\t\t\t<div class=\"elementor-element elementor-element-67828cf animated-slow elementor-invisible elementor-widget elementor-widget-image\" data-id=\"67828cf\" data-element_type=\"widget\" data-e-type=\"widget\" data-settings=\"{&quot;_animation&quot;:&quot;fadeIn&quot;}\" data-widget_type=\"image.default\">\n\t\t\t\t<div class=\"elementor-widget-container\">\n\t\t\t\t\t\t\t\t\t\t\t\t\t\t\t<img loading=\"lazy\" decoding=\"async\" width=\"3958\" height=\"1250\" src=\"https:\/\/www.micromic.com\/wp-content\/uploads\/2024\/04\/BANNER_NUOVA_SEDE.png\" class=\"attachment-full size-full wp-image-15135\" alt=\"\" srcset=\"https:\/\/www.micromic.com\/wp-content\/uploads\/2024\/04\/BANNER_NUOVA_SEDE.png 3958w, https:\/\/www.micromic.com\/wp-content\/uploads\/2024\/04\/BANNER_NUOVA_SEDE-1024x323.png 1024w, https:\/\/www.micromic.com\/wp-content\/uploads\/2024\/04\/BANNER_NUOVA_SEDE-768x243.png 768w, https:\/\/www.micromic.com\/wp-content\/uploads\/2024\/04\/BANNER_NUOVA_SEDE-1536x485.png 1536w, https:\/\/www.micromic.com\/wp-content\/uploads\/2024\/04\/BANNER_NUOVA_SEDE-2048x647.png 2048w, https:\/\/www.micromic.com\/wp-content\/uploads\/2024\/04\/BANNER_NUOVA_SEDE-600x189.png 600w\" sizes=\"auto, (max-width: 3958px) 100vw, 3958px\" \/>\t\t\t\t\t\t\t\t\t\t\t\t\t\t\t<\/div>\n\t\t\t\t<\/div>\n\t\t\r\n\t\t\t<\/div>\r\n\t\t\t\t\t<\/div>","protected":false},"excerpt":{"rendered":"<p>since 1989 Fondata nel 1989, Micromic S.r.l. nasce dall\u2019intuizione di rivoluzionare il settore dei ricambi per elettrodomestici offrendo un\u2019alternativa adattabile, ma di alta qualit\u00e0. Dalla fondazione a oggi Micromic ha ampliato i suoi orizzonti espandendosi dai ricambi per piccoli ai grandi elettrodomestici, spingendosi fino alla ricambistica del vending,&nbsp;settore nel quale opera ormai da 12 anni. [&hellip;]<\/p>\n","protected":false},"author":1,"featured_media":0,"parent":0,"menu_order":0,"comment_status":"closed","ping_status":"closed","template":"","meta":{"footnotes":""},"class_list":["post-75","page","type-page","status-publish","hentry"],"_links":{"self":[{"href":"https:\/\/www.micromic.com\/fr\/wp-json\/wp\/v2\/pages\/75","targetHints":{"allow":["GET"]}}],"collection":[{"href":"https:\/\/www.micromic.com\/fr\/wp-json\/wp\/v2\/pages"}],"about":[{"href":"https:\/\/www.micromic.com\/fr\/wp-json\/wp\/v2\/types\/page"}],"author":[{"embeddable":true,"href":"https:\/\/www.micromic.com\/fr\/wp-json\/wp\/v2\/users\/1"}],"replies":[{"embeddable":true,"href":"https:\/\/www.micromic.com\/fr\/wp-json\/wp\/v2\/comments?post=75"}],"version-history":[{"count":0,"href":"https:\/\/www.micromic.com\/fr\/wp-json\/wp\/v2\/pages\/75\/revisions"}],"wp:attachment":[{"href":"https:\/\/www.micromic.com\/fr\/wp-json\/wp\/v2\/media?parent=75"}],"curies":[{"name":"wp","href":"https:\/\/api.w.org\/{rel}","templated":true}]}}