{"id":74033,"date":"2025-02-19T11:27:46","date_gmt":"2025-02-19T10:27:46","guid":{"rendered":"https:\/\/www.micromic.com\/?page_id=74033"},"modified":"2025-02-26T06:31:09","modified_gmt":"2025-02-26T05:31:09","slug":"quality-policy","status":"publish","type":"page","link":"https:\/\/www.micromic.com\/ru\/quality-policy\/","title":{"rendered":"Quality Policy"},"content":{"rendered":"<div data-elementor-type=\"wp-page\" data-elementor-id=\"74033\" class=\"elementor elementor-74033\">\n\t\t\t\t\t\t\t<div class=\"elementor-element elementor-element-a9fb594 e-flex e-con-boxed e-con e-parent\" data-id=\"a9fb594\" data-element_type=\"container\" data-e-type=\"container\">\r\n\t\t\t\t\t\t\t<div class=\"e-con-inner\">\r\n\t\t\t\t\t\t<div class=\"elementor-element elementor-element-f629983 elementor-widget elementor-widget-heading\" data-id=\"f629983\" data-element_type=\"widget\" data-e-type=\"widget\" data-no-translation=\"\" data-widget_type=\"heading.default\">\n\t\t\t\t<div class=\"elementor-widget-container\">\n\t\t\t\t\t<style>.elementor-element-f629983{display:none !important}<\/style>\t\t\t\t<\/div>\n\t\t\t\t<\/div>\n\t\t\t\t<div class=\"elementor-element elementor-element-9295cbd elementor-widget elementor-widget-heading\" data-id=\"9295cbd\" data-element_type=\"widget\" data-e-type=\"widget\" data-no-translation=\"\" data-widget_type=\"heading.default\">\n\t\t\t\t<div class=\"elementor-widget-container\">\n\t\t\t\t\t<style>.elementor-element-9295cbd{display:none !important}<\/style>\t\t\t\t<\/div>\n\t\t\t\t<\/div>\n\t\t\t\t<div class=\"elementor-element elementor-element-f397890 elementor-widget elementor-widget-heading\" data-id=\"f397890\" data-element_type=\"widget\" data-e-type=\"widget\" data-no-translation=\"\" data-widget_type=\"heading.default\">\n\t\t\t\t<div class=\"elementor-widget-container\">\n\t\t\t\t\t<style>.elementor-element-f397890{display:none !important}<\/style>\t\t\t\t<\/div>\n\t\t\t\t<\/div>\n\t\t\t\t<div class=\"elementor-element elementor-element-12bae82 elementor-widget elementor-widget-heading\" data-id=\"12bae82\" data-element_type=\"widget\" data-e-type=\"widget\" data-no-translation=\"\" data-widget_type=\"heading.default\">\n\t\t\t\t<div class=\"elementor-widget-container\">\n\t\t\t\t\t<style>.elementor-element-12bae82{display:none !important}<\/style>\t\t\t\t<\/div>\n\t\t\t\t<\/div>\n\t\t\t\t<div class=\"elementor-element elementor-element-c36d6de elementor-widget elementor-widget-heading\" data-id=\"c36d6de\" data-element_type=\"widget\" data-e-type=\"widget\" data-no-translation=\"\" data-widget_type=\"heading.default\">\n\t\t\t\t<div class=\"elementor-widget-container\">\n\t\t\t\t\t<style>.elementor-element-c36d6de{display:none !important}<\/style>\t\t\t\t<\/div>\n\t\t\t\t<\/div>\n\t\t\t\t<div class=\"elementor-element elementor-element-4cde00c elementor-widget elementor-widget-heading\" data-id=\"4cde00c\" data-element_type=\"widget\" data-e-type=\"widget\" data-no-translation=\"\" data-widget_type=\"heading.default\">\n\t\t\t\t<div class=\"elementor-widget-container\">\n\t\t\t\t\t<h1 class=\"elementor-heading-title elementor-size-default\"><span style=\"color:#A0C230\">\u041f\u043e\u043b\u0438\u0442\u0438\u043a\u0430<\/span> <span style=\"color:#1f96d2\">\u043a\u0430\u0447\u0435\u0441\u0442\u0432\u0430<\/span><\/h1>\t\t\t\t<\/div>\n\t\t\t\t<\/div>\n\t\t\t\t\t\t<\/div>\r\n\t\t\t\t\r\n\t\t\t<\/div>\r\n\t\t\t\t\t\t<div class=\"elementor-element elementor-element-3a445c4 e-flex e-con-boxed e-con e-parent\" data-id=\"3a445c4\" data-element_type=\"container\" data-e-type=\"container\">\r\n\t\t\t\t\t\t\t<div class=\"e-con-inner\">\r\n\t\t\t\t\t\t<div class=\"elementor-element elementor-element-76caabb elementor-widget elementor-widget-spacer\" data-id=\"76caabb\" data-element_type=\"widget\" data-e-type=\"widget\" data-widget_type=\"spacer.default\">\n\t\t\t\t<div class=\"elementor-widget-container\">\n\t\t\t\t\t\t\t<div class=\"elementor-spacer\">\n\t\t\t<div class=\"elementor-spacer-inner\"><\/div>\n\t\t<\/div>\n\t\t\t\t\t\t<\/div>\n\t\t\t\t<\/div>\n\t\t\t\t<div class=\"elementor-element elementor-element-0dec02d elementor-widget elementor-widget-text-editor\" data-id=\"0dec02d\" data-element_type=\"widget\" data-e-type=\"widget\" data-no-translation=\"\" data-widget_type=\"text-editor.default\">\n\t\t\t\t<div class=\"elementor-widget-container\">\n\t\t\t\t\t<style>.elementor-element-0dec02d{display:none !important}<\/style>\t\t\t\t<\/div>\n\t\t\t\t<\/div>\n\t\t\t\t<div class=\"elementor-element elementor-element-701b64e elementor-widget elementor-widget-text-editor\" data-id=\"701b64e\" data-element_type=\"widget\" data-e-type=\"widget\" data-no-translation=\"\" data-widget_type=\"text-editor.default\">\n\t\t\t\t<div class=\"elementor-widget-container\">\n\t\t\t\t\t<style>.elementor-element-701b64e{display:none !important}<\/style>\t\t\t\t<\/div>\n\t\t\t\t<\/div>\n\t\t\t\t<div class=\"elementor-element elementor-element-7eb7bb8 elementor-widget elementor-widget-text-editor\" data-id=\"7eb7bb8\" data-element_type=\"widget\" data-e-type=\"widget\" data-no-translation=\"\" data-widget_type=\"text-editor.default\">\n\t\t\t\t<div class=\"elementor-widget-container\">\n\t\t\t\t\t<style>.elementor-element-7eb7bb8{display:none !important}<\/style>\t\t\t\t<\/div>\n\t\t\t\t<\/div>\n\t\t\t\t<div class=\"elementor-element elementor-element-8e384af elementor-widget elementor-widget-text-editor\" data-id=\"8e384af\" data-element_type=\"widget\" data-e-type=\"widget\" data-no-translation=\"\" data-widget_type=\"text-editor.default\">\n\t\t\t\t<div class=\"elementor-widget-container\">\n\t\t\t\t\t<style>.elementor-element-8e384af{display:none !important}<\/style>\t\t\t\t<\/div>\n\t\t\t\t<\/div>\n\t\t\t\t<div class=\"elementor-element elementor-element-ac4a996 elementor-widget elementor-widget-text-editor\" data-id=\"ac4a996\" data-element_type=\"widget\" data-e-type=\"widget\" data-no-translation=\"\" data-widget_type=\"text-editor.default\">\n\t\t\t\t<div class=\"elementor-widget-container\">\n\t\t\t\t\t<style>.elementor-element-ac4a996{display:none !important}<\/style>\t\t\t\t<\/div>\n\t\t\t\t<\/div>\n\t\t\t\t<div class=\"elementor-element elementor-element-2b91257 elementor-widget elementor-widget-text-editor\" data-id=\"2b91257\" data-element_type=\"widget\" data-e-type=\"widget\" data-no-translation=\"\" data-widget_type=\"text-editor.default\">\n\t\t\t\t<div class=\"elementor-widget-container\">\n\t\t\t\t\t\t\t\t\t<p>\u041c\u044b \u043f\u0440\u0435\u0434\u043b\u0430\u0433\u0430\u0435\u043c \u043d\u0430\u0448\u0438\u043c \u043a\u043b\u0438\u0435\u043d\u0442\u0430\u043c \u044d\u0442\u0438\u0447\u043d\u0443\u044e \u0438 \u0443\u0441\u0442\u043e\u0439\u0447\u0438\u0432\u0443\u044e \u0432\u043e\u0437\u043c\u043e\u0436\u043d\u043e\u0441\u0442\u044c \u0431\u043b\u0430\u0433\u043e\u0434\u0430\u0440\u044f \u0432\u044b\u0441\u043e\u043a\u043e\u043a\u0430\u0447\u0435\u0441\u0442\u0432\u0435\u043d\u043d\u044b\u043c \u0437\u0430\u043f\u0430\u0441\u043d\u044b\u043c \u0447\u0430\u0441\u0442\u044f\u043c \u0438 \u0430\u043a\u0441\u0435\u0441\u0441\u0443\u0430\u0440\u0430\u043c \u0434\u043b\u044f \u0431\u044b\u0442\u043e\u0432\u043e\u0439 \u0442\u0435\u0445\u043d\u0438\u043a\u0438, \u0442\u043e\u0440\u0433\u043e\u0432\u044b\u0445 \u0430\u0432\u0442\u043e\u043c\u0430\u0442\u043e\u0432, \u043f\u0440\u043e\u0444\u0435\u0441\u0441\u0438\u043e\u043d\u0430\u043b\u044c\u043d\u043e\u0433\u043e \u043a\u043e\u0444\u0435\u0439\u043d\u043e\u0433\u043e \u043e\u0431\u043e\u0440\u0443\u0434\u043e\u0432\u0430\u043d\u0438\u044f, \u043a\u043e\u043c\u043c\u0435\u0440\u0447\u0435\u0441\u043a\u043e\u0433\u043e \u0445\u043e\u043b\u043e\u0434\u0438\u043b\u044c\u043d\u043e\u0433\u043e \u043e\u0431\u043e\u0440\u0443\u0434\u043e\u0432\u0430\u043d\u0438\u044f \u0434\u043b\u044f \u0440\u0435\u0441\u0442\u043e\u0440\u0430\u043d\u043d\u043e\u0433\u043e \u0431\u0438\u0437\u043d\u0435\u0441\u0430, Ho.Re.Ca., \u0430 \u0442\u0430\u043a\u0436\u0435 \u043e\u0440\u0433\u0430\u043d\u0438\u0437\u043e\u0432\u0430\u043d\u043d\u043e\u0433\u043e \u0440\u0430\u0441\u043f\u0440\u0435\u0434\u0435\u043b\u0435\u043d\u0438\u044f \u0432\u044b\u0441\u043e\u043a\u043e\u0442\u0435\u0445\u043d\u043e\u043b\u043e\u0433\u0438\u0447\u043d\u043e\u0439 \u043f\u0440\u043e\u0434\u0443\u043a\u0446\u0438\u0438, \u0440\u0430\u0437\u0432\u0438\u0432\u0430\u044f \u043a\u043e\u043c\u043c\u0435\u0440\u0447\u0435\u0441\u043a\u0438\u0435 \u043f\u0430\u0440\u0442\u043d\u0435\u0440\u0441\u0442\u0432\u0430 \u0438 \u043f\u0440\u0435\u0434\u043b\u0430\u0433\u0430\u044f \u0431\u044b\u0441\u0442\u0440\u044b\u0435 \u0440\u0435\u0448\u0435\u043d\u0438\u044f, \u0441\u043e\u043e\u0442\u0432\u0435\u0442\u0441\u0442\u0432\u0443\u044e\u0449\u0438\u0435 \u0440\u044b\u043d\u043e\u0447\u043d\u044b\u043c \u0441\u0442\u0430\u043d\u0434\u0430\u0440\u0442\u0430\u043c.<\/p><p>\u041d\u0430\u0448\u0430 \u0441\u0442\u0440\u0430\u0442\u0435\u0433\u0438\u0447\u0435\u0441\u043a\u0430\u044f \u0446\u0435\u043b\u044c \u2014 \u0441\u0442\u0430\u0442\u044c \u044d\u0442\u0430\u043b\u043e\u043d\u043e\u043c \u043a\u0430\u0447\u0435\u0441\u0442\u0432\u0430 \u0438 \u0441\u0435\u0440\u0432\u0438\u0441\u0430 \u0432 \u0441\u0435\u043a\u0442\u043e\u0440\u0435 \u0437\u0430\u043f\u0430\u0441\u043d\u044b\u0445 \u0447\u0430\u0441\u0442\u0435\u0439 \u0438 \u0430\u043a\u0441\u0435\u0441\u0441\u0443\u0430\u0440\u043e\u0432 \u0434\u043b\u044f \u043e\u0440\u0438\u0433\u0438\u043d\u0430\u043b\u044c\u043d\u043e\u0439 \u0438 \u0441\u043e\u0432\u043c\u0435\u0441\u0442\u0438\u043c\u043e\u0439 \u043f\u0440\u043e\u0434\u0443\u043a\u0446\u0438\u0438, \u0432\u043a\u043b\u044e\u0447\u0430\u044f \u0431\u044b\u0442\u043e\u0432\u0443\u044e \u0442\u0435\u0445\u043d\u0438\u043a\u0443, \u0442\u043e\u0440\u0433\u043e\u0432\u044b\u0435 \u0430\u0432\u0442\u043e\u043c\u0430\u0442\u044b, \u043f\u0440\u043e\u0444\u0435\u0441\u0441\u0438\u043e\u043d\u0430\u043b\u044c\u043d\u044b\u0435 \u043a\u043e\u0444\u0435\u043c\u0430\u0448\u0438\u043d\u044b, Ho.Re.Ca., \u0430 \u0442\u0430\u043a\u0436\u0435 \u043e\u0440\u0433\u0430\u043d\u0438\u0437\u043e\u0432\u0430\u043d\u043d\u043e\u0435 \u0440\u0430\u0441\u043f\u0440\u0435\u0434\u0435\u043b\u0435\u043d\u0438\u0435 \u0432\u044b\u0441\u043e\u043a\u043e\u0442\u0435\u0445\u043d\u043e\u043b\u043e\u0433\u0438\u0447\u043d\u043e\u0439 \u043f\u0440\u043e\u0434\u0443\u043a\u0446\u0438\u0438, \u0430\u0434\u0430\u043f\u0442\u0438\u0440\u0443\u044f\u0441\u044c \u043a \u0440\u044b\u043d\u043a\u0443 \u0438 \u0434\u043e\u0441\u0442\u0438\u0433\u0430\u044f \u043d\u0430\u0448\u0438\u0445 \u0446\u0435\u043b\u0435\u0439 \u0440\u043e\u0441\u0442\u0430.<\/p><p>\u0414\u043b\u044f \u0434\u043e\u0441\u0442\u0438\u0436\u0435\u043d\u0438\u044f \u044d\u0442\u043e\u0439 \u0441\u0442\u0440\u0430\u0442\u0435\u0433\u0438\u0447\u0435\u0441\u043a\u043e\u0439 \u0446\u0435\u043b\u0438 \u043a\u043e\u043c\u043f\u0430\u043d\u0438\u044f MICROMIC \u0441\u0442\u0440\u0435\u043c\u0438\u0442\u0441\u044f:<\/p><ul><li>\u043c\u0430\u043a\u0441\u0438\u043c\u0430\u043b\u044c\u043d\u043e \u0438\u0441\u043f\u043e\u043b\u044c\u0437\u043e\u0432\u0430\u0442\u044c \u043d\u0430\u0448\u0443 \u043a\u043e\u043c\u0430\u043d\u0434\u043d\u0443\u044e \u0441\u043f\u043b\u043e\u0447\u0435\u043d\u043d\u043e\u0441\u0442\u044c, \u0432\u043d\u0443\u0442\u0440\u0435\u043d\u043d\u0438\u0435 \u0438 \u0432\u043d\u0435\u0448\u043d\u0438\u0435 \u0441\u0432\u044f\u0437\u0438, \u043f\u0440\u0438\u0441\u0443\u0442\u0441\u0442\u0432\u0438\u0435 \u0432 \u043d\u043e\u0432\u044b\u0445 \u0441\u0435\u043a\u0442\u043e\u0440\u0430\u0445, \u0433\u0438\u0431\u043a\u043e\u0441\u0442\u044c, \u0430 \u0442\u0430\u043a\u0436\u0435 \u0432 \u043e\u0441\u043e\u0431\u0435\u043d\u043d\u043e\u0441\u0442\u0438 \u043d\u0430\u0448\u0443 \u0432\u043e\u043b\u044e, \u0441\u0442\u0440\u0435\u043c\u043b\u0435\u043d\u0438\u0435 \u043a \u0440\u043e\u0441\u0442\u0443 \u0438 \u0440\u0435\u0448\u0438\u043c\u043e\u0441\u0442\u044c \u0434\u043e\u0441\u0442\u0438\u0433\u0430\u0442\u044c \u0446\u0435\u043b\u0435\u0439, \u043a\u043e\u0442\u043e\u0440\u044b\u0435 \u043d\u0430\u0441 \u0445\u0430\u0440\u0430\u043a\u0442\u0435\u0440\u0438\u0437\u0443\u044e\u0442;\u00a0\u00a0<\/li><li>\u0443\u043a\u0440\u0435\u043f\u043b\u044f\u0442\u044c \u0432\u043d\u0435\u0448\u043d\u0438\u0435 \u0438 \u0432\u043d\u0443\u0442\u0440\u0435\u043d\u043d\u0438\u0435 \u0441\u0432\u044f\u0437\u0438, \u0440\u0430\u0441\u0448\u0438\u0440\u044f\u0442\u044c \u0430\u0441\u0441\u043e\u0440\u0442\u0438\u043c\u0435\u043d\u0442 \u043f\u0440\u043e\u0434\u0443\u043a\u0446\u0438\u0438, \u043f\u0440\u0435\u0434\u043e\u0441\u0442\u0430\u0432\u043b\u044f\u0442\u044c \u0442\u0435\u0445\u043d\u0438\u0447\u0435\u0441\u043a\u0443\u044e \u043f\u043e\u0434\u0434\u0435\u0440\u0436\u043a\u0443 \u0438 \u043e\u0441\u0432\u0430\u0438\u0432\u0430\u0442\u044c \u043d\u043e\u0432\u044b\u0435 \u0440\u044b\u043d\u043e\u0447\u043d\u044b\u0435 \u043d\u0438\u0448\u0438;\u00a0\u00a0<\/li><li>\u0443\u043b\u0443\u0447\u0448\u0430\u0442\u044c \u0433\u0438\u0431\u043a\u043e\u0441\u0442\u044c \u0434\u043b\u044f \u0430\u0434\u0430\u043f\u0442\u0430\u0446\u0438\u0438 \u043a \u0442\u0440\u0435\u0431\u043e\u0432\u0430\u043d\u0438\u044f\u043c \u0440\u044b\u043d\u043a\u0430 \u0438 \u043a\u043b\u0438\u0435\u043d\u0442\u043e\u0432 \u2013 \u0430 \u043f\u0440\u0438 \u0432\u043e\u0437\u043c\u043e\u0436\u043d\u043e\u0441\u0442\u0438 \u043f\u0440\u0435\u0432\u043e\u0441\u0445\u043e\u0434\u0438\u0442\u044c \u0438\u0445, \u0440\u0430\u0441\u0448\u0438\u0440\u044f\u0442\u044c \u0430\u0441\u0441\u043e\u0440\u0442\u0438\u043c\u0435\u043d\u0442 \u043f\u0440\u043e\u0434\u0443\u043a\u0446\u0438\u0438, \u0441\u043e\u0432\u0435\u0440\u0448\u0435\u043d\u0441\u0442\u0432\u043e\u0432\u0430\u0442\u044c \u043f\u0440\u043e\u0446\u0435\u0441\u0441\u044b \u0438 \u043b\u043e\u0433\u0438\u0441\u0442\u0438\u043a\u0443, \u043e\u0431\u0435\u0441\u043f\u0435\u0447\u0438\u0432\u0430\u044f \u0438\u0445 \u0433\u043e\u0442\u043e\u0432\u043d\u043e\u0441\u0442\u044c \u043a \u0441\u0442\u0438\u043c\u0443\u043b\u0438\u0440\u043e\u0432\u0430\u043d\u0438\u044e \u0440\u043e\u0441\u0442\u0430 \u043a\u043e\u043c\u043f\u0430\u043d\u0438\u0438;\u00a0\u00a0<\/li><li>\u0438\u0434\u0435\u043d\u0442\u0438\u0444\u0438\u0446\u0438\u0440\u043e\u0432\u0430\u0442\u044c \u0444\u0430\u043a\u0442\u043e\u0440\u044b, \u043a\u043e\u0442\u043e\u0440\u044b\u0435 \u043c\u043e\u0433\u0443\u0442 \u043e\u0442\u043a\u043b\u043e\u043d\u044f\u0442\u044c \u043d\u0430\u0448\u0438 \u043f\u0440\u043e\u0446\u0435\u0441\u0441\u044b \u0438 \u0441\u0438\u0441\u0442\u0435\u043c\u0443 \u043a\u0430\u0447\u0435\u0441\u0442\u0432\u0430 \u043e\u0442 \u043e\u0436\u0438\u0434\u0430\u0435\u043c\u044b\u0445 \u0440\u0435\u0437\u0443\u043b\u044c\u0442\u0430\u0442\u043e\u0432, \u0430 \u0442\u0430\u043a\u0436\u0435 \u0432\u043d\u0435\u0434\u0440\u044f\u0442\u044c \u043f\u0440\u0435\u0432\u0435\u043d\u0442\u0438\u0432\u043d\u044b\u0439 \u043a\u043e\u043d\u0442\u0440\u043e\u043b\u044c \u0434\u043b\u044f \u043f\u0440\u0435\u043e\u0434\u043e\u043b\u0435\u043d\u0438\u044f \u0443\u0433\u0440\u043e\u0437 \u0432 \u043d\u0430\u0448\u0435\u0439 \u044d\u043a\u043e\u0441\u0438\u0441\u0442\u0435\u043c\u0435, \u043c\u0438\u043d\u0438\u043c\u0438\u0437\u0430\u0446\u0438\u0438 \u043d\u0435\u0433\u0430\u0442\u0438\u0432\u043d\u044b\u0445 \u043f\u043e\u0441\u043b\u0435\u0434\u0441\u0442\u0432\u0438\u0439 \u0438 \u043c\u0430\u043a\u0441\u0438\u043c\u0438\u0437\u0430\u0446\u0438\u0438 \u0432\u043e\u0437\u043c\u043e\u0436\u043d\u043e\u0441\u0442\u0435\u0439;\u00a0\u00a0<\/li><li>\u0441\u0442\u0440\u0435\u043c\u0438\u0442\u044c\u0441\u044f \u043a \u0443\u0434\u043e\u0432\u043b\u0435\u0442\u0432\u043e\u0440\u0435\u043d\u0438\u044e \u0442\u0440\u0435\u0431\u043e\u0432\u0430\u043d\u0438\u0439 \u043a\u043b\u0438\u0435\u043d\u0442\u043e\u0432 \u0438 \u0434\u0435\u043b\u043e\u0432\u044b\u0445 \u043f\u0430\u0440\u0442\u043d\u0435\u0440\u043e\u0432, \u043e\u0431\u0435\u0441\u043f\u0435\u0447\u0438\u0432\u0430\u0442\u044c \u0441\u043e\u043e\u0442\u0432\u0435\u0442\u0441\u0442\u0432\u0438\u0435 MICROMIC \u0438 \u0435\u0433\u043e \u043f\u0440\u043e\u0434\u0443\u043a\u0446\u0438\u0438 \u043e\u0431\u044f\u0437\u0430\u0442\u0435\u043b\u044c\u0441\u0442\u0432\u0430\u043c \u0438 \u043f\u043e\u0441\u0442\u043e\u044f\u043d\u043d\u043e \u0441\u043e\u0432\u0435\u0440\u0448\u0435\u043d\u0441\u0442\u0432\u043e\u0432\u0430\u0442\u044c \u0441\u0438\u0441\u0442\u0435\u043c\u0443 \u0443\u043f\u0440\u0430\u0432\u043b\u0435\u043d\u0438\u044f \u043a\u0430\u0447\u0435\u0441\u0442\u0432\u043e\u043c.<\/li><\/ul>\t\t\t\t\t\t\t\t<\/div>\n\t\t\t\t<\/div>\n\t\t\t\t<div class=\"elementor-element elementor-element-28a62cf elementor-widget elementor-widget-spacer\" data-id=\"28a62cf\" data-element_type=\"widget\" data-e-type=\"widget\" data-widget_type=\"spacer.default\">\n\t\t\t\t<div class=\"elementor-widget-container\">\n\t\t\t\t\t\t\t<div class=\"elementor-spacer\">\n\t\t\t<div class=\"elementor-spacer-inner\"><\/div>\n\t\t<\/div>\n\t\t\t\t\t\t<\/div>\n\t\t\t\t<\/div>\n\t\t\t\t<div class=\"elementor-element elementor-element-40908aa elementor-widget elementor-widget-text-editor\" data-id=\"40908aa\" data-element_type=\"widget\" data-e-type=\"widget\" data-widget_type=\"text-editor.default\">\n\t\t\t\t<div class=\"elementor-widget-container\">\n\t\t\t\t\t\t\t\t\t<p>Rev_12-09-2024\u00a0<\/p>\t\t\t\t\t\t\t\t<\/div>\n\t\t\t\t<\/div>\n\t\t\t\t\t\t<\/div>\r\n\t\t\t\t\r\n\t\t\t<\/div>\r\n\t\t\t\t\t<\/div>","protected":false},"excerpt":{"rendered":"<p>POLITICA DELLA QUALIT\u00c1 Offriamo ai nostri clienti un\u2019opportunit\u00e0 etica e sostenibile attraverso ricambi ed accessori di alta qualit\u00e0 per elettrodomestici, distributori automatici, caff\u00e8 professionale, refrigerazione commerciale per la ristorazione, Ho.Re.Ca. e nella distribuzione organizzata di prodotti ad elevato valore tecnologico, mediante lo sviluppo di partnership commerciali e soluzioni rapide e rispettose degli standard di mercato. [&hellip;]<\/p>\n","protected":false},"author":1,"featured_media":0,"parent":0,"menu_order":0,"comment_status":"closed","ping_status":"closed","template":"","meta":{"footnotes":""},"class_list":["post-74033","page","type-page","status-publish","hentry"],"_links":{"self":[{"href":"https:\/\/www.micromic.com\/ru\/wp-json\/wp\/v2\/pages\/74033","targetHints":{"allow":["GET"]}}],"collection":[{"href":"https:\/\/www.micromic.com\/ru\/wp-json\/wp\/v2\/pages"}],"about":[{"href":"https:\/\/www.micromic.com\/ru\/wp-json\/wp\/v2\/types\/page"}],"author":[{"embeddable":true,"href":"https:\/\/www.micromic.com\/ru\/wp-json\/wp\/v2\/users\/1"}],"replies":[{"embeddable":true,"href":"https:\/\/www.micromic.com\/ru\/wp-json\/wp\/v2\/comments?post=74033"}],"version-history":[{"count":58,"href":"https:\/\/www.micromic.com\/ru\/wp-json\/wp\/v2\/pages\/74033\/revisions"}],"predecessor-version":[{"id":74469,"href":"https:\/\/www.micromic.com\/ru\/wp-json\/wp\/v2\/pages\/74033\/revisions\/74469"}],"wp:attachment":[{"href":"https:\/\/www.micromic.com\/ru\/wp-json\/wp\/v2\/media?parent=74033"}],"curies":[{"name":"wp","href":"https:\/\/api.w.org\/{rel}","templated":true}]}}