{"id":121052,"date":"2025-04-04T16:16:06","date_gmt":"2025-04-04T14:16:06","guid":{"rendered":"https:\/\/www.micromic.com\/product\/piattelli-kit-4pz1grande-o99mm2-medi-o-69mm1-piccoloo44mm-smaltati-neri\/"},"modified":"2026-01-20T14:54:21","modified_gmt":"2026-01-20T13:54:21","slug":"piattelli-kit-4pz1grande-o99mm2-medi-o-69mm1-piccoloo44mm-smaltati-neri","status":"publish","type":"product","link":"https:\/\/www.micromic.com\/ru\/product\/piattelli-kit-4pz1grande-o99mm2-medi-o-69mm1-piccoloo44mm-smaltati-neri\/","title":{"rendered":"Piattelli kit 4Pz,1grande \u00d899mm,2 medi \u00d8 69mm,1 piccolo\u00d844mm smaltati neri."},"content":{"rendered":"","protected":false},"excerpt":{"rendered":"","protected":false},"featured_media":298579,"template":"","meta":[],"product_brand":[4694],"product_cat":[4457,4705,4419,5542],"product_tag":[],"class_list":{"0":"post-121052","1":"product","2":"type-product","3":"status-publish","4":"has-post-thumbnail","6":"product_brand-indesit-ariston","7":"product_cat-cottura","8":"product_cat-cucine-e-piani-cottura","9":"product_cat-domestico","10":"product_cat-piattello-cucine-e-piani-cottura","12":"first","13":"instock","14":"shipping-taxable","15":"purchasable","16":"product-type-simple"},"_links":{"self":[{"href":"https:\/\/www.micromic.com\/ru\/wp-json\/wp\/v2\/product\/121052","targetHints":{"allow":["GET"]}}],"collection":[{"href":"https:\/\/www.micromic.com\/ru\/wp-json\/wp\/v2\/product"}],"about":[{"href":"https:\/\/www.micromic.com\/ru\/wp-json\/wp\/v2\/types\/product"}],"wp:featuredmedia":[{"embeddable":true,"href":"https:\/\/www.micromic.com\/ru\/wp-json\/wp\/v2\/media\/298579"}],"wp:attachment":[{"href":"https:\/\/www.micromic.com\/ru\/wp-json\/wp\/v2\/media?parent=121052"}],"wp:term":[{"taxonomy":"product_brand","embeddable":true,"href":"https:\/\/www.micromic.com\/ru\/wp-json\/wp\/v2\/product_brand?post=121052"},{"taxonomy":"product_cat","embeddable":true,"href":"https:\/\/www.micromic.com\/ru\/wp-json\/wp\/v2\/product_cat?post=121052"},{"taxonomy":"product_tag","embeddable":true,"href":"https:\/\/www.micromic.com\/ru\/wp-json\/wp\/v2\/product_tag?post=121052"}],"curies":[{"name":"wp","href":"https:\/\/api.w.org\/{rel}","templated":true}]}}