{"id":121323,"date":"2025-04-04T16:23:21","date_gmt":"2025-04-04T14:23:21","guid":{"rendered":"https:\/\/www.micromic.com\/product\/piattelli-kit-4pz-1-grande-o98mm-2-med-o74mm-1-piccolo-o54mm-smaltati-neri\/"},"modified":"2026-01-20T15:16:04","modified_gmt":"2026-01-20T14:16:04","slug":"piattelli-kit-4pz-1-grande-o98mm-2-med-o74mm-1-piccolo-o54mm-smaltati-neri","status":"publish","type":"product","link":"https:\/\/www.micromic.com\/ru\/product\/piattelli-kit-4pz-1-grande-o98mm-2-med-o74mm-1-piccolo-o54mm-smaltati-neri\/","title":{"rendered":"Piattelli kit 4Pz, 1 grande \u00d898mm, 2 med \u00d874mm. 1 piccolo \u00d854mm smaltati neri"},"content":{"rendered":"","protected":false},"excerpt":{"rendered":"","protected":false},"featured_media":298651,"template":"","meta":[],"product_brand":[4703],"product_cat":[4457,4705,4419,5542],"product_tag":[],"class_list":{"0":"post-121323","1":"product","2":"type-product","3":"status-publish","4":"has-post-thumbnail","6":"product_brand-whirlpool","7":"product_cat-cottura","8":"product_cat-cucine-e-piani-cottura","9":"product_cat-domestico","10":"product_cat-piattello-cucine-e-piani-cottura","12":"first","13":"instock","14":"shipping-taxable","15":"purchasable","16":"product-type-simple"},"_links":{"self":[{"href":"https:\/\/www.micromic.com\/ru\/wp-json\/wp\/v2\/product\/121323","targetHints":{"allow":["GET"]}}],"collection":[{"href":"https:\/\/www.micromic.com\/ru\/wp-json\/wp\/v2\/product"}],"about":[{"href":"https:\/\/www.micromic.com\/ru\/wp-json\/wp\/v2\/types\/product"}],"wp:featuredmedia":[{"embeddable":true,"href":"https:\/\/www.micromic.com\/ru\/wp-json\/wp\/v2\/media\/298651"}],"wp:attachment":[{"href":"https:\/\/www.micromic.com\/ru\/wp-json\/wp\/v2\/media?parent=121323"}],"wp:term":[{"taxonomy":"product_brand","embeddable":true,"href":"https:\/\/www.micromic.com\/ru\/wp-json\/wp\/v2\/product_brand?post=121323"},{"taxonomy":"product_cat","embeddable":true,"href":"https:\/\/www.micromic.com\/ru\/wp-json\/wp\/v2\/product_cat?post=121323"},{"taxonomy":"product_tag","embeddable":true,"href":"https:\/\/www.micromic.com\/ru\/wp-json\/wp\/v2\/product_tag?post=121323"}],"curies":[{"name":"wp","href":"https:\/\/api.w.org\/{rel}","templated":true}]}}